{"id":6409,"date":"2024-03-06T09:57:07","date_gmt":"2024-03-06T08:57:07","guid":{"rendered":"https:\/\/cargomesh.com\/product\/rp001set2-comparison-number-7700822908-7700822906-7700803635\/"},"modified":"2025-12-11T16:17:50","modified_gmt":"2025-12-11T15:17:50","slug":"7700822908-7700822906-7700803635","status":"publish","type":"product","link":"https:\/\/cargomesh.com\/en\/product\/7700822908-7700822906-7700803635\/","title":{"rendered":"RP001SET2 Spring Seat &#038; Bearing Kit \u2013 7700822908 7700822906 7700803635 for Renault Espace III Laguna I Avantime"},"content":{"rendered":"<div class=\"col-lg-6 s_col_no_bgcolor pb0\">\n<div class=\"row\">\n<div class=\"col-lg-12 o_colored_level pb0 pt0\" data-name=\"Box\">\n<div class=\"s_features_grid_content\">\n<h6 class=\"sr-only\">ChatGPT:<\/h6>\n<div class=\"text-base my-auto mx-auto pb-10 [--thread-content-margin:--spacing(4)] @w-sm\/main:[--thread-content-margin:--spacing(6)] @w-lg\/main:[--thread-content-margin:--spacing(16)] px-(--thread-content-margin)\">\n<div class=\"[--thread-content-max-width:40rem] @w-lg\/main:[--thread-content-max-width:48rem] mx-auto max-w-(--thread-content-max-width) flex-1 group\/turn-messages focus-visible:outline-hidden relative flex w-full min-w-0 flex-col agent-turn\" tabindex=\"-1\">\n<div class=\"flex max-w-full flex-col grow\">\n<div class=\"min-h-8 text-message relative flex w-full flex-col items-end gap-2 text-start break-words whitespace-normal [.text-message+&amp;]:mt-1\" dir=\"auto\" data-message-author-role=\"assistant\" data-message-id=\"a6efc2ee-c8c7-47c0-b721-7c798bd3f4dc\" data-message-model-slug=\"gpt-5-1\">\n<div class=\"flex w-full flex-col gap-1 empty:hidden first:pt-[1px]\">\n<div class=\"markdown prose dark:prose-invert w-full break-words dark markdown-new-styling\">\n<p data-start=\"0\" data-end=\"238\">Hier kommt dein <strong data-start=\"16\" data-end=\"51\">komplettes Yoast-GR\u00dcNES SEO-Set<\/strong> f\u00fcr<br data-start=\"55\" data-end=\"58\" \/><strong data-start=\"58\" data-end=\"125\">RP001SET2 \u2013 Federteller + Gummieinlage + Kugellager (2-Stk-Set)<\/strong><br data-start=\"125\" data-end=\"128\" \/>mit den OE-Nummern <strong data-start=\"147\" data-end=\"187\">7700822908 + 7700822906 + 7700803635<\/strong>,<br data-start=\"188\" data-end=\"191\" \/>f\u00fcr <strong data-start=\"195\" data-end=\"237\">Renault Espace III, Laguna I, Avantime<\/strong>.<\/p>\n<p data-start=\"240\" data-end=\"323\">Wie immer <strong data-start=\"250\" data-end=\"322\">Keyphrase sauber dosiert (max. 3\u00d7), kurze S\u00e4tze, Bindew\u00f6rter, Listen<\/strong>.<\/p>\n<hr data-start=\"325\" data-end=\"328\" \/>\n<h1 data-start=\"330\" data-end=\"369\">\u2705 <strong data-start=\"334\" data-end=\"367\">Product Title (SEO-optimiert)<\/strong><\/h1>\n<p data-start=\"370\" data-end=\"485\"><strong data-start=\"370\" data-end=\"485\">RP001SET2 Spring Seat &amp; Bearing Kit \u2013 7700822908 7700822906 7700803635 for Renault Espace III Laguna I Avantime<\/strong><\/p>\n<hr data-start=\"487\" data-end=\"490\" \/>\n<h1 data-start=\"492\" data-end=\"517\">\u2705 <strong data-start=\"496\" data-end=\"515\">Focus Keyphrase<\/strong><\/h1>\n<p data-start=\"518\" data-end=\"548\"><strong data-start=\"518\" data-end=\"548\">Spring seat kit 7700822908<\/strong><\/p>\n<hr data-start=\"550\" data-end=\"553\" \/>\n<h1 data-start=\"555\" data-end=\"600\">\u2705 <strong data-start=\"559\" data-end=\"598\">SEO URL Slug (nur OE \u2013 wie gewohnt)<\/strong><\/h1>\n<div class=\"contain-inline-size rounded-2xl corner-superellipse\/1.1 relative bg-token-sidebar-surface-primary\">\n<div class=\"sticky top-9\">\n<div class=\"absolute end-0 bottom-0 flex h-9 items-center pe-2\">\n<div class=\"bg-token-bg-elevated-secondary text-token-text-secondary flex items-center gap-4 rounded-sm px-2 font-sans text-xs\"><\/div>\n<\/div>\n<\/div>\n<div class=\"overflow-y-auto p-4\" dir=\"ltr\"><code class=\"whitespace-pre!\"><span class=\"hljs-regexp\">\/en\/<\/span>product<span class=\"hljs-regexp\">\/7700822908-7700822906-7700803635\/<\/span><br \/>\n<\/code><\/div>\n<\/div>\n<hr data-start=\"656\" data-end=\"659\" \/>\n<h1 data-start=\"661\" data-end=\"722\">\u2705 <strong data-start=\"665\" data-end=\"720\">Short Description (Yoast-gr\u00fcn, max. 1\u20132\u00d7 Keyphrase)<\/strong><\/h1>\n<p data-start=\"724\" data-end=\"959\">Complete <strong data-start=\"733\" data-end=\"763\">spring seat kit 7700822908<\/strong> including <strong data-start=\"774\" data-end=\"803\">7700822906 and 7700803635<\/strong>.<br data-start=\"804\" data-end=\"807\" \/><strong data-start=\"807\" data-end=\"820\">Therefore<\/strong>, this set replaces worn suspension components with OE-fit parts.<br data-start=\"885\" data-end=\"888\" \/><strong data-start=\"888\" data-end=\"903\">In addition<\/strong>, it includes spring seats, rubber inserts and bearings.<\/p>\n<p data-start=\"961\" data-end=\"1134\">\u2705 Full 2-piece kit (left &amp; right)<br data-start=\"994\" data-end=\"997\" \/>\u2705 OE numbers: 7700822908 \/ 7700822906 \/ 7700803635<br data-start=\"1047\" data-end=\"1050\" \/>\u2705 Perfect fit for Espace III, Laguna I, Avantime<br data-start=\"1098\" data-end=\"1101\" \/>\u2705 New high-quality reproduction<\/p>\n<hr data-start=\"1136\" data-end=\"1139\" \/>\n<h1 data-start=\"1141\" data-end=\"1231\">\u2705 <strong data-start=\"1145\" data-end=\"1229\">Full Product Description (Yoast-optimiert \u2013 Keyphrase max. 3\u00d7, Synonyme genutzt)<\/strong><\/h1>\n<p data-start=\"1233\" data-end=\"1677\">The <strong data-start=\"1237\" data-end=\"1267\">spring seat kit 7700822908<\/strong> (RP001SET2) includes all components needed to restore the upper suspension mount.<br data-start=\"1349\" data-end=\"1352\" \/>The set contains <strong data-start=\"1369\" data-end=\"1385\">spring seats<\/strong>, <strong data-start=\"1387\" data-end=\"1405\">rubber inserts<\/strong> and <strong data-start=\"1410\" data-end=\"1426\">top bearings<\/strong>.<br data-start=\"1427\" data-end=\"1430\" \/>It is suitable for <strong data-start=\"1449\" data-end=\"1476\">Renault Espace III (JE)<\/strong>, <strong data-start=\"1478\" data-end=\"1498\">Renault Laguna I<\/strong> and <strong data-start=\"1503\" data-end=\"1523\">Renault Avantime<\/strong>.<br data-start=\"1524\" data-end=\"1527\" \/>Worn upper mounts can cause noise, vibrations or poor suspension geometry. <strong data-start=\"1602\" data-end=\"1615\">Therefore<\/strong>, installing this complete kit restores stability and comfort.<\/p>\n<p data-start=\"1679\" data-end=\"1874\">Each part\u2014including <strong data-start=\"1699\" data-end=\"1713\">7700822906<\/strong> and <strong data-start=\"1718\" data-end=\"1732\">7700803635<\/strong>\u2014is manufactured according to OE specifications.<br data-start=\"1780\" data-end=\"1783\" \/><strong data-start=\"1783\" data-end=\"1798\">In addition<\/strong>, the durable materials ensure long service life and consistent performance.<\/p>\n<h3 data-start=\"1876\" data-end=\"1893\">Kit Contents:<\/h3>\n<ul data-start=\"1894\" data-end=\"2030\">\n<li data-start=\"1894\" data-end=\"1930\">\n<p data-start=\"1896\" data-end=\"1930\">Spring seats (OE <strong data-start=\"1913\" data-end=\"1927\">7700822908<\/strong>)<\/p>\n<\/li>\n<li data-start=\"1931\" data-end=\"1969\">\n<p data-start=\"1933\" data-end=\"1969\">Rubber inserts (OE <strong data-start=\"1952\" data-end=\"1966\">7700822906<\/strong>)<\/p>\n<\/li>\n<li data-start=\"1970\" data-end=\"2002\">\n<p data-start=\"1972\" data-end=\"2002\">Bearings (OE <strong data-start=\"1985\" data-end=\"1999\">7700803635<\/strong>)<\/p>\n<\/li>\n<li data-start=\"2003\" data-end=\"2030\">\n<p data-start=\"2005\" data-end=\"2030\">Complete left + right kit<\/p>\n<\/li>\n<\/ul>\n<h3 data-start=\"2032\" data-end=\"2081\">Why this replacement kit is the right choice:<\/h3>\n<ul data-start=\"2082\" data-end=\"2264\">\n<li data-start=\"2082\" data-end=\"2148\">\n<p data-start=\"2084\" data-end=\"2148\">OE-accurate fit for <strong data-start=\"2104\" data-end=\"2118\">Espace III<\/strong>, <strong data-start=\"2120\" data-end=\"2132\">Laguna I<\/strong>, <strong data-start=\"2134\" data-end=\"2146\">Avantime<\/strong><\/p>\n<\/li>\n<li data-start=\"2149\" data-end=\"2194\">\n<p data-start=\"2151\" data-end=\"2194\">Durable and corrosion-resistant materials<\/p>\n<\/li>\n<li data-start=\"2195\" data-end=\"2242\">\n<p data-start=\"2197\" data-end=\"2242\">Manufactured according to original geometry<\/p>\n<\/li>\n<li data-start=\"2243\" data-end=\"2264\">\n<p data-start=\"2245\" data-end=\"2264\">Easy installation<\/p>\n<\/li>\n<\/ul>\n<p data-start=\"2266\" data-end=\"2411\">All items in this kit are newly produced.<br data-start=\"2307\" data-end=\"2310\" \/><strong data-start=\"2310\" data-end=\"2325\">As a result<\/strong>, customers receive a complete and reliable solution for restoring suspension support.<\/p>\n<p data-start=\"2413\" data-end=\"2498\">The kit is in stock.<br data-start=\"2433\" data-end=\"2436\" \/><strong data-start=\"2436\" data-end=\"2449\">Therefore<\/strong>, delivery within Europe is fast via DSV courier.<\/p>\n<p data-start=\"2500\" data-end=\"2604\">\ud83d\udee0\ufe0f Order now and restore proper suspension performance.<br data-start=\"2556\" data-end=\"2559\" \/>\ud83d\udee0\ufe0f VIN fitment check available upon request.<\/p>\n<\/div>\n<\/div>\n<\/div>\n<\/div>\n<\/div>\n<\/div>\n<\/div>\n<\/div>\n<\/div>\n<\/div>\n","protected":false},"excerpt":{"rendered":"<p data-start=\"724\" data-end=\"959\">Complete <strong data-start=\"733\" data-end=\"763\">spring seat kit 7700822908<\/strong> including <strong data-start=\"774\" data-end=\"803\">7700822906 and 7700803635<\/strong>.<br data-start=\"804\" data-end=\"807\" \/><strong data-start=\"807\" data-end=\"820\">Therefore<\/strong>, this set replaces worn suspension components with OE-fit parts.<br data-start=\"885\" data-end=\"888\" \/><strong data-start=\"888\" data-end=\"903\">In addition<\/strong>, it includes spring seats, rubber inserts and bearings.<\/p>\n<p data-start=\"961\" data-end=\"1134\">\u2705 Full 2-piece kit (left &amp; right)<br data-start=\"994\" data-end=\"997\" \/>\u2705 OE numbers: 7700822908 \/ 7700822906 \/ 7700803635<br data-start=\"1047\" data-end=\"1050\" \/>\u2705 Perfect fit for Espace III, Laguna I, Avantime<br data-start=\"1098\" data-end=\"1101\" \/>\u2705 New high-quality reproduction<\/p>\n<p data-start=\"3119\" data-end=\"3141\"><strong data-start=\"3119\" data-end=\"3139\">Compatible with:<\/strong><\/p>\n<ul data-start=\"3142\" data-end=\"3221\">\n<li data-start=\"3142\" data-end=\"3173\">\n<p data-start=\"3144\" data-end=\"3173\">Renault <strong data-start=\"3152\" data-end=\"3171\">Espace III (JE)<\/strong><\/p>\n<\/li>\n<li data-start=\"3174\" data-end=\"3198\">\n<p data-start=\"3176\" data-end=\"3198\">Renault <strong data-start=\"3184\" data-end=\"3196\">Laguna I<\/strong><\/p>\n<\/li>\n<li data-start=\"3199\" data-end=\"3221\">\n<p data-start=\"3201\" data-end=\"3221\">Renault <strong data-start=\"3209\" data-end=\"3221\">Avantime<\/strong><\/p>\n<\/li>\n<\/ul>\n<p data-start=\"3223\" data-end=\"3244\"><strong data-start=\"3223\" data-end=\"3242\">OEM references:<\/strong><\/p>\n<ul data-start=\"3245\" data-end=\"3289\">\n<li data-start=\"3245\" data-end=\"3259\">\n<p data-start=\"3247\" data-end=\"3259\">7700822908<\/p>\n<\/li>\n<li data-start=\"3260\" data-end=\"3274\">\n<p data-start=\"3262\" data-end=\"3274\">7700822906<\/p>\n<\/li>\n<li data-start=\"3275\" data-end=\"3289\">\n<p data-start=\"3277\" data-end=\"3289\">7700803635<\/p>\n<\/li>\n<\/ul>\n","protected":false},"featured_media":5440,"comment_status":"open","ping_status":"closed","template":"","meta":[],"product_brand":[],"product_cat":[455,449],"product_tag":[464,499,489,495,481,474],"class_list":{"0":"post-6409","1":"product","2":"type-product","3":"status-publish","4":"has-post-thumbnail","6":"product_cat-renault-en","7":"product_cat-spare-parts-as-original","8":"product_tag-7700822908-en","9":"product_tag-avantime-en","10":"product_tag-espace-iii-je-en","11":"product_tag-laguna-i-en","12":"product_tag-renault-en","13":"product_tag-spring-plate-right-left","14":"product_shipping_class-light","16":"first","17":"instock","18":"taxable","19":"shipping-taxable","20":"purchasable","21":"product-type-simple"},"yoast_head":"<!-- This site is optimized with the Yoast SEO Premium plugin v24.6 (Yoast SEO v27.5) - https:\/\/yoast.com\/product\/yoast-seo-premium-wordpress\/ -->\n<title>7700822908 7700822906 7700803635 for Renault Espace III<\/title>\n<meta name=\"description\" content=\"Spring seat kit 7700822908 with 7700822906 and 7700803635 for Renault Espace III, Laguna I and Avantime. Complete set for reliable suspension restoration.\" \/>\n<meta name=\"robots\" content=\"index, follow, max-snippet:-1, max-image-preview:large, max-video-preview:-1\" \/>\n<link rel=\"canonical\" href=\"https:\/\/cargomesh.com\/en\/product\/7700822908-7700822906-7700803635\/\" \/>\n<meta property=\"og:locale\" content=\"en_US\" \/>\n<meta property=\"og:type\" content=\"article\" \/>\n<meta property=\"og:title\" content=\"RP001SET2 Spring Seat &amp; Bearing Kit \u2013 7700822908 7700822906 7700803635 for Renault Espace III Laguna I Avantime\" \/>\n<meta property=\"og:description\" content=\"Spring seat kit 7700822908 with 7700822906 and 7700803635 for Renault Espace III, Laguna I and Avantime. Complete set for reliable suspension restoration.\" \/>\n<meta property=\"og:url\" content=\"https:\/\/cargomesh.com\/en\/product\/7700822908-7700822906-7700803635\/\" \/>\n<meta property=\"og:site_name\" content=\"CARGOMESH\" \/>\n<meta property=\"article:publisher\" content=\"https:\/\/www.facebook.com\/CARGOPFERD\" \/>\n<meta property=\"article:modified_time\" content=\"2025-12-11T15:17:50+00:00\" \/>\n<meta property=\"og:image\" content=\"https:\/\/cargomesh.com\/wp-content\/uploads\/2024\/03\/RP001SET2-RP001SET2-Vergleichsnummer-7700822908-7700822906-7700803635.png\" \/>\n\t<meta property=\"og:image:width\" content=\"1200\" \/>\n\t<meta property=\"og:image:height\" content=\"1200\" \/>\n\t<meta property=\"og:image:type\" content=\"image\/png\" \/>\n<meta name=\"twitter:card\" content=\"summary_large_image\" \/>\n<meta name=\"twitter:label1\" content=\"Price\" \/>\n\t<meta name=\"twitter:data1\" content=\"&euro;219,00 exkl. MwSt.\" \/>\n\t<meta name=\"twitter:label2\" content=\"Availability\" \/>\n\t<meta name=\"twitter:data2\" content=\"In stock\" \/>\n<script type=\"application\/ld+json\" class=\"yoast-schema-graph\">{\"@context\":\"https:\\\/\\\/schema.org\",\"@graph\":[{\"@type\":\"WebPage\",\"@id\":\"https:\\\/\\\/cargomesh.com\\\/en\\\/product\\\/7700822908-7700822906-7700803635\\\/\",\"url\":\"https:\\\/\\\/cargomesh.com\\\/en\\\/product\\\/7700822908-7700822906-7700803635\\\/\",\"name\":\"7700822908 7700822906 7700803635 for Renault Espace III\",\"isPartOf\":{\"@id\":\"https:\\\/\\\/cargomesh.com\\\/en\\\/#website\"},\"primaryImageOfPage\":{\"@id\":\"https:\\\/\\\/cargomesh.com\\\/en\\\/product\\\/7700822908-7700822906-7700803635\\\/#primaryimage\"},\"image\":{\"@id\":\"https:\\\/\\\/cargomesh.com\\\/en\\\/product\\\/7700822908-7700822906-7700803635\\\/#primaryimage\"},\"thumbnailUrl\":\"https:\\\/\\\/cargomesh.com\\\/wp-content\\\/uploads\\\/2024\\\/03\\\/RP001SET2-RP001SET2-Vergleichsnummer-7700822908-7700822906-7700803635.png\",\"datePublished\":\"2024-03-06T08:57:07+00:00\",\"dateModified\":\"2025-12-11T15:17:50+00:00\",\"description\":\"Spring seat kit 7700822908 with 7700822906 and 7700803635 for Renault Espace III, Laguna I and Avantime. Complete set for reliable suspension restoration.\",\"breadcrumb\":{\"@id\":\"https:\\\/\\\/cargomesh.com\\\/en\\\/product\\\/7700822908-7700822906-7700803635\\\/#breadcrumb\"},\"inLanguage\":\"en-US\",\"potentialAction\":[{\"@type\":\"ReadAction\",\"target\":[\"https:\\\/\\\/cargomesh.com\\\/en\\\/product\\\/7700822908-7700822906-7700803635\\\/\"]}]},{\"@type\":\"ImageObject\",\"inLanguage\":\"en-US\",\"@id\":\"https:\\\/\\\/cargomesh.com\\\/en\\\/product\\\/7700822908-7700822906-7700803635\\\/#primaryimage\",\"url\":\"https:\\\/\\\/cargomesh.com\\\/wp-content\\\/uploads\\\/2024\\\/03\\\/RP001SET2-RP001SET2-Vergleichsnummer-7700822908-7700822906-7700803635.png\",\"contentUrl\":\"https:\\\/\\\/cargomesh.com\\\/wp-content\\\/uploads\\\/2024\\\/03\\\/RP001SET2-RP001SET2-Vergleichsnummer-7700822908-7700822906-7700803635.png\",\"width\":1200,\"height\":1200,\"caption\":\"Spring Seat Kit RP001SET2 7700822908 7700822906 7700803635 for Renault Espace III Laguna I Avantime\"},{\"@type\":\"BreadcrumbList\",\"@id\":\"https:\\\/\\\/cargomesh.com\\\/en\\\/product\\\/7700822908-7700822906-7700803635\\\/#breadcrumb\",\"itemListElement\":[{\"@type\":\"ListItem\",\"position\":1,\"name\":\"Startseite\",\"item\":\"https:\\\/\\\/cargomesh.com\\\/en\\\/\"},{\"@type\":\"ListItem\",\"position\":2,\"name\":\"Products\",\"item\":\"https:\\\/\\\/cargomesh.com\\\/en\\\/shop\\\/\"},{\"@type\":\"ListItem\",\"position\":3,\"name\":\"RP001SET2 Spring Seat &#038; Bearing Kit \u2013 7700822908 7700822906 7700803635 for Renault Espace III Laguna I Avantime\"}]},{\"@type\":\"WebSite\",\"@id\":\"https:\\\/\\\/cargomesh.com\\\/en\\\/#website\",\"url\":\"https:\\\/\\\/cargomesh.com\\\/en\\\/\",\"name\":\"CARGOMESH\",\"description\":\"Ersatzteile\",\"publisher\":{\"@id\":\"https:\\\/\\\/cargomesh.com\\\/en\\\/#organization\"},\"potentialAction\":[{\"@type\":\"SearchAction\",\"target\":{\"@type\":\"EntryPoint\",\"urlTemplate\":\"https:\\\/\\\/cargomesh.com\\\/en\\\/?s={search_term_string}\"},\"query-input\":{\"@type\":\"PropertyValueSpecification\",\"valueRequired\":true,\"valueName\":\"search_term_string\"}}],\"inLanguage\":\"en-US\"},{\"@type\":\"Organization\",\"@id\":\"https:\\\/\\\/cargomesh.com\\\/en\\\/#organization\",\"name\":\"CARGOMESH GMBH\",\"url\":\"https:\\\/\\\/cargomesh.com\\\/en\\\/\",\"logo\":{\"@type\":\"ImageObject\",\"inLanguage\":\"en-US\",\"@id\":\"https:\\\/\\\/cargomesh.com\\\/en\\\/#\\\/schema\\\/logo\\\/image\\\/\",\"url\":\"https:\\\/\\\/cargomesh.com\\\/wp-content\\\/uploads\\\/2020\\\/08\\\/logo.jpg\",\"contentUrl\":\"https:\\\/\\\/cargomesh.com\\\/wp-content\\\/uploads\\\/2020\\\/08\\\/logo.jpg\",\"width\":722,\"height\":283,\"caption\":\"CARGOMESH GMBH\"},\"image\":{\"@id\":\"https:\\\/\\\/cargomesh.com\\\/en\\\/#\\\/schema\\\/logo\\\/image\\\/\"},\"sameAs\":[\"https:\\\/\\\/www.facebook.com\\\/CARGOPFERD\",\"https:\\\/\\\/www.instagram.com\\\/cargomesh\\\/\"],\"hasMerchantReturnPolicy\":{\"@type\":\"MerchantReturnPolicy\",\"merchantReturnLink\":\"https:\\\/\\\/cargomesh.com\\\/agb\\\/\"}}]}<\/script>\n<meta property=\"product:price:amount\" content=\"219.00\" \/>\n<meta property=\"product:price:currency\" content=\"EUR\" \/>\n<meta property=\"og:availability\" content=\"instock\" \/>\n<meta property=\"product:availability\" content=\"instock\" \/>\n<meta property=\"product:retailer_item_id\" content=\"7700822908-1-1\" \/>\n<meta property=\"product:condition\" content=\"new\" \/>\n<!-- \/ Yoast SEO Premium plugin. -->","yoast_head_json":{"title":"7700822908 7700822906 7700803635 for Renault Espace III","description":"Spring seat kit 7700822908 with 7700822906 and 7700803635 for Renault Espace III, Laguna I and Avantime. Complete set for reliable suspension restoration.","robots":{"index":"index","follow":"follow","max-snippet":"max-snippet:-1","max-image-preview":"max-image-preview:large","max-video-preview":"max-video-preview:-1"},"canonical":"https:\/\/cargomesh.com\/en\/product\/7700822908-7700822906-7700803635\/","og_locale":"en_US","og_type":"article","og_title":"RP001SET2 Spring Seat & Bearing Kit \u2013 7700822908 7700822906 7700803635 for Renault Espace III Laguna I Avantime","og_description":"Spring seat kit 7700822908 with 7700822906 and 7700803635 for Renault Espace III, Laguna I and Avantime. Complete set for reliable suspension restoration.","og_url":"https:\/\/cargomesh.com\/en\/product\/7700822908-7700822906-7700803635\/","og_site_name":"CARGOMESH","article_publisher":"https:\/\/www.facebook.com\/CARGOPFERD","article_modified_time":"2025-12-11T15:17:50+00:00","og_image":[{"width":1200,"height":1200,"url":"https:\/\/cargomesh.com\/wp-content\/uploads\/2024\/03\/RP001SET2-RP001SET2-Vergleichsnummer-7700822908-7700822906-7700803635.png","type":"image\/png"}],"twitter_card":"summary_large_image","twitter_misc":{"Price":"&euro;219,00 exkl. MwSt.","Availability":"In stock"},"schema":{"@context":"https:\/\/schema.org","@graph":[{"@type":"WebPage","@id":"https:\/\/cargomesh.com\/en\/product\/7700822908-7700822906-7700803635\/","url":"https:\/\/cargomesh.com\/en\/product\/7700822908-7700822906-7700803635\/","name":"7700822908 7700822906 7700803635 for Renault Espace III","isPartOf":{"@id":"https:\/\/cargomesh.com\/en\/#website"},"primaryImageOfPage":{"@id":"https:\/\/cargomesh.com\/en\/product\/7700822908-7700822906-7700803635\/#primaryimage"},"image":{"@id":"https:\/\/cargomesh.com\/en\/product\/7700822908-7700822906-7700803635\/#primaryimage"},"thumbnailUrl":"https:\/\/cargomesh.com\/wp-content\/uploads\/2024\/03\/RP001SET2-RP001SET2-Vergleichsnummer-7700822908-7700822906-7700803635.png","datePublished":"2024-03-06T08:57:07+00:00","dateModified":"2025-12-11T15:17:50+00:00","description":"Spring seat kit 7700822908 with 7700822906 and 7700803635 for Renault Espace III, Laguna I and Avantime. Complete set for reliable suspension restoration.","breadcrumb":{"@id":"https:\/\/cargomesh.com\/en\/product\/7700822908-7700822906-7700803635\/#breadcrumb"},"inLanguage":"en-US","potentialAction":[{"@type":"ReadAction","target":["https:\/\/cargomesh.com\/en\/product\/7700822908-7700822906-7700803635\/"]}]},{"@type":"ImageObject","inLanguage":"en-US","@id":"https:\/\/cargomesh.com\/en\/product\/7700822908-7700822906-7700803635\/#primaryimage","url":"https:\/\/cargomesh.com\/wp-content\/uploads\/2024\/03\/RP001SET2-RP001SET2-Vergleichsnummer-7700822908-7700822906-7700803635.png","contentUrl":"https:\/\/cargomesh.com\/wp-content\/uploads\/2024\/03\/RP001SET2-RP001SET2-Vergleichsnummer-7700822908-7700822906-7700803635.png","width":1200,"height":1200,"caption":"Spring Seat Kit RP001SET2 7700822908 7700822906 7700803635 for Renault Espace III Laguna I Avantime"},{"@type":"BreadcrumbList","@id":"https:\/\/cargomesh.com\/en\/product\/7700822908-7700822906-7700803635\/#breadcrumb","itemListElement":[{"@type":"ListItem","position":1,"name":"Startseite","item":"https:\/\/cargomesh.com\/en\/"},{"@type":"ListItem","position":2,"name":"Products","item":"https:\/\/cargomesh.com\/en\/shop\/"},{"@type":"ListItem","position":3,"name":"RP001SET2 Spring Seat &#038; Bearing Kit \u2013 7700822908 7700822906 7700803635 for Renault Espace III Laguna I Avantime"}]},{"@type":"WebSite","@id":"https:\/\/cargomesh.com\/en\/#website","url":"https:\/\/cargomesh.com\/en\/","name":"CARGOMESH","description":"Ersatzteile","publisher":{"@id":"https:\/\/cargomesh.com\/en\/#organization"},"potentialAction":[{"@type":"SearchAction","target":{"@type":"EntryPoint","urlTemplate":"https:\/\/cargomesh.com\/en\/?s={search_term_string}"},"query-input":{"@type":"PropertyValueSpecification","valueRequired":true,"valueName":"search_term_string"}}],"inLanguage":"en-US"},{"@type":"Organization","@id":"https:\/\/cargomesh.com\/en\/#organization","name":"CARGOMESH GMBH","url":"https:\/\/cargomesh.com\/en\/","logo":{"@type":"ImageObject","inLanguage":"en-US","@id":"https:\/\/cargomesh.com\/en\/#\/schema\/logo\/image\/","url":"https:\/\/cargomesh.com\/wp-content\/uploads\/2020\/08\/logo.jpg","contentUrl":"https:\/\/cargomesh.com\/wp-content\/uploads\/2020\/08\/logo.jpg","width":722,"height":283,"caption":"CARGOMESH GMBH"},"image":{"@id":"https:\/\/cargomesh.com\/en\/#\/schema\/logo\/image\/"},"sameAs":["https:\/\/www.facebook.com\/CARGOPFERD","https:\/\/www.instagram.com\/cargomesh\/"],"hasMerchantReturnPolicy":{"@type":"MerchantReturnPolicy","merchantReturnLink":"https:\/\/cargomesh.com\/agb\/"}}]},"product_price_amount":"219.00","product_price_currency":"EUR","og_availability":"instock","product_availability":"instock","product_retailer_item_id":"7700822908-1-1","product_condition":"new"},"_links":{"self":[{"href":"https:\/\/cargomesh.com\/en\/wp-json\/wp\/v2\/product\/6409","targetHints":{"allow":["GET"]}}],"collection":[{"href":"https:\/\/cargomesh.com\/en\/wp-json\/wp\/v2\/product"}],"about":[{"href":"https:\/\/cargomesh.com\/en\/wp-json\/wp\/v2\/types\/product"}],"replies":[{"embeddable":true,"href":"https:\/\/cargomesh.com\/en\/wp-json\/wp\/v2\/comments?post=6409"}],"version-history":[{"count":4,"href":"https:\/\/cargomesh.com\/en\/wp-json\/wp\/v2\/product\/6409\/revisions"}],"predecessor-version":[{"id":13146,"href":"https:\/\/cargomesh.com\/en\/wp-json\/wp\/v2\/product\/6409\/revisions\/13146"}],"wp:featuredmedia":[{"embeddable":true,"href":"https:\/\/cargomesh.com\/en\/wp-json\/wp\/v2\/media\/5440"}],"wp:attachment":[{"href":"https:\/\/cargomesh.com\/en\/wp-json\/wp\/v2\/media?parent=6409"}],"wp:term":[{"taxonomy":"product_brand","embeddable":true,"href":"https:\/\/cargomesh.com\/en\/wp-json\/wp\/v2\/product_brand?post=6409"},{"taxonomy":"product_cat","embeddable":true,"href":"https:\/\/cargomesh.com\/en\/wp-json\/wp\/v2\/product_cat?post=6409"},{"taxonomy":"product_tag","embeddable":true,"href":"https:\/\/cargomesh.com\/en\/wp-json\/wp\/v2\/product_tag?post=6409"}],"curies":[{"name":"wp","href":"https:\/\/api.w.org\/{rel}","templated":true}]}}