{"id":10600,"date":"2025-06-10T19:31:57","date_gmt":"2025-06-10T17:31:57","guid":{"rendered":"https:\/\/cargomesh.com\/?post_type=product&#038;p=10600"},"modified":"2025-06-10T20:06:58","modified_gmt":"2025-06-10T18:06:58","slug":"rp010-citroen-3-0-hdi-linea-de-alta-presion-numero-de-referencia-4014ln-kopie","status":"publish","type":"product","link":"https:\/\/cargomesh.com\/es\/product\/rp010-citroen-3-0-hdi-linea-de-alta-presion-numero-de-referencia-4014ln-kopie\/","title":{"rendered":"RP010 Citro\u00ebn 3.0 HDI l\u00ednea de alta presi\u00f3n n\u00famero de referencia 4014LN (Kopie)"},"content":{"rendered":"<p><strong>L\u00ednea de alta presi\u00f3n para Citro\u00ebn 3.0 HDI &#8211; 4014LN<\/strong><\/p>\n<p>Esta l\u00ednea es perfecta para su Citro\u00ebn 3.0 HDI. Es una pieza nueva. Ayuda a que tu coche funcione mejor. Muchos clientes est\u00e1n muy satisfechos con \u00e9l. Citro\u00ebn ya no fabrica estas piezas. Pero no te preocupes. Nuestra gesti\u00f3n cumple normas estrictas. Est\u00e1 hecho especialmente para esto.<\/p>\n<p>Rarepar, nuestro socio, garantiza la m\u00e1xima calidad y una entrega r\u00e1pida.<\/p>\n","protected":false},"excerpt":{"rendered":"<p>L\u00ednea de alta presi\u00f3n de alta calidad 4014LN,<\/p>\n<p>Adaptable a su Citro\u00ebn 3.0 HDI.<br \/>\nPieza nueva, reproducci\u00f3n<\/p>\n","protected":false},"featured_media":10626,"comment_status":"open","ping_status":"closed","template":"","meta":[],"product_brand":[],"product_cat":[780,854,451],"product_tag":[907],"class_list":{"0":"post-10600","1":"product","2":"type-product","3":"status-publish","4":"has-post-thumbnail","6":"product_cat-citroen-es","7":"product_cat-peugeot-es","8":"product_cat-piezas-de-recambio-originales","9":"product_tag-citroen-es","10":"product_shipping_class-luz","12":"first","13":"instock","14":"taxable","15":"shipping-taxable","16":"purchasable","17":"product-type-simple"},"yoast_head":"<!-- This site is optimized with the Yoast SEO Premium plugin v24.6 (Yoast SEO v27.5) - https:\/\/yoast.com\/product\/yoast-seo-premium-wordpress\/ -->\n<title>4014LN Tubo de alta presi\u00f3n Citro\u00ebn 3.0<\/title>\n<meta name=\"description\" content=\"De alta calidad y nuevo para su Citro\u00ebn. Comprar esta pieza de repuesto 4014LN Citro\u00ebn 3.0 tubo de alta presi\u00f3n producido por Rarepar de nosotros.\" \/>\n<meta name=\"robots\" content=\"index, follow, max-snippet:-1, max-image-preview:large, max-video-preview:-1\" \/>\n<link rel=\"canonical\" href=\"https:\/\/cargomesh.com\/es\/product\/rp010-citroen-3-0-hdi-linea-de-alta-presion-numero-de-referencia-4014ln-kopie\/\" \/>\n<meta property=\"og:locale\" content=\"es_ES\" \/>\n<meta property=\"og:type\" content=\"article\" \/>\n<meta property=\"og:title\" content=\"RP010 Citro\u00ebn 3.0 HDI l\u00ednea de alta presi\u00f3n n\u00famero de referencia 4014LN (Kopie)\" \/>\n<meta property=\"og:description\" content=\"De alta calidad y nuevo para su Citro\u00ebn. Comprar esta pieza de repuesto 4014LN Citro\u00ebn 3.0 tubo de alta presi\u00f3n producido por Rarepar de nosotros.\" \/>\n<meta property=\"og:url\" content=\"https:\/\/cargomesh.com\/es\/product\/rp010-citroen-3-0-hdi-linea-de-alta-presion-numero-de-referencia-4014ln-kopie\/\" \/>\n<meta property=\"og:site_name\" content=\"CARGOMESH\" \/>\n<meta property=\"article:publisher\" content=\"https:\/\/www.facebook.com\/CARGOPFERD\" \/>\n<meta property=\"article:modified_time\" content=\"2025-06-10T18:06:58+00:00\" \/>\n<meta property=\"og:image\" content=\"https:\/\/cargomesh.com\/wp-content\/uploads\/2025\/06\/RPGK1-Vergleichsnummer-1351KV-Kuehlwasserschlauch-PSA.png\" \/>\n\t<meta property=\"og:image:width\" content=\"1920\" \/>\n\t<meta property=\"og:image:height\" content=\"1440\" \/>\n\t<meta property=\"og:image:type\" content=\"image\/png\" \/>\n<meta name=\"twitter:card\" content=\"summary_large_image\" \/>\n<meta name=\"twitter:label1\" content=\"Precio\" \/>\n\t<meta name=\"twitter:data1\" content=\"&euro;98,00 exkl. MwSt.\" \/>\n\t<meta name=\"twitter:label2\" content=\"Disponibilidad\" \/>\n\t<meta name=\"twitter:data2\" content=\"Disponible\" \/>\n<script type=\"application\/ld+json\" class=\"yoast-schema-graph\">{\"@context\":\"https:\\\/\\\/schema.org\",\"@graph\":[{\"@type\":\"WebPage\",\"@id\":\"https:\\\/\\\/cargomesh.com\\\/es\\\/product\\\/rp010-citroen-3-0-hdi-linea-de-alta-presion-numero-de-referencia-4014ln-kopie\\\/\",\"url\":\"https:\\\/\\\/cargomesh.com\\\/es\\\/product\\\/rp010-citroen-3-0-hdi-linea-de-alta-presion-numero-de-referencia-4014ln-kopie\\\/\",\"name\":\"4014LN Tubo de alta presi\u00f3n Citro\u00ebn 3.0\",\"isPartOf\":{\"@id\":\"https:\\\/\\\/cargomesh.com\\\/es\\\/#website\"},\"primaryImageOfPage\":{\"@id\":\"https:\\\/\\\/cargomesh.com\\\/es\\\/product\\\/rp010-citroen-3-0-hdi-linea-de-alta-presion-numero-de-referencia-4014ln-kopie\\\/#primaryimage\"},\"image\":{\"@id\":\"https:\\\/\\\/cargomesh.com\\\/es\\\/product\\\/rp010-citroen-3-0-hdi-linea-de-alta-presion-numero-de-referencia-4014ln-kopie\\\/#primaryimage\"},\"thumbnailUrl\":\"https:\\\/\\\/cargomesh.com\\\/wp-content\\\/uploads\\\/2025\\\/06\\\/RPGK1-Vergleichsnummer-1351KV-Kuehlwasserschlauch-PSA.png\",\"datePublished\":\"2025-06-10T17:31:57+00:00\",\"dateModified\":\"2025-06-10T18:06:58+00:00\",\"description\":\"De alta calidad y nuevo para su Citro\u00ebn. Comprar esta pieza de repuesto 4014LN Citro\u00ebn 3.0 tubo de alta presi\u00f3n producido por Rarepar de nosotros.\",\"breadcrumb\":{\"@id\":\"https:\\\/\\\/cargomesh.com\\\/es\\\/product\\\/rp010-citroen-3-0-hdi-linea-de-alta-presion-numero-de-referencia-4014ln-kopie\\\/#breadcrumb\"},\"inLanguage\":\"es\",\"potentialAction\":[{\"@type\":\"ReadAction\",\"target\":[\"https:\\\/\\\/cargomesh.com\\\/es\\\/product\\\/rp010-citroen-3-0-hdi-linea-de-alta-presion-numero-de-referencia-4014ln-kopie\\\/\"]}]},{\"@type\":\"ImageObject\",\"inLanguage\":\"es\",\"@id\":\"https:\\\/\\\/cargomesh.com\\\/es\\\/product\\\/rp010-citroen-3-0-hdi-linea-de-alta-presion-numero-de-referencia-4014ln-kopie\\\/#primaryimage\",\"url\":\"https:\\\/\\\/cargomesh.com\\\/wp-content\\\/uploads\\\/2025\\\/06\\\/RPGK1-Vergleichsnummer-1351KV-Kuehlwasserschlauch-PSA.png\",\"contentUrl\":\"https:\\\/\\\/cargomesh.com\\\/wp-content\\\/uploads\\\/2025\\\/06\\\/RPGK1-Vergleichsnummer-1351KV-Kuehlwasserschlauch-PSA.png\",\"width\":1920,\"height\":1440,\"caption\":\"1351.KV Peugeot 407, Peugeot 607, Citroen C5, Citroen C6, Opel\"},{\"@type\":\"BreadcrumbList\",\"@id\":\"https:\\\/\\\/cargomesh.com\\\/es\\\/product\\\/rp010-citroen-3-0-hdi-linea-de-alta-presion-numero-de-referencia-4014ln-kopie\\\/#breadcrumb\",\"itemListElement\":[{\"@type\":\"ListItem\",\"position\":1,\"name\":\"Startseite\",\"item\":\"https:\\\/\\\/cargomesh.com\\\/es\\\/\"},{\"@type\":\"ListItem\",\"position\":2,\"name\":\"Productos\",\"item\":\"https:\\\/\\\/cargomesh.com\\\/es\\\/shop\\\/\"},{\"@type\":\"ListItem\",\"position\":3,\"name\":\"RP010 Citro\u00ebn 3.0 HDI l\u00ednea de alta presi\u00f3n n\u00famero de referencia 4014LN (Kopie)\"}]},{\"@type\":\"WebSite\",\"@id\":\"https:\\\/\\\/cargomesh.com\\\/es\\\/#website\",\"url\":\"https:\\\/\\\/cargomesh.com\\\/es\\\/\",\"name\":\"CARGOMESH\",\"description\":\"Ersatzteile\",\"publisher\":{\"@id\":\"https:\\\/\\\/cargomesh.com\\\/es\\\/#organization\"},\"potentialAction\":[{\"@type\":\"SearchAction\",\"target\":{\"@type\":\"EntryPoint\",\"urlTemplate\":\"https:\\\/\\\/cargomesh.com\\\/es\\\/?s={search_term_string}\"},\"query-input\":{\"@type\":\"PropertyValueSpecification\",\"valueRequired\":true,\"valueName\":\"search_term_string\"}}],\"inLanguage\":\"es\"},{\"@type\":\"Organization\",\"@id\":\"https:\\\/\\\/cargomesh.com\\\/es\\\/#organization\",\"name\":\"CARGOMESH GMBH\",\"url\":\"https:\\\/\\\/cargomesh.com\\\/es\\\/\",\"logo\":{\"@type\":\"ImageObject\",\"inLanguage\":\"es\",\"@id\":\"https:\\\/\\\/cargomesh.com\\\/es\\\/#\\\/schema\\\/logo\\\/image\\\/\",\"url\":\"https:\\\/\\\/cargomesh.com\\\/wp-content\\\/uploads\\\/2020\\\/08\\\/logo.jpg\",\"contentUrl\":\"https:\\\/\\\/cargomesh.com\\\/wp-content\\\/uploads\\\/2020\\\/08\\\/logo.jpg\",\"width\":722,\"height\":283,\"caption\":\"CARGOMESH GMBH\"},\"image\":{\"@id\":\"https:\\\/\\\/cargomesh.com\\\/es\\\/#\\\/schema\\\/logo\\\/image\\\/\"},\"sameAs\":[\"https:\\\/\\\/www.facebook.com\\\/CARGOPFERD\",\"https:\\\/\\\/www.instagram.com\\\/cargomesh\\\/\"],\"hasMerchantReturnPolicy\":{\"@type\":\"MerchantReturnPolicy\",\"merchantReturnLink\":\"https:\\\/\\\/cargomesh.com\\\/agb\\\/\"}}]}<\/script>\n<meta property=\"product:price:amount\" content=\"98.00\" \/>\n<meta property=\"product:price:currency\" content=\"EUR\" \/>\n<meta property=\"og:availability\" content=\"instock\" \/>\n<meta property=\"product:availability\" content=\"instock\" \/>\n<meta property=\"product:retailer_item_id\" content=\"1351KV\" \/>\n<meta property=\"product:condition\" content=\"new\" \/>\n<!-- \/ Yoast SEO Premium plugin. -->","yoast_head_json":{"title":"4014LN Tubo de alta presi\u00f3n Citro\u00ebn 3.0","description":"De alta calidad y nuevo para su Citro\u00ebn. Comprar esta pieza de repuesto 4014LN Citro\u00ebn 3.0 tubo de alta presi\u00f3n producido por Rarepar de nosotros.","robots":{"index":"index","follow":"follow","max-snippet":"max-snippet:-1","max-image-preview":"max-image-preview:large","max-video-preview":"max-video-preview:-1"},"canonical":"https:\/\/cargomesh.com\/es\/product\/rp010-citroen-3-0-hdi-linea-de-alta-presion-numero-de-referencia-4014ln-kopie\/","og_locale":"es_ES","og_type":"article","og_title":"RP010 Citro\u00ebn 3.0 HDI l\u00ednea de alta presi\u00f3n n\u00famero de referencia 4014LN (Kopie)","og_description":"De alta calidad y nuevo para su Citro\u00ebn. Comprar esta pieza de repuesto 4014LN Citro\u00ebn 3.0 tubo de alta presi\u00f3n producido por Rarepar de nosotros.","og_url":"https:\/\/cargomesh.com\/es\/product\/rp010-citroen-3-0-hdi-linea-de-alta-presion-numero-de-referencia-4014ln-kopie\/","og_site_name":"CARGOMESH","article_publisher":"https:\/\/www.facebook.com\/CARGOPFERD","article_modified_time":"2025-06-10T18:06:58+00:00","og_image":[{"width":1920,"height":1440,"url":"https:\/\/cargomesh.com\/wp-content\/uploads\/2025\/06\/RPGK1-Vergleichsnummer-1351KV-Kuehlwasserschlauch-PSA.png","type":"image\/png"}],"twitter_card":"summary_large_image","twitter_misc":{"Precio":"&euro;98,00 exkl. MwSt.","Disponibilidad":"Disponible"},"schema":{"@context":"https:\/\/schema.org","@graph":[{"@type":"WebPage","@id":"https:\/\/cargomesh.com\/es\/product\/rp010-citroen-3-0-hdi-linea-de-alta-presion-numero-de-referencia-4014ln-kopie\/","url":"https:\/\/cargomesh.com\/es\/product\/rp010-citroen-3-0-hdi-linea-de-alta-presion-numero-de-referencia-4014ln-kopie\/","name":"4014LN Tubo de alta presi\u00f3n Citro\u00ebn 3.0","isPartOf":{"@id":"https:\/\/cargomesh.com\/es\/#website"},"primaryImageOfPage":{"@id":"https:\/\/cargomesh.com\/es\/product\/rp010-citroen-3-0-hdi-linea-de-alta-presion-numero-de-referencia-4014ln-kopie\/#primaryimage"},"image":{"@id":"https:\/\/cargomesh.com\/es\/product\/rp010-citroen-3-0-hdi-linea-de-alta-presion-numero-de-referencia-4014ln-kopie\/#primaryimage"},"thumbnailUrl":"https:\/\/cargomesh.com\/wp-content\/uploads\/2025\/06\/RPGK1-Vergleichsnummer-1351KV-Kuehlwasserschlauch-PSA.png","datePublished":"2025-06-10T17:31:57+00:00","dateModified":"2025-06-10T18:06:58+00:00","description":"De alta calidad y nuevo para su Citro\u00ebn. Comprar esta pieza de repuesto 4014LN Citro\u00ebn 3.0 tubo de alta presi\u00f3n producido por Rarepar de nosotros.","breadcrumb":{"@id":"https:\/\/cargomesh.com\/es\/product\/rp010-citroen-3-0-hdi-linea-de-alta-presion-numero-de-referencia-4014ln-kopie\/#breadcrumb"},"inLanguage":"es","potentialAction":[{"@type":"ReadAction","target":["https:\/\/cargomesh.com\/es\/product\/rp010-citroen-3-0-hdi-linea-de-alta-presion-numero-de-referencia-4014ln-kopie\/"]}]},{"@type":"ImageObject","inLanguage":"es","@id":"https:\/\/cargomesh.com\/es\/product\/rp010-citroen-3-0-hdi-linea-de-alta-presion-numero-de-referencia-4014ln-kopie\/#primaryimage","url":"https:\/\/cargomesh.com\/wp-content\/uploads\/2025\/06\/RPGK1-Vergleichsnummer-1351KV-Kuehlwasserschlauch-PSA.png","contentUrl":"https:\/\/cargomesh.com\/wp-content\/uploads\/2025\/06\/RPGK1-Vergleichsnummer-1351KV-Kuehlwasserschlauch-PSA.png","width":1920,"height":1440,"caption":"1351.KV Peugeot 407, Peugeot 607, Citroen C5, Citroen C6, Opel"},{"@type":"BreadcrumbList","@id":"https:\/\/cargomesh.com\/es\/product\/rp010-citroen-3-0-hdi-linea-de-alta-presion-numero-de-referencia-4014ln-kopie\/#breadcrumb","itemListElement":[{"@type":"ListItem","position":1,"name":"Startseite","item":"https:\/\/cargomesh.com\/es\/"},{"@type":"ListItem","position":2,"name":"Productos","item":"https:\/\/cargomesh.com\/es\/shop\/"},{"@type":"ListItem","position":3,"name":"RP010 Citro\u00ebn 3.0 HDI l\u00ednea de alta presi\u00f3n n\u00famero de referencia 4014LN (Kopie)"}]},{"@type":"WebSite","@id":"https:\/\/cargomesh.com\/es\/#website","url":"https:\/\/cargomesh.com\/es\/","name":"CARGOMESH","description":"Ersatzteile","publisher":{"@id":"https:\/\/cargomesh.com\/es\/#organization"},"potentialAction":[{"@type":"SearchAction","target":{"@type":"EntryPoint","urlTemplate":"https:\/\/cargomesh.com\/es\/?s={search_term_string}"},"query-input":{"@type":"PropertyValueSpecification","valueRequired":true,"valueName":"search_term_string"}}],"inLanguage":"es"},{"@type":"Organization","@id":"https:\/\/cargomesh.com\/es\/#organization","name":"CARGOMESH GMBH","url":"https:\/\/cargomesh.com\/es\/","logo":{"@type":"ImageObject","inLanguage":"es","@id":"https:\/\/cargomesh.com\/es\/#\/schema\/logo\/image\/","url":"https:\/\/cargomesh.com\/wp-content\/uploads\/2020\/08\/logo.jpg","contentUrl":"https:\/\/cargomesh.com\/wp-content\/uploads\/2020\/08\/logo.jpg","width":722,"height":283,"caption":"CARGOMESH GMBH"},"image":{"@id":"https:\/\/cargomesh.com\/es\/#\/schema\/logo\/image\/"},"sameAs":["https:\/\/www.facebook.com\/CARGOPFERD","https:\/\/www.instagram.com\/cargomesh\/"],"hasMerchantReturnPolicy":{"@type":"MerchantReturnPolicy","merchantReturnLink":"https:\/\/cargomesh.com\/agb\/"}}]},"product_price_amount":"98.00","product_price_currency":"EUR","og_availability":"instock","product_availability":"instock","product_retailer_item_id":"1351KV","product_condition":"new"},"_links":{"self":[{"href":"https:\/\/cargomesh.com\/es\/wp-json\/wp\/v2\/product\/10600","targetHints":{"allow":["GET"]}}],"collection":[{"href":"https:\/\/cargomesh.com\/es\/wp-json\/wp\/v2\/product"}],"about":[{"href":"https:\/\/cargomesh.com\/es\/wp-json\/wp\/v2\/types\/product"}],"replies":[{"embeddable":true,"href":"https:\/\/cargomesh.com\/es\/wp-json\/wp\/v2\/comments?post=10600"}],"version-history":[{"count":1,"href":"https:\/\/cargomesh.com\/es\/wp-json\/wp\/v2\/product\/10600\/revisions"}],"predecessor-version":[{"id":10656,"href":"https:\/\/cargomesh.com\/es\/wp-json\/wp\/v2\/product\/10600\/revisions\/10656"}],"wp:featuredmedia":[{"embeddable":true,"href":"https:\/\/cargomesh.com\/es\/wp-json\/wp\/v2\/media\/10626"}],"wp:attachment":[{"href":"https:\/\/cargomesh.com\/es\/wp-json\/wp\/v2\/media?parent=10600"}],"wp:term":[{"taxonomy":"product_brand","embeddable":true,"href":"https:\/\/cargomesh.com\/es\/wp-json\/wp\/v2\/product_brand?post=10600"},{"taxonomy":"product_cat","embeddable":true,"href":"https:\/\/cargomesh.com\/es\/wp-json\/wp\/v2\/product_cat?post=10600"},{"taxonomy":"product_tag","embeddable":true,"href":"https:\/\/cargomesh.com\/es\/wp-json\/wp\/v2\/product_tag?post=10600"}],"curies":[{"name":"wp","href":"https:\/\/api.w.org\/{rel}","templated":true}]}}