{"id":11982,"date":"2025-11-24T17:06:05","date_gmt":"2025-11-24T16:06:05","guid":{"rendered":"https:\/\/cargomesh.com\/?post_type=product&#038;p=11982"},"modified":"2025-11-24T17:15:46","modified_gmt":"2025-11-24T16:15:46","slug":"rp022-comparacion-numero-6466wj-tuberia-de-agua-sin-mangueras-citroen-c5-iii-c6-3-0-hdi-kopie-kopie-kopie","status":"publish","type":"product","link":"https:\/\/cargomesh.com\/es\/product\/rp022-comparacion-numero-6466wj-tuberia-de-agua-sin-mangueras-citroen-c5-iii-c6-3-0-hdi-kopie-kopie-kopie\/","title":{"rendered":"RP022 Comparaci\u00f3n n\u00famero 6466WJ Tuber\u00eda de agua sin mangueras Citro\u00ebn C5 III C6 3.0 HDI (Kopie) (Kopie) (Kopie)"},"content":{"rendered":"","protected":false},"excerpt":{"rendered":"","protected":false},"featured_media":12007,"comment_status":"open","ping_status":"closed","template":"","meta":[],"product_brand":[],"product_cat":[780,451],"product_tag":[907,908],"class_list":{"0":"post-11982","1":"product","2":"type-product","3":"status-publish","4":"has-post-thumbnail","6":"product_cat-citroen-es","7":"product_cat-piezas-de-recambio-originales","8":"product_tag-citroen-es","9":"product_tag-citroen-c5-3-0-hdi-es","10":"product_shipping_class-luz","12":"first","13":"instock","14":"taxable","15":"shipping-taxable","16":"purchasable","17":"product-type-simple"},"yoast_head":"<!-- This site is optimized with the Yoast SEO Premium plugin v24.6 (Yoast SEO v27.5) - https:\/\/yoast.com\/product\/yoast-seo-premium-wordpress\/ -->\n<title>RP022 Comparaci\u00f3n n\u00famero 6466WJ Tuber\u00eda de agua sin mangueras Citro\u00ebn C5 III C6 3.0 HDI (Kopie) (Kopie) (Kopie) - CARGOMESH<\/title>\n<meta name=\"robots\" content=\"index, follow, max-snippet:-1, max-image-preview:large, max-video-preview:-1\" \/>\n<link rel=\"canonical\" href=\"https:\/\/cargomesh.com\/es\/product\/rp022-comparacion-numero-6466wj-tuberia-de-agua-sin-mangueras-citroen-c5-iii-c6-3-0-hdi-kopie-kopie-kopie\/\" \/>\n<meta property=\"og:locale\" content=\"es_ES\" \/>\n<meta property=\"og:type\" content=\"article\" \/>\n<meta property=\"og:title\" content=\"RP022 Comparaci\u00f3n n\u00famero 6466WJ Tuber\u00eda de agua sin mangueras Citro\u00ebn C5 III C6 3.0 HDI (Kopie) (Kopie) (Kopie)\" \/>\n<meta property=\"og:url\" content=\"https:\/\/cargomesh.com\/es\/product\/rp022-comparacion-numero-6466wj-tuberia-de-agua-sin-mangueras-citroen-c5-iii-c6-3-0-hdi-kopie-kopie-kopie\/\" \/>\n<meta property=\"og:site_name\" content=\"CARGOMESH\" \/>\n<meta property=\"article:publisher\" content=\"https:\/\/www.facebook.com\/CARGOPFERD\" \/>\n<meta property=\"article:modified_time\" content=\"2025-11-24T16:15:46+00:00\" \/>\n<meta property=\"og:image\" content=\"https:\/\/cargomesh.com\/wp-content\/uploads\/2025\/11\/RP080-Nockenwellenrad-0805F9-C5-C6-407-607-3.jpeg\" \/>\n\t<meta property=\"og:image:width\" content=\"1200\" \/>\n\t<meta property=\"og:image:height\" content=\"1200\" \/>\n\t<meta property=\"og:image:type\" content=\"image\/jpeg\" \/>\n<meta name=\"twitter:card\" content=\"summary_large_image\" \/>\n<meta name=\"twitter:label1\" content=\"Precio\" \/>\n\t<meta name=\"twitter:data1\" content=\"&euro;250,00 exkl. MwSt.\" \/>\n\t<meta name=\"twitter:label2\" content=\"Disponibilidad\" \/>\n\t<meta name=\"twitter:data2\" content=\"Disponible\" \/>\n<script type=\"application\/ld+json\" class=\"yoast-schema-graph\">{\"@context\":\"https:\\\/\\\/schema.org\",\"@graph\":[{\"@type\":\"WebPage\",\"@id\":\"https:\\\/\\\/cargomesh.com\\\/es\\\/product\\\/rp022-comparacion-numero-6466wj-tuberia-de-agua-sin-mangueras-citroen-c5-iii-c6-3-0-hdi-kopie-kopie-kopie\\\/\",\"url\":\"https:\\\/\\\/cargomesh.com\\\/es\\\/product\\\/rp022-comparacion-numero-6466wj-tuberia-de-agua-sin-mangueras-citroen-c5-iii-c6-3-0-hdi-kopie-kopie-kopie\\\/\",\"name\":\"RP022 Comparaci\u00f3n n\u00famero 6466WJ Tuber\u00eda de agua sin mangueras Citro\u00ebn C5 III C6 3.0 HDI (Kopie) (Kopie) (Kopie) - CARGOMESH\",\"isPartOf\":{\"@id\":\"https:\\\/\\\/cargomesh.com\\\/es\\\/#website\"},\"primaryImageOfPage\":{\"@id\":\"https:\\\/\\\/cargomesh.com\\\/es\\\/product\\\/rp022-comparacion-numero-6466wj-tuberia-de-agua-sin-mangueras-citroen-c5-iii-c6-3-0-hdi-kopie-kopie-kopie\\\/#primaryimage\"},\"image\":{\"@id\":\"https:\\\/\\\/cargomesh.com\\\/es\\\/product\\\/rp022-comparacion-numero-6466wj-tuberia-de-agua-sin-mangueras-citroen-c5-iii-c6-3-0-hdi-kopie-kopie-kopie\\\/#primaryimage\"},\"thumbnailUrl\":\"https:\\\/\\\/cargomesh.com\\\/wp-content\\\/uploads\\\/2025\\\/11\\\/RP080-Nockenwellenrad-0805F9-C5-C6-407-607-3.jpeg\",\"datePublished\":\"2025-11-24T16:06:05+00:00\",\"dateModified\":\"2025-11-24T16:15:46+00:00\",\"breadcrumb\":{\"@id\":\"https:\\\/\\\/cargomesh.com\\\/es\\\/product\\\/rp022-comparacion-numero-6466wj-tuberia-de-agua-sin-mangueras-citroen-c5-iii-c6-3-0-hdi-kopie-kopie-kopie\\\/#breadcrumb\"},\"inLanguage\":\"es\",\"potentialAction\":[{\"@type\":\"ReadAction\",\"target\":[\"https:\\\/\\\/cargomesh.com\\\/es\\\/product\\\/rp022-comparacion-numero-6466wj-tuberia-de-agua-sin-mangueras-citroen-c5-iii-c6-3-0-hdi-kopie-kopie-kopie\\\/\"]}]},{\"@type\":\"ImageObject\",\"inLanguage\":\"es\",\"@id\":\"https:\\\/\\\/cargomesh.com\\\/es\\\/product\\\/rp022-comparacion-numero-6466wj-tuberia-de-agua-sin-mangueras-citroen-c5-iii-c6-3-0-hdi-kopie-kopie-kopie\\\/#primaryimage\",\"url\":\"https:\\\/\\\/cargomesh.com\\\/wp-content\\\/uploads\\\/2025\\\/11\\\/RP080-Nockenwellenrad-0805F9-C5-C6-407-607-3.jpeg\",\"contentUrl\":\"https:\\\/\\\/cargomesh.com\\\/wp-content\\\/uploads\\\/2025\\\/11\\\/RP080-Nockenwellenrad-0805F9-C5-C6-407-607-3.jpeg\",\"width\":1200,\"height\":1200,\"caption\":\"Nockenwellenrad-0805F9\"},{\"@type\":\"BreadcrumbList\",\"@id\":\"https:\\\/\\\/cargomesh.com\\\/es\\\/product\\\/rp022-comparacion-numero-6466wj-tuberia-de-agua-sin-mangueras-citroen-c5-iii-c6-3-0-hdi-kopie-kopie-kopie\\\/#breadcrumb\",\"itemListElement\":[{\"@type\":\"ListItem\",\"position\":1,\"name\":\"Startseite\",\"item\":\"https:\\\/\\\/cargomesh.com\\\/es\\\/\"},{\"@type\":\"ListItem\",\"position\":2,\"name\":\"Productos\",\"item\":\"https:\\\/\\\/cargomesh.com\\\/es\\\/shop\\\/\"},{\"@type\":\"ListItem\",\"position\":3,\"name\":\"RP022 Comparaci\u00f3n n\u00famero 6466WJ Tuber\u00eda de agua sin mangueras Citro\u00ebn C5 III C6 3.0 HDI (Kopie) (Kopie) (Kopie)\"}]},{\"@type\":\"WebSite\",\"@id\":\"https:\\\/\\\/cargomesh.com\\\/es\\\/#website\",\"url\":\"https:\\\/\\\/cargomesh.com\\\/es\\\/\",\"name\":\"CARGOMESH\",\"description\":\"Ersatzteile\",\"publisher\":{\"@id\":\"https:\\\/\\\/cargomesh.com\\\/es\\\/#organization\"},\"potentialAction\":[{\"@type\":\"SearchAction\",\"target\":{\"@type\":\"EntryPoint\",\"urlTemplate\":\"https:\\\/\\\/cargomesh.com\\\/es\\\/?s={search_term_string}\"},\"query-input\":{\"@type\":\"PropertyValueSpecification\",\"valueRequired\":true,\"valueName\":\"search_term_string\"}}],\"inLanguage\":\"es\"},{\"@type\":\"Organization\",\"@id\":\"https:\\\/\\\/cargomesh.com\\\/es\\\/#organization\",\"name\":\"CARGOMESH GMBH\",\"url\":\"https:\\\/\\\/cargomesh.com\\\/es\\\/\",\"logo\":{\"@type\":\"ImageObject\",\"inLanguage\":\"es\",\"@id\":\"https:\\\/\\\/cargomesh.com\\\/es\\\/#\\\/schema\\\/logo\\\/image\\\/\",\"url\":\"https:\\\/\\\/cargomesh.com\\\/wp-content\\\/uploads\\\/2020\\\/08\\\/logo.jpg\",\"contentUrl\":\"https:\\\/\\\/cargomesh.com\\\/wp-content\\\/uploads\\\/2020\\\/08\\\/logo.jpg\",\"width\":722,\"height\":283,\"caption\":\"CARGOMESH GMBH\"},\"image\":{\"@id\":\"https:\\\/\\\/cargomesh.com\\\/es\\\/#\\\/schema\\\/logo\\\/image\\\/\"},\"sameAs\":[\"https:\\\/\\\/www.facebook.com\\\/CARGOPFERD\",\"https:\\\/\\\/www.instagram.com\\\/cargomesh\\\/\"],\"hasMerchantReturnPolicy\":{\"@type\":\"MerchantReturnPolicy\",\"merchantReturnLink\":\"https:\\\/\\\/cargomesh.com\\\/agb\\\/\"}}]}<\/script>\n<meta property=\"product:price:amount\" content=\"250.00\" \/>\n<meta property=\"product:price:currency\" content=\"EUR\" \/>\n<meta property=\"og:availability\" content=\"instock\" \/>\n<meta property=\"product:availability\" content=\"instock\" \/>\n<meta property=\"product:retailer_item_id\" content=\"0805FL\" \/>\n<meta property=\"product:condition\" content=\"new\" \/>\n<!-- \/ Yoast SEO Premium plugin. -->","yoast_head_json":{"title":"RP022 Comparaci\u00f3n n\u00famero 6466WJ Tuber\u00eda de agua sin mangueras Citro\u00ebn C5 III C6 3.0 HDI (Kopie) (Kopie) (Kopie) - CARGOMESH","robots":{"index":"index","follow":"follow","max-snippet":"max-snippet:-1","max-image-preview":"max-image-preview:large","max-video-preview":"max-video-preview:-1"},"canonical":"https:\/\/cargomesh.com\/es\/product\/rp022-comparacion-numero-6466wj-tuberia-de-agua-sin-mangueras-citroen-c5-iii-c6-3-0-hdi-kopie-kopie-kopie\/","og_locale":"es_ES","og_type":"article","og_title":"RP022 Comparaci\u00f3n n\u00famero 6466WJ Tuber\u00eda de agua sin mangueras Citro\u00ebn C5 III C6 3.0 HDI (Kopie) (Kopie) (Kopie)","og_url":"https:\/\/cargomesh.com\/es\/product\/rp022-comparacion-numero-6466wj-tuberia-de-agua-sin-mangueras-citroen-c5-iii-c6-3-0-hdi-kopie-kopie-kopie\/","og_site_name":"CARGOMESH","article_publisher":"https:\/\/www.facebook.com\/CARGOPFERD","article_modified_time":"2025-11-24T16:15:46+00:00","og_image":[{"width":1200,"height":1200,"url":"https:\/\/cargomesh.com\/wp-content\/uploads\/2025\/11\/RP080-Nockenwellenrad-0805F9-C5-C6-407-607-3.jpeg","type":"image\/jpeg"}],"twitter_card":"summary_large_image","twitter_misc":{"Precio":"&euro;250,00 exkl. MwSt.","Disponibilidad":"Disponible"},"schema":{"@context":"https:\/\/schema.org","@graph":[{"@type":"WebPage","@id":"https:\/\/cargomesh.com\/es\/product\/rp022-comparacion-numero-6466wj-tuberia-de-agua-sin-mangueras-citroen-c5-iii-c6-3-0-hdi-kopie-kopie-kopie\/","url":"https:\/\/cargomesh.com\/es\/product\/rp022-comparacion-numero-6466wj-tuberia-de-agua-sin-mangueras-citroen-c5-iii-c6-3-0-hdi-kopie-kopie-kopie\/","name":"RP022 Comparaci\u00f3n n\u00famero 6466WJ Tuber\u00eda de agua sin mangueras Citro\u00ebn C5 III C6 3.0 HDI (Kopie) (Kopie) (Kopie) - CARGOMESH","isPartOf":{"@id":"https:\/\/cargomesh.com\/es\/#website"},"primaryImageOfPage":{"@id":"https:\/\/cargomesh.com\/es\/product\/rp022-comparacion-numero-6466wj-tuberia-de-agua-sin-mangueras-citroen-c5-iii-c6-3-0-hdi-kopie-kopie-kopie\/#primaryimage"},"image":{"@id":"https:\/\/cargomesh.com\/es\/product\/rp022-comparacion-numero-6466wj-tuberia-de-agua-sin-mangueras-citroen-c5-iii-c6-3-0-hdi-kopie-kopie-kopie\/#primaryimage"},"thumbnailUrl":"https:\/\/cargomesh.com\/wp-content\/uploads\/2025\/11\/RP080-Nockenwellenrad-0805F9-C5-C6-407-607-3.jpeg","datePublished":"2025-11-24T16:06:05+00:00","dateModified":"2025-11-24T16:15:46+00:00","breadcrumb":{"@id":"https:\/\/cargomesh.com\/es\/product\/rp022-comparacion-numero-6466wj-tuberia-de-agua-sin-mangueras-citroen-c5-iii-c6-3-0-hdi-kopie-kopie-kopie\/#breadcrumb"},"inLanguage":"es","potentialAction":[{"@type":"ReadAction","target":["https:\/\/cargomesh.com\/es\/product\/rp022-comparacion-numero-6466wj-tuberia-de-agua-sin-mangueras-citroen-c5-iii-c6-3-0-hdi-kopie-kopie-kopie\/"]}]},{"@type":"ImageObject","inLanguage":"es","@id":"https:\/\/cargomesh.com\/es\/product\/rp022-comparacion-numero-6466wj-tuberia-de-agua-sin-mangueras-citroen-c5-iii-c6-3-0-hdi-kopie-kopie-kopie\/#primaryimage","url":"https:\/\/cargomesh.com\/wp-content\/uploads\/2025\/11\/RP080-Nockenwellenrad-0805F9-C5-C6-407-607-3.jpeg","contentUrl":"https:\/\/cargomesh.com\/wp-content\/uploads\/2025\/11\/RP080-Nockenwellenrad-0805F9-C5-C6-407-607-3.jpeg","width":1200,"height":1200,"caption":"Nockenwellenrad-0805F9"},{"@type":"BreadcrumbList","@id":"https:\/\/cargomesh.com\/es\/product\/rp022-comparacion-numero-6466wj-tuberia-de-agua-sin-mangueras-citroen-c5-iii-c6-3-0-hdi-kopie-kopie-kopie\/#breadcrumb","itemListElement":[{"@type":"ListItem","position":1,"name":"Startseite","item":"https:\/\/cargomesh.com\/es\/"},{"@type":"ListItem","position":2,"name":"Productos","item":"https:\/\/cargomesh.com\/es\/shop\/"},{"@type":"ListItem","position":3,"name":"RP022 Comparaci\u00f3n n\u00famero 6466WJ Tuber\u00eda de agua sin mangueras Citro\u00ebn C5 III C6 3.0 HDI (Kopie) (Kopie) (Kopie)"}]},{"@type":"WebSite","@id":"https:\/\/cargomesh.com\/es\/#website","url":"https:\/\/cargomesh.com\/es\/","name":"CARGOMESH","description":"Ersatzteile","publisher":{"@id":"https:\/\/cargomesh.com\/es\/#organization"},"potentialAction":[{"@type":"SearchAction","target":{"@type":"EntryPoint","urlTemplate":"https:\/\/cargomesh.com\/es\/?s={search_term_string}"},"query-input":{"@type":"PropertyValueSpecification","valueRequired":true,"valueName":"search_term_string"}}],"inLanguage":"es"},{"@type":"Organization","@id":"https:\/\/cargomesh.com\/es\/#organization","name":"CARGOMESH GMBH","url":"https:\/\/cargomesh.com\/es\/","logo":{"@type":"ImageObject","inLanguage":"es","@id":"https:\/\/cargomesh.com\/es\/#\/schema\/logo\/image\/","url":"https:\/\/cargomesh.com\/wp-content\/uploads\/2020\/08\/logo.jpg","contentUrl":"https:\/\/cargomesh.com\/wp-content\/uploads\/2020\/08\/logo.jpg","width":722,"height":283,"caption":"CARGOMESH GMBH"},"image":{"@id":"https:\/\/cargomesh.com\/es\/#\/schema\/logo\/image\/"},"sameAs":["https:\/\/www.facebook.com\/CARGOPFERD","https:\/\/www.instagram.com\/cargomesh\/"],"hasMerchantReturnPolicy":{"@type":"MerchantReturnPolicy","merchantReturnLink":"https:\/\/cargomesh.com\/agb\/"}}]},"product_price_amount":"250.00","product_price_currency":"EUR","og_availability":"instock","product_availability":"instock","product_retailer_item_id":"0805FL","product_condition":"new"},"_links":{"self":[{"href":"https:\/\/cargomesh.com\/es\/wp-json\/wp\/v2\/product\/11982","targetHints":{"allow":["GET"]}}],"collection":[{"href":"https:\/\/cargomesh.com\/es\/wp-json\/wp\/v2\/product"}],"about":[{"href":"https:\/\/cargomesh.com\/es\/wp-json\/wp\/v2\/types\/product"}],"replies":[{"embeddable":true,"href":"https:\/\/cargomesh.com\/es\/wp-json\/wp\/v2\/comments?post=11982"}],"version-history":[{"count":1,"href":"https:\/\/cargomesh.com\/es\/wp-json\/wp\/v2\/product\/11982\/revisions"}],"predecessor-version":[{"id":12037,"href":"https:\/\/cargomesh.com\/es\/wp-json\/wp\/v2\/product\/11982\/revisions\/12037"}],"wp:featuredmedia":[{"embeddable":true,"href":"https:\/\/cargomesh.com\/es\/wp-json\/wp\/v2\/media\/12007"}],"wp:attachment":[{"href":"https:\/\/cargomesh.com\/es\/wp-json\/wp\/v2\/media?parent=11982"}],"wp:term":[{"taxonomy":"product_brand","embeddable":true,"href":"https:\/\/cargomesh.com\/es\/wp-json\/wp\/v2\/product_brand?post=11982"},{"taxonomy":"product_cat","embeddable":true,"href":"https:\/\/cargomesh.com\/es\/wp-json\/wp\/v2\/product_cat?post=11982"},{"taxonomy":"product_tag","embeddable":true,"href":"https:\/\/cargomesh.com\/es\/wp-json\/wp\/v2\/product_tag?post=11982"}],"curies":[{"name":"wp","href":"https:\/\/api.w.org\/{rel}","templated":true}]}}