{"id":6408,"date":"2024-03-19T22:31:25","date_gmt":"2024-03-19T21:31:25","guid":{"rendered":"https:\/\/cargomesh.com\/product\/rp077-trapecio-superior-espace-ii-referencia-7700706052\/"},"modified":"2025-12-08T23:41:08","modified_gmt":"2025-12-08T22:41:08","slug":"rp077-trapecio-superior-espace-ii-referencia-7700706052","status":"publish","type":"product","link":"https:\/\/cargomesh.com\/es\/product\/rp077-trapecio-superior-espace-ii-referencia-7700706052\/","title":{"rendered":"RP077 Querlenker oben Espace II Vergleichsnummer  7700706052"},"content":{"rendered":"<div class=\"col-lg-6 s_col_no_bgcolor pb0\">\n<div class=\"row\">\n<div class=\"col-lg-12 o_colored_level pb0 pt0\" data-name=\"Box\">\n<div class=\"s_features_grid_content\"><\/div>\n<\/div>\n<div class=\"col-lg-12 o_colored_level pt0 pb0\" data-name=\"Box\">\n<p>&nbsp;<\/p>\n<div class=\"s_features_grid_content\">\n<h4>Hohe Qualit\u00e4t und Neuware<\/h4>\n<\/div>\n<\/div>\n<\/div>\n<\/div>\n<div class=\"col-lg-6 s_col_no_bgcolor pb0\">\n<div class=\"row\">\n<div class=\"col-lg-12 o_colored_level pt0 pb0\" data-name=\"Box\">\n<div class=\"s_features_grid_content\">\n<h4>Alle Artikel werden gem\u00e4ss Vorlage des Original-Ersazteils gefertigt.<\/h4>\n<\/div>\n<\/div>\n<div class=\"col-lg-12 o_colored_level pt0 pb0\" data-name=\"Box\">\n<p>&nbsp;<\/p>\n<div class=\"s_features_grid_content\">\n<h4>Lieferpauschale f\u00fcr Europa<br \/>\nFester Preis f\u00fcr die Lieferung per Express-Kurier mit DSV<\/h4>\n<\/div>\n<\/div>\n<\/div>\n<\/div>\n","protected":false},"excerpt":{"rendered":"<p>&nbsp; Hohe Qualit\u00e4t und Neuware Alle Artikel werden gem\u00e4ss Vorlage des Original-Ersazteils gefertigt. &nbsp; Lieferpauschale f\u00fcr Europa Fester Preis f\u00fcr die Lieferung per Express-Kurier mit DSV<\/p>\n","protected":false},"featured_media":5887,"comment_status":"open","ping_status":"closed","template":"","meta":[],"product_brand":[],"product_cat":[451,459],"product_tag":[500,477,485,468,490,497],"class_list":{"0":"post-6408","1":"product","2":"type-product","3":"status-publish","4":"has-post-thumbnail","6":"product_cat-piezas-de-recambio-originales","7":"product_cat-renault-es","8":"product_tag-7700706052-es","9":"product_tag-espacio","10":"product_tag-ii-es","11":"product_tag-renault-es","12":"product_tag-renault-espace-ii-es","13":"product_tag-trapecio-superior","15":"first","16":"instock","17":"taxable","18":"shipping-taxable","19":"purchasable","20":"product-type-simple"},"yoast_head":"<!-- This site is optimized with the Yoast SEO Premium plugin v24.6 (Yoast SEO v27.5) - https:\/\/yoast.com\/product\/yoast-seo-premium-wordpress\/ -->\n<title>RP077 Querlenker oben Espace II Vergleichsnummer 7700706052 - CARGOMESH<\/title>\n<meta name=\"description\" content=\"Hochwertige, neue Querlenker oben (Typ 7700706052) f\u00fcr Renault Espace II - exakt nach Original-Ersatzteilvorlage gefertigt. Profitieren Sie von festen Express-Lieferpauschalen in Europa. Jetzt verf\u00fcgbar!\" \/>\n<meta name=\"robots\" content=\"index, follow, max-snippet:-1, max-image-preview:large, max-video-preview:-1\" \/>\n<link rel=\"canonical\" href=\"https:\/\/cargomesh.com\/es\/product\/rp077-trapecio-superior-espace-ii-referencia-7700706052\/\" \/>\n<meta property=\"og:locale\" content=\"es_ES\" \/>\n<meta property=\"og:type\" content=\"article\" \/>\n<meta property=\"og:title\" content=\"RP077 Querlenker oben Espace II Vergleichsnummer 7700706052\" \/>\n<meta property=\"og:description\" content=\"Hochwertige, neue Querlenker oben (Typ 7700706052) f\u00fcr Renault Espace II - exakt nach Original-Ersatzteilvorlage gefertigt. Profitieren Sie von festen Express-Lieferpauschalen in Europa. Jetzt verf\u00fcgbar!\" \/>\n<meta property=\"og:url\" content=\"https:\/\/cargomesh.com\/es\/product\/rp077-trapecio-superior-espace-ii-referencia-7700706052\/\" \/>\n<meta property=\"og:site_name\" content=\"CARGOMESH\" \/>\n<meta property=\"article:publisher\" content=\"https:\/\/www.facebook.com\/CARGOPFERD\" \/>\n<meta property=\"article:modified_time\" content=\"2025-12-08T22:41:08+00:00\" \/>\n<meta property=\"og:image\" content=\"https:\/\/cargomesh.com\/wp-content\/uploads\/2024\/03\/Querlenker-oben-Espace-II-Vergleichsnummer-7700706052_1-e1710886334276.png\" \/>\n\t<meta property=\"og:image:width\" content=\"623\" \/>\n\t<meta property=\"og:image:height\" content=\"200\" \/>\n\t<meta property=\"og:image:type\" content=\"image\/png\" \/>\n<meta name=\"twitter:card\" content=\"summary_large_image\" \/>\n<meta name=\"twitter:label1\" content=\"Precio\" \/>\n\t<meta name=\"twitter:data1\" content=\"&euro;189,00 exkl. MwSt.\" \/>\n\t<meta name=\"twitter:label2\" content=\"Disponibilidad\" \/>\n\t<meta name=\"twitter:data2\" content=\"Disponible\" \/>\n<script type=\"application\/ld+json\" class=\"yoast-schema-graph\">{\"@context\":\"https:\\\/\\\/schema.org\",\"@graph\":[{\"@type\":\"WebPage\",\"@id\":\"https:\\\/\\\/cargomesh.com\\\/es\\\/product\\\/rp077-trapecio-superior-espace-ii-referencia-7700706052\\\/\",\"url\":\"https:\\\/\\\/cargomesh.com\\\/es\\\/product\\\/rp077-trapecio-superior-espace-ii-referencia-7700706052\\\/\",\"name\":\"RP077 Querlenker oben Espace II Vergleichsnummer 7700706052 - CARGOMESH\",\"isPartOf\":{\"@id\":\"https:\\\/\\\/cargomesh.com\\\/es\\\/#website\"},\"primaryImageOfPage\":{\"@id\":\"https:\\\/\\\/cargomesh.com\\\/es\\\/product\\\/rp077-trapecio-superior-espace-ii-referencia-7700706052\\\/#primaryimage\"},\"image\":{\"@id\":\"https:\\\/\\\/cargomesh.com\\\/es\\\/product\\\/rp077-trapecio-superior-espace-ii-referencia-7700706052\\\/#primaryimage\"},\"thumbnailUrl\":\"https:\\\/\\\/cargomesh.com\\\/wp-content\\\/uploads\\\/2024\\\/03\\\/Querlenker-oben-Espace-II-Vergleichsnummer-7700706052_1-e1710886334276.png\",\"datePublished\":\"2024-03-19T21:31:25+00:00\",\"dateModified\":\"2025-12-08T22:41:08+00:00\",\"description\":\"Hochwertige, neue Querlenker oben (Typ 7700706052) f\u00fcr Renault Espace II - exakt nach Original-Ersatzteilvorlage gefertigt. Profitieren Sie von festen Express-Lieferpauschalen in Europa. Jetzt verf\u00fcgbar!\",\"breadcrumb\":{\"@id\":\"https:\\\/\\\/cargomesh.com\\\/es\\\/product\\\/rp077-trapecio-superior-espace-ii-referencia-7700706052\\\/#breadcrumb\"},\"inLanguage\":\"es\",\"potentialAction\":[{\"@type\":\"ReadAction\",\"target\":[\"https:\\\/\\\/cargomesh.com\\\/es\\\/product\\\/rp077-trapecio-superior-espace-ii-referencia-7700706052\\\/\"]}]},{\"@type\":\"ImageObject\",\"inLanguage\":\"es\",\"@id\":\"https:\\\/\\\/cargomesh.com\\\/es\\\/product\\\/rp077-trapecio-superior-espace-ii-referencia-7700706052\\\/#primaryimage\",\"url\":\"https:\\\/\\\/cargomesh.com\\\/wp-content\\\/uploads\\\/2024\\\/03\\\/Querlenker-oben-Espace-II-Vergleichsnummer-7700706052_1-e1710886334276.png\",\"contentUrl\":\"https:\\\/\\\/cargomesh.com\\\/wp-content\\\/uploads\\\/2024\\\/03\\\/Querlenker-oben-Espace-II-Vergleichsnummer-7700706052_1-e1710886334276.png\",\"width\":623,\"height\":200,\"caption\":\"Upper Control Arm RP077 7700706052 for Renault Espace II\"},{\"@type\":\"BreadcrumbList\",\"@id\":\"https:\\\/\\\/cargomesh.com\\\/es\\\/product\\\/rp077-trapecio-superior-espace-ii-referencia-7700706052\\\/#breadcrumb\",\"itemListElement\":[{\"@type\":\"ListItem\",\"position\":1,\"name\":\"Startseite\",\"item\":\"https:\\\/\\\/cargomesh.com\\\/es\\\/\"},{\"@type\":\"ListItem\",\"position\":2,\"name\":\"Productos\",\"item\":\"https:\\\/\\\/cargomesh.com\\\/es\\\/shop\\\/\"},{\"@type\":\"ListItem\",\"position\":3,\"name\":\"RP077 Querlenker oben Espace II Vergleichsnummer 7700706052\"}]},{\"@type\":\"WebSite\",\"@id\":\"https:\\\/\\\/cargomesh.com\\\/es\\\/#website\",\"url\":\"https:\\\/\\\/cargomesh.com\\\/es\\\/\",\"name\":\"CARGOMESH\",\"description\":\"Ersatzteile\",\"publisher\":{\"@id\":\"https:\\\/\\\/cargomesh.com\\\/es\\\/#organization\"},\"potentialAction\":[{\"@type\":\"SearchAction\",\"target\":{\"@type\":\"EntryPoint\",\"urlTemplate\":\"https:\\\/\\\/cargomesh.com\\\/es\\\/?s={search_term_string}\"},\"query-input\":{\"@type\":\"PropertyValueSpecification\",\"valueRequired\":true,\"valueName\":\"search_term_string\"}}],\"inLanguage\":\"es\"},{\"@type\":\"Organization\",\"@id\":\"https:\\\/\\\/cargomesh.com\\\/es\\\/#organization\",\"name\":\"CARGOMESH GMBH\",\"url\":\"https:\\\/\\\/cargomesh.com\\\/es\\\/\",\"logo\":{\"@type\":\"ImageObject\",\"inLanguage\":\"es\",\"@id\":\"https:\\\/\\\/cargomesh.com\\\/es\\\/#\\\/schema\\\/logo\\\/image\\\/\",\"url\":\"https:\\\/\\\/cargomesh.com\\\/wp-content\\\/uploads\\\/2020\\\/08\\\/logo.jpg\",\"contentUrl\":\"https:\\\/\\\/cargomesh.com\\\/wp-content\\\/uploads\\\/2020\\\/08\\\/logo.jpg\",\"width\":722,\"height\":283,\"caption\":\"CARGOMESH GMBH\"},\"image\":{\"@id\":\"https:\\\/\\\/cargomesh.com\\\/es\\\/#\\\/schema\\\/logo\\\/image\\\/\"},\"sameAs\":[\"https:\\\/\\\/www.facebook.com\\\/CARGOPFERD\",\"https:\\\/\\\/www.instagram.com\\\/cargomesh\\\/\"],\"hasMerchantReturnPolicy\":{\"@type\":\"MerchantReturnPolicy\",\"merchantReturnLink\":\"https:\\\/\\\/cargomesh.com\\\/agb\\\/\"}}]}<\/script>\n<meta property=\"product:price:amount\" content=\"189.00\" \/>\n<meta property=\"product:price:currency\" content=\"EUR\" \/>\n<meta property=\"og:availability\" content=\"instock\" \/>\n<meta property=\"product:availability\" content=\"instock\" \/>\n<meta property=\"product:retailer_item_id\" content=\"7700822908-1-1-1-1\" \/>\n<meta property=\"product:condition\" content=\"new\" \/>\n<!-- \/ Yoast SEO Premium plugin. -->","yoast_head_json":{"title":"RP077 Querlenker oben Espace II Vergleichsnummer 7700706052 - CARGOMESH","description":"Hochwertige, neue Querlenker oben (Typ 7700706052) f\u00fcr Renault Espace II - exakt nach Original-Ersatzteilvorlage gefertigt. Profitieren Sie von festen Express-Lieferpauschalen in Europa. Jetzt verf\u00fcgbar!","robots":{"index":"index","follow":"follow","max-snippet":"max-snippet:-1","max-image-preview":"max-image-preview:large","max-video-preview":"max-video-preview:-1"},"canonical":"https:\/\/cargomesh.com\/es\/product\/rp077-trapecio-superior-espace-ii-referencia-7700706052\/","og_locale":"es_ES","og_type":"article","og_title":"RP077 Querlenker oben Espace II Vergleichsnummer 7700706052","og_description":"Hochwertige, neue Querlenker oben (Typ 7700706052) f\u00fcr Renault Espace II - exakt nach Original-Ersatzteilvorlage gefertigt. Profitieren Sie von festen Express-Lieferpauschalen in Europa. Jetzt verf\u00fcgbar!","og_url":"https:\/\/cargomesh.com\/es\/product\/rp077-trapecio-superior-espace-ii-referencia-7700706052\/","og_site_name":"CARGOMESH","article_publisher":"https:\/\/www.facebook.com\/CARGOPFERD","article_modified_time":"2025-12-08T22:41:08+00:00","og_image":[{"width":623,"height":200,"url":"https:\/\/cargomesh.com\/wp-content\/uploads\/2024\/03\/Querlenker-oben-Espace-II-Vergleichsnummer-7700706052_1-e1710886334276.png","type":"image\/png"}],"twitter_card":"summary_large_image","twitter_misc":{"Precio":"&euro;189,00 exkl. MwSt.","Disponibilidad":"Disponible"},"schema":{"@context":"https:\/\/schema.org","@graph":[{"@type":"WebPage","@id":"https:\/\/cargomesh.com\/es\/product\/rp077-trapecio-superior-espace-ii-referencia-7700706052\/","url":"https:\/\/cargomesh.com\/es\/product\/rp077-trapecio-superior-espace-ii-referencia-7700706052\/","name":"RP077 Querlenker oben Espace II Vergleichsnummer 7700706052 - CARGOMESH","isPartOf":{"@id":"https:\/\/cargomesh.com\/es\/#website"},"primaryImageOfPage":{"@id":"https:\/\/cargomesh.com\/es\/product\/rp077-trapecio-superior-espace-ii-referencia-7700706052\/#primaryimage"},"image":{"@id":"https:\/\/cargomesh.com\/es\/product\/rp077-trapecio-superior-espace-ii-referencia-7700706052\/#primaryimage"},"thumbnailUrl":"https:\/\/cargomesh.com\/wp-content\/uploads\/2024\/03\/Querlenker-oben-Espace-II-Vergleichsnummer-7700706052_1-e1710886334276.png","datePublished":"2024-03-19T21:31:25+00:00","dateModified":"2025-12-08T22:41:08+00:00","description":"Hochwertige, neue Querlenker oben (Typ 7700706052) f\u00fcr Renault Espace II - exakt nach Original-Ersatzteilvorlage gefertigt. Profitieren Sie von festen Express-Lieferpauschalen in Europa. Jetzt verf\u00fcgbar!","breadcrumb":{"@id":"https:\/\/cargomesh.com\/es\/product\/rp077-trapecio-superior-espace-ii-referencia-7700706052\/#breadcrumb"},"inLanguage":"es","potentialAction":[{"@type":"ReadAction","target":["https:\/\/cargomesh.com\/es\/product\/rp077-trapecio-superior-espace-ii-referencia-7700706052\/"]}]},{"@type":"ImageObject","inLanguage":"es","@id":"https:\/\/cargomesh.com\/es\/product\/rp077-trapecio-superior-espace-ii-referencia-7700706052\/#primaryimage","url":"https:\/\/cargomesh.com\/wp-content\/uploads\/2024\/03\/Querlenker-oben-Espace-II-Vergleichsnummer-7700706052_1-e1710886334276.png","contentUrl":"https:\/\/cargomesh.com\/wp-content\/uploads\/2024\/03\/Querlenker-oben-Espace-II-Vergleichsnummer-7700706052_1-e1710886334276.png","width":623,"height":200,"caption":"Upper Control Arm RP077 7700706052 for Renault Espace II"},{"@type":"BreadcrumbList","@id":"https:\/\/cargomesh.com\/es\/product\/rp077-trapecio-superior-espace-ii-referencia-7700706052\/#breadcrumb","itemListElement":[{"@type":"ListItem","position":1,"name":"Startseite","item":"https:\/\/cargomesh.com\/es\/"},{"@type":"ListItem","position":2,"name":"Productos","item":"https:\/\/cargomesh.com\/es\/shop\/"},{"@type":"ListItem","position":3,"name":"RP077 Querlenker oben Espace II Vergleichsnummer 7700706052"}]},{"@type":"WebSite","@id":"https:\/\/cargomesh.com\/es\/#website","url":"https:\/\/cargomesh.com\/es\/","name":"CARGOMESH","description":"Ersatzteile","publisher":{"@id":"https:\/\/cargomesh.com\/es\/#organization"},"potentialAction":[{"@type":"SearchAction","target":{"@type":"EntryPoint","urlTemplate":"https:\/\/cargomesh.com\/es\/?s={search_term_string}"},"query-input":{"@type":"PropertyValueSpecification","valueRequired":true,"valueName":"search_term_string"}}],"inLanguage":"es"},{"@type":"Organization","@id":"https:\/\/cargomesh.com\/es\/#organization","name":"CARGOMESH GMBH","url":"https:\/\/cargomesh.com\/es\/","logo":{"@type":"ImageObject","inLanguage":"es","@id":"https:\/\/cargomesh.com\/es\/#\/schema\/logo\/image\/","url":"https:\/\/cargomesh.com\/wp-content\/uploads\/2020\/08\/logo.jpg","contentUrl":"https:\/\/cargomesh.com\/wp-content\/uploads\/2020\/08\/logo.jpg","width":722,"height":283,"caption":"CARGOMESH GMBH"},"image":{"@id":"https:\/\/cargomesh.com\/es\/#\/schema\/logo\/image\/"},"sameAs":["https:\/\/www.facebook.com\/CARGOPFERD","https:\/\/www.instagram.com\/cargomesh\/"],"hasMerchantReturnPolicy":{"@type":"MerchantReturnPolicy","merchantReturnLink":"https:\/\/cargomesh.com\/agb\/"}}]},"product_price_amount":"189.00","product_price_currency":"EUR","og_availability":"instock","product_availability":"instock","product_retailer_item_id":"7700822908-1-1-1-1","product_condition":"new"},"_links":{"self":[{"href":"https:\/\/cargomesh.com\/es\/wp-json\/wp\/v2\/product\/6408","targetHints":{"allow":["GET"]}}],"collection":[{"href":"https:\/\/cargomesh.com\/es\/wp-json\/wp\/v2\/product"}],"about":[{"href":"https:\/\/cargomesh.com\/es\/wp-json\/wp\/v2\/types\/product"}],"replies":[{"embeddable":true,"href":"https:\/\/cargomesh.com\/es\/wp-json\/wp\/v2\/comments?post=6408"}],"version-history":[{"count":2,"href":"https:\/\/cargomesh.com\/es\/wp-json\/wp\/v2\/product\/6408\/revisions"}],"predecessor-version":[{"id":13028,"href":"https:\/\/cargomesh.com\/es\/wp-json\/wp\/v2\/product\/6408\/revisions\/13028"}],"wp:featuredmedia":[{"embeddable":true,"href":"https:\/\/cargomesh.com\/es\/wp-json\/wp\/v2\/media\/5887"}],"wp:attachment":[{"href":"https:\/\/cargomesh.com\/es\/wp-json\/wp\/v2\/media?parent=6408"}],"wp:term":[{"taxonomy":"product_brand","embeddable":true,"href":"https:\/\/cargomesh.com\/es\/wp-json\/wp\/v2\/product_brand?post=6408"},{"taxonomy":"product_cat","embeddable":true,"href":"https:\/\/cargomesh.com\/es\/wp-json\/wp\/v2\/product_cat?post=6408"},{"taxonomy":"product_tag","embeddable":true,"href":"https:\/\/cargomesh.com\/es\/wp-json\/wp\/v2\/product_tag?post=6408"}],"curies":[{"name":"wp","href":"https:\/\/api.w.org\/{rel}","templated":true}]}}