{"id":6505,"date":"2024-03-19T22:27:08","date_gmt":"2024-03-19T21:27:08","guid":{"rendered":"https:\/\/cargomesh.com\/product\/rp013-numero-de-comparacion-4014aw-9656033780-linea-de-alta-presion\/"},"modified":"2025-12-08T23:41:04","modified_gmt":"2025-12-08T22:41:04","slug":"rp013-numero-de-comparacion-4014aw-9656033780-linea-de-alta-presion","status":"publish","type":"product","link":"https:\/\/cargomesh.com\/es\/product\/rp013-numero-de-comparacion-4014aw-9656033780-linea-de-alta-presion\/","title":{"rendered":"RP013 Vergleichsnummer 4014AW  9656033780 Hochdruck-Leitung"},"content":{"rendered":"<div class=\"col-lg-6 s_col_no_bgcolor pb0\">\n<div class=\"row\">\n<div class=\"col-lg-12 o_colored_level pb0 pt0\" data-name=\"Box\">\n<div class=\"s_features_grid_content\"><\/div>\n<\/div>\n<div class=\"col-lg-12 o_colored_level pt0 pb0\" data-name=\"Box\">\n<p>&nbsp;<\/p>\n<div class=\"s_features_grid_content\">\n<h4>Hohe Qualit\u00e4t und Neuware<\/h4>\n<\/div>\n<\/div>\n<\/div>\n<\/div>\n<div class=\"col-lg-6 s_col_no_bgcolor pb0\">\n<div class=\"row\">\n<div class=\"col-lg-12 o_colored_level pt0 pb0\" data-name=\"Box\">\n<div class=\"s_features_grid_content\">\n<h4>Alle Artikel werden gem\u00e4ss Vorlage des Original-Ersazteils gefertigt.<\/h4>\n<\/div>\n<\/div>\n<div class=\"col-lg-12 o_colored_level pt0 pb0\" data-name=\"Box\">\n<p>&nbsp;<\/p>\n<div class=\"s_features_grid_content\">\n<h4>Lieferpauschale f\u00fcr Europa<br \/>\nFester Preis f\u00fcr die Lieferung per Express-Kurier mit DSV<\/h4>\n<\/div>\n<\/div>\n<\/div>\n<\/div>\n","protected":false},"excerpt":{"rendered":"<p>&nbsp; Hohe Qualit\u00e4t und Neuware Alle Artikel werden gem\u00e4ss Vorlage des Original-Ersazteils gefertigt. &nbsp; Lieferpauschale f\u00fcr Europa Fester Preis f\u00fcr die Lieferung per Express-Kurier mit DSV<\/p>\n","protected":false},"featured_media":5563,"comment_status":"open","ping_status":"closed","template":"","meta":[],"product_brand":[],"product_cat":[451,459],"product_tag":[683,685,679,681],"class_list":{"0":"post-6505","1":"product","2":"type-product","3":"status-publish","4":"has-post-thumbnail","6":"product_cat-piezas-de-recambio-originales","7":"product_cat-renault-es","8":"product_tag-4014aw-es","9":"product_tag-9656033780-es","10":"product_tag-linea-de-alta-presion","11":"product_tag-peugeot-407-es","13":"first","14":"instock","15":"taxable","16":"shipping-taxable","17":"purchasable","18":"product-type-simple"},"yoast_head":"<!-- This site is optimized with the Yoast SEO Premium plugin v24.6 (Yoast SEO v27.5) - https:\/\/yoast.com\/product\/yoast-seo-premium-wordpress\/ -->\n<title>RP013 Vergleichsnummer 4014AW 9656033780 Hochdruck-Leitung - CARGOMESH<\/title>\n<meta name=\"robots\" content=\"index, follow, max-snippet:-1, max-image-preview:large, max-video-preview:-1\" \/>\n<link rel=\"canonical\" href=\"https:\/\/cargomesh.com\/es\/product\/rp013-numero-de-comparacion-4014aw-9656033780-linea-de-alta-presion\/\" \/>\n<meta property=\"og:locale\" content=\"es_ES\" \/>\n<meta property=\"og:type\" content=\"article\" \/>\n<meta property=\"og:title\" content=\"RP013 Vergleichsnummer 4014AW 9656033780 Hochdruck-Leitung\" \/>\n<meta property=\"og:description\" content=\"&nbsp; Hohe Qualit\u00e4t und Neuware Alle Artikel werden gem\u00e4ss Vorlage des Original-Ersazteils gefertigt. &nbsp; Lieferpauschale f\u00fcr Europa Fester Preis f\u00fcr die Lieferung per Express-Kurier mit DSV\" \/>\n<meta property=\"og:url\" content=\"https:\/\/cargomesh.com\/es\/product\/rp013-numero-de-comparacion-4014aw-9656033780-linea-de-alta-presion\/\" \/>\n<meta property=\"og:site_name\" content=\"CARGOMESH\" \/>\n<meta property=\"article:publisher\" content=\"https:\/\/www.facebook.com\/CARGOPFERD\" \/>\n<meta property=\"article:modified_time\" content=\"2025-12-08T22:41:04+00:00\" \/>\n<meta property=\"og:image\" content=\"https:\/\/cargomesh.com\/wp-content\/uploads\/2024\/03\/RP013-4014AW-9656033780-HD-Leitung.png\" \/>\n\t<meta property=\"og:image:width\" content=\"1920\" \/>\n\t<meta property=\"og:image:height\" content=\"1280\" \/>\n\t<meta property=\"og:image:type\" content=\"image\/png\" \/>\n<meta name=\"twitter:card\" content=\"summary_large_image\" \/>\n<meta name=\"twitter:label1\" content=\"Precio\" \/>\n\t<meta name=\"twitter:data1\" content=\"&euro;348,00 exkl. MwSt.\" \/>\n\t<meta name=\"twitter:label2\" content=\"Disponibilidad\" \/>\n\t<meta name=\"twitter:data2\" content=\"Disponible\" \/>\n<script type=\"application\/ld+json\" class=\"yoast-schema-graph\">{\"@context\":\"https:\\\/\\\/schema.org\",\"@graph\":[{\"@type\":\"WebPage\",\"@id\":\"https:\\\/\\\/cargomesh.com\\\/es\\\/product\\\/rp013-numero-de-comparacion-4014aw-9656033780-linea-de-alta-presion\\\/\",\"url\":\"https:\\\/\\\/cargomesh.com\\\/es\\\/product\\\/rp013-numero-de-comparacion-4014aw-9656033780-linea-de-alta-presion\\\/\",\"name\":\"RP013 Vergleichsnummer 4014AW 9656033780 Hochdruck-Leitung - CARGOMESH\",\"isPartOf\":{\"@id\":\"https:\\\/\\\/cargomesh.com\\\/es\\\/#website\"},\"primaryImageOfPage\":{\"@id\":\"https:\\\/\\\/cargomesh.com\\\/es\\\/product\\\/rp013-numero-de-comparacion-4014aw-9656033780-linea-de-alta-presion\\\/#primaryimage\"},\"image\":{\"@id\":\"https:\\\/\\\/cargomesh.com\\\/es\\\/product\\\/rp013-numero-de-comparacion-4014aw-9656033780-linea-de-alta-presion\\\/#primaryimage\"},\"thumbnailUrl\":\"https:\\\/\\\/cargomesh.com\\\/wp-content\\\/uploads\\\/2024\\\/03\\\/RP013-4014AW-9656033780-HD-Leitung.png\",\"datePublished\":\"2024-03-19T21:27:08+00:00\",\"dateModified\":\"2025-12-08T22:41:04+00:00\",\"breadcrumb\":{\"@id\":\"https:\\\/\\\/cargomesh.com\\\/es\\\/product\\\/rp013-numero-de-comparacion-4014aw-9656033780-linea-de-alta-presion\\\/#breadcrumb\"},\"inLanguage\":\"es\",\"potentialAction\":[{\"@type\":\"ReadAction\",\"target\":[\"https:\\\/\\\/cargomesh.com\\\/es\\\/product\\\/rp013-numero-de-comparacion-4014aw-9656033780-linea-de-alta-presion\\\/\"]}]},{\"@type\":\"ImageObject\",\"inLanguage\":\"es\",\"@id\":\"https:\\\/\\\/cargomesh.com\\\/es\\\/product\\\/rp013-numero-de-comparacion-4014aw-9656033780-linea-de-alta-presion\\\/#primaryimage\",\"url\":\"https:\\\/\\\/cargomesh.com\\\/wp-content\\\/uploads\\\/2024\\\/03\\\/RP013-4014AW-9656033780-HD-Leitung.png\",\"contentUrl\":\"https:\\\/\\\/cargomesh.com\\\/wp-content\\\/uploads\\\/2024\\\/03\\\/RP013-4014AW-9656033780-HD-Leitung.png\",\"width\":1920,\"height\":1280,\"caption\":\"High-Pressure Hydraulic Line RP013 4014AW 9656033780 for Peugeot 407\"},{\"@type\":\"BreadcrumbList\",\"@id\":\"https:\\\/\\\/cargomesh.com\\\/es\\\/product\\\/rp013-numero-de-comparacion-4014aw-9656033780-linea-de-alta-presion\\\/#breadcrumb\",\"itemListElement\":[{\"@type\":\"ListItem\",\"position\":1,\"name\":\"Startseite\",\"item\":\"https:\\\/\\\/cargomesh.com\\\/es\\\/\"},{\"@type\":\"ListItem\",\"position\":2,\"name\":\"Productos\",\"item\":\"https:\\\/\\\/cargomesh.com\\\/es\\\/shop\\\/\"},{\"@type\":\"ListItem\",\"position\":3,\"name\":\"RP013 Vergleichsnummer 4014AW 9656033780 Hochdruck-Leitung\"}]},{\"@type\":\"WebSite\",\"@id\":\"https:\\\/\\\/cargomesh.com\\\/es\\\/#website\",\"url\":\"https:\\\/\\\/cargomesh.com\\\/es\\\/\",\"name\":\"CARGOMESH\",\"description\":\"Ersatzteile\",\"publisher\":{\"@id\":\"https:\\\/\\\/cargomesh.com\\\/es\\\/#organization\"},\"potentialAction\":[{\"@type\":\"SearchAction\",\"target\":{\"@type\":\"EntryPoint\",\"urlTemplate\":\"https:\\\/\\\/cargomesh.com\\\/es\\\/?s={search_term_string}\"},\"query-input\":{\"@type\":\"PropertyValueSpecification\",\"valueRequired\":true,\"valueName\":\"search_term_string\"}}],\"inLanguage\":\"es\"},{\"@type\":\"Organization\",\"@id\":\"https:\\\/\\\/cargomesh.com\\\/es\\\/#organization\",\"name\":\"CARGOMESH GMBH\",\"url\":\"https:\\\/\\\/cargomesh.com\\\/es\\\/\",\"logo\":{\"@type\":\"ImageObject\",\"inLanguage\":\"es\",\"@id\":\"https:\\\/\\\/cargomesh.com\\\/es\\\/#\\\/schema\\\/logo\\\/image\\\/\",\"url\":\"https:\\\/\\\/cargomesh.com\\\/wp-content\\\/uploads\\\/2020\\\/08\\\/logo.jpg\",\"contentUrl\":\"https:\\\/\\\/cargomesh.com\\\/wp-content\\\/uploads\\\/2020\\\/08\\\/logo.jpg\",\"width\":722,\"height\":283,\"caption\":\"CARGOMESH GMBH\"},\"image\":{\"@id\":\"https:\\\/\\\/cargomesh.com\\\/es\\\/#\\\/schema\\\/logo\\\/image\\\/\"},\"sameAs\":[\"https:\\\/\\\/www.facebook.com\\\/CARGOPFERD\",\"https:\\\/\\\/www.instagram.com\\\/cargomesh\\\/\"],\"hasMerchantReturnPolicy\":{\"@type\":\"MerchantReturnPolicy\",\"merchantReturnLink\":\"https:\\\/\\\/cargomesh.com\\\/agb\\\/\"}}]}<\/script>\n<meta property=\"product:price:amount\" content=\"348.00\" \/>\n<meta property=\"product:price:currency\" content=\"EUR\" \/>\n<meta property=\"og:availability\" content=\"instock\" \/>\n<meta property=\"product:availability\" content=\"instock\" \/>\n<meta property=\"product:retailer_item_id\" content=\"9656033780\" \/>\n<meta property=\"product:condition\" content=\"new\" \/>\n<!-- \/ Yoast SEO Premium plugin. -->","yoast_head_json":{"title":"RP013 Vergleichsnummer 4014AW 9656033780 Hochdruck-Leitung - CARGOMESH","robots":{"index":"index","follow":"follow","max-snippet":"max-snippet:-1","max-image-preview":"max-image-preview:large","max-video-preview":"max-video-preview:-1"},"canonical":"https:\/\/cargomesh.com\/es\/product\/rp013-numero-de-comparacion-4014aw-9656033780-linea-de-alta-presion\/","og_locale":"es_ES","og_type":"article","og_title":"RP013 Vergleichsnummer 4014AW 9656033780 Hochdruck-Leitung","og_description":"&nbsp; Hohe Qualit\u00e4t und Neuware Alle Artikel werden gem\u00e4ss Vorlage des Original-Ersazteils gefertigt. &nbsp; Lieferpauschale f\u00fcr Europa Fester Preis f\u00fcr die Lieferung per Express-Kurier mit DSV","og_url":"https:\/\/cargomesh.com\/es\/product\/rp013-numero-de-comparacion-4014aw-9656033780-linea-de-alta-presion\/","og_site_name":"CARGOMESH","article_publisher":"https:\/\/www.facebook.com\/CARGOPFERD","article_modified_time":"2025-12-08T22:41:04+00:00","og_image":[{"width":1920,"height":1280,"url":"https:\/\/cargomesh.com\/wp-content\/uploads\/2024\/03\/RP013-4014AW-9656033780-HD-Leitung.png","type":"image\/png"}],"twitter_card":"summary_large_image","twitter_misc":{"Precio":"&euro;348,00 exkl. MwSt.","Disponibilidad":"Disponible"},"schema":{"@context":"https:\/\/schema.org","@graph":[{"@type":"WebPage","@id":"https:\/\/cargomesh.com\/es\/product\/rp013-numero-de-comparacion-4014aw-9656033780-linea-de-alta-presion\/","url":"https:\/\/cargomesh.com\/es\/product\/rp013-numero-de-comparacion-4014aw-9656033780-linea-de-alta-presion\/","name":"RP013 Vergleichsnummer 4014AW 9656033780 Hochdruck-Leitung - CARGOMESH","isPartOf":{"@id":"https:\/\/cargomesh.com\/es\/#website"},"primaryImageOfPage":{"@id":"https:\/\/cargomesh.com\/es\/product\/rp013-numero-de-comparacion-4014aw-9656033780-linea-de-alta-presion\/#primaryimage"},"image":{"@id":"https:\/\/cargomesh.com\/es\/product\/rp013-numero-de-comparacion-4014aw-9656033780-linea-de-alta-presion\/#primaryimage"},"thumbnailUrl":"https:\/\/cargomesh.com\/wp-content\/uploads\/2024\/03\/RP013-4014AW-9656033780-HD-Leitung.png","datePublished":"2024-03-19T21:27:08+00:00","dateModified":"2025-12-08T22:41:04+00:00","breadcrumb":{"@id":"https:\/\/cargomesh.com\/es\/product\/rp013-numero-de-comparacion-4014aw-9656033780-linea-de-alta-presion\/#breadcrumb"},"inLanguage":"es","potentialAction":[{"@type":"ReadAction","target":["https:\/\/cargomesh.com\/es\/product\/rp013-numero-de-comparacion-4014aw-9656033780-linea-de-alta-presion\/"]}]},{"@type":"ImageObject","inLanguage":"es","@id":"https:\/\/cargomesh.com\/es\/product\/rp013-numero-de-comparacion-4014aw-9656033780-linea-de-alta-presion\/#primaryimage","url":"https:\/\/cargomesh.com\/wp-content\/uploads\/2024\/03\/RP013-4014AW-9656033780-HD-Leitung.png","contentUrl":"https:\/\/cargomesh.com\/wp-content\/uploads\/2024\/03\/RP013-4014AW-9656033780-HD-Leitung.png","width":1920,"height":1280,"caption":"High-Pressure Hydraulic Line RP013 4014AW 9656033780 for Peugeot 407"},{"@type":"BreadcrumbList","@id":"https:\/\/cargomesh.com\/es\/product\/rp013-numero-de-comparacion-4014aw-9656033780-linea-de-alta-presion\/#breadcrumb","itemListElement":[{"@type":"ListItem","position":1,"name":"Startseite","item":"https:\/\/cargomesh.com\/es\/"},{"@type":"ListItem","position":2,"name":"Productos","item":"https:\/\/cargomesh.com\/es\/shop\/"},{"@type":"ListItem","position":3,"name":"RP013 Vergleichsnummer 4014AW 9656033780 Hochdruck-Leitung"}]},{"@type":"WebSite","@id":"https:\/\/cargomesh.com\/es\/#website","url":"https:\/\/cargomesh.com\/es\/","name":"CARGOMESH","description":"Ersatzteile","publisher":{"@id":"https:\/\/cargomesh.com\/es\/#organization"},"potentialAction":[{"@type":"SearchAction","target":{"@type":"EntryPoint","urlTemplate":"https:\/\/cargomesh.com\/es\/?s={search_term_string}"},"query-input":{"@type":"PropertyValueSpecification","valueRequired":true,"valueName":"search_term_string"}}],"inLanguage":"es"},{"@type":"Organization","@id":"https:\/\/cargomesh.com\/es\/#organization","name":"CARGOMESH GMBH","url":"https:\/\/cargomesh.com\/es\/","logo":{"@type":"ImageObject","inLanguage":"es","@id":"https:\/\/cargomesh.com\/es\/#\/schema\/logo\/image\/","url":"https:\/\/cargomesh.com\/wp-content\/uploads\/2020\/08\/logo.jpg","contentUrl":"https:\/\/cargomesh.com\/wp-content\/uploads\/2020\/08\/logo.jpg","width":722,"height":283,"caption":"CARGOMESH GMBH"},"image":{"@id":"https:\/\/cargomesh.com\/es\/#\/schema\/logo\/image\/"},"sameAs":["https:\/\/www.facebook.com\/CARGOPFERD","https:\/\/www.instagram.com\/cargomesh\/"],"hasMerchantReturnPolicy":{"@type":"MerchantReturnPolicy","merchantReturnLink":"https:\/\/cargomesh.com\/agb\/"}}]},"product_price_amount":"348.00","product_price_currency":"EUR","og_availability":"instock","product_availability":"instock","product_retailer_item_id":"9656033780","product_condition":"new"},"_links":{"self":[{"href":"https:\/\/cargomesh.com\/es\/wp-json\/wp\/v2\/product\/6505","targetHints":{"allow":["GET"]}}],"collection":[{"href":"https:\/\/cargomesh.com\/es\/wp-json\/wp\/v2\/product"}],"about":[{"href":"https:\/\/cargomesh.com\/es\/wp-json\/wp\/v2\/types\/product"}],"replies":[{"embeddable":true,"href":"https:\/\/cargomesh.com\/es\/wp-json\/wp\/v2\/comments?post=6505"}],"version-history":[{"count":2,"href":"https:\/\/cargomesh.com\/es\/wp-json\/wp\/v2\/product\/6505\/revisions"}],"predecessor-version":[{"id":13021,"href":"https:\/\/cargomesh.com\/es\/wp-json\/wp\/v2\/product\/6505\/revisions\/13021"}],"wp:featuredmedia":[{"embeddable":true,"href":"https:\/\/cargomesh.com\/es\/wp-json\/wp\/v2\/media\/5563"}],"wp:attachment":[{"href":"https:\/\/cargomesh.com\/es\/wp-json\/wp\/v2\/media?parent=6505"}],"wp:term":[{"taxonomy":"product_brand","embeddable":true,"href":"https:\/\/cargomesh.com\/es\/wp-json\/wp\/v2\/product_brand?post=6505"},{"taxonomy":"product_cat","embeddable":true,"href":"https:\/\/cargomesh.com\/es\/wp-json\/wp\/v2\/product_cat?post=6505"},{"taxonomy":"product_tag","embeddable":true,"href":"https:\/\/cargomesh.com\/es\/wp-json\/wp\/v2\/product_tag?post=6505"}],"curies":[{"name":"wp","href":"https:\/\/api.w.org\/{rel}","templated":true}]}}