{"id":6922,"date":"2024-02-22T11:59:54","date_gmt":"2024-02-22T10:59:54","guid":{"rendered":"https:\/\/cargomesh.com\/product\/rp001-2-set-de-2-placas-de-resorte-numero-de-comparacion-7700822908\/"},"modified":"2025-12-08T23:39:36","modified_gmt":"2025-12-08T22:39:36","slug":"rp001-2-set-de-2-placas-de-resorte-numero-de-comparacion-7700822908","status":"publish","type":"product","link":"https:\/\/cargomesh.com\/es\/product\/rp001-2-set-de-2-placas-de-resorte-numero-de-comparacion-7700822908\/","title":{"rendered":"RP001-2 SET 2 St\u00fcck Federteller Vergleichsnummer 7700822908"},"content":{"rendered":"<div class=\"col-lg-6 s_col_no_bgcolor pb0\">\n<div class=\"row\">\n<div class=\"col-lg-12 o_colored_level pb0 pt0\" data-name=\"Box\">\n<div class=\"s_features_grid_content\"><\/div>\n<\/div>\n<div class=\"col-lg-12 o_colored_level pt0 pb0\" data-name=\"Box\">\n<p>&nbsp;<\/p>\n<div class=\"s_features_grid_content\">\n<h4>Hohe Qualit\u00e4t und Neuware<\/h4>\n<\/div>\n<\/div>\n<\/div>\n<\/div>\n<div class=\"col-lg-6 s_col_no_bgcolor pb0\">\n<div class=\"row\">\n<div class=\"col-lg-12 o_colored_level pt0 pb0\" data-name=\"Box\">\n<div class=\"s_features_grid_content\">\n<h4>Alle Artikel werden gem\u00e4ss Vorlage des Original-Ersazteils gefertigt.<\/h4>\n<\/div>\n<\/div>\n<div class=\"col-lg-12 o_colored_level pt0 pb0\" data-name=\"Box\">\n<p>&nbsp;<\/p>\n<div class=\"s_features_grid_content\">\n<h4>Lieferpauschale f\u00fcr Europa<br \/>\nFester Preis f\u00fcr die Lieferung per Express-Kurier mit DSV<\/h4>\n<\/div>\n<\/div>\n<\/div>\n<\/div>\n","protected":false},"excerpt":{"rendered":"<p>&nbsp; Hohe Qualit\u00e4t und Neuware Alle Artikel werden gem\u00e4ss Vorlage des Original-Ersazteils gefertigt. &nbsp; Lieferpauschale f\u00fcr Europa Fester Preis f\u00fcr die Lieferung per Express-Kurier mit DSV<\/p>\n","protected":false},"featured_media":5428,"comment_status":"open","ping_status":"closed","template":"","meta":[],"product_brand":[],"product_cat":[451,459],"product_tag":[750,759,751,754,756,468],"class_list":{"0":"post-6922","1":"product","2":"type-product","3":"status-publish","4":"has-post-thumbnail","6":"product_cat-piezas-de-recambio-originales","7":"product_cat-renault-es","8":"product_tag-7700822908-es","9":"product_tag-avantime-es","10":"product_tag-disco-de-muelle-derecha-izquierda","11":"product_tag-espace-iii-je-es","12":"product_tag-laguna-i-es","13":"product_tag-renault-es","15":"first","16":"instock","17":"taxable","18":"shipping-taxable","19":"purchasable","20":"product-type-simple"},"yoast_head":"<!-- This site is optimized with the Yoast SEO Premium plugin v24.6 (Yoast SEO v27.5) - https:\/\/yoast.com\/product\/yoast-seo-premium-wordpress\/ -->\n<title>RP001-2 SET 2 St\u00fcck Federteller Vergleichsnummer 7700822908 - CARGOMESH<\/title>\n<meta name=\"robots\" content=\"index, follow, max-snippet:-1, max-image-preview:large, max-video-preview:-1\" \/>\n<link rel=\"canonical\" href=\"https:\/\/cargomesh.com\/es\/product\/rp001-2-set-de-2-placas-de-resorte-numero-de-comparacion-7700822908\/\" \/>\n<meta property=\"og:locale\" content=\"es_ES\" \/>\n<meta property=\"og:type\" content=\"article\" \/>\n<meta property=\"og:title\" content=\"RP001-2 SET 2 St\u00fcck Federteller Vergleichsnummer 7700822908\" \/>\n<meta property=\"og:description\" content=\"&nbsp; Hohe Qualit\u00e4t und Neuware Alle Artikel werden gem\u00e4ss Vorlage des Original-Ersazteils gefertigt. &nbsp; Lieferpauschale f\u00fcr Europa Fester Preis f\u00fcr die Lieferung per Express-Kurier mit DSV\" \/>\n<meta property=\"og:url\" content=\"https:\/\/cargomesh.com\/es\/product\/rp001-2-set-de-2-placas-de-resorte-numero-de-comparacion-7700822908\/\" \/>\n<meta property=\"og:site_name\" content=\"CARGOMESH\" \/>\n<meta property=\"article:publisher\" content=\"https:\/\/www.facebook.com\/CARGOPFERD\" \/>\n<meta property=\"article:modified_time\" content=\"2025-12-08T22:39:36+00:00\" \/>\n<meta property=\"og:image\" content=\"https:\/\/cargomesh.com\/wp-content\/uploads\/2024\/03\/RP001-Federteller-7700822908-4.png\" \/>\n\t<meta property=\"og:image:width\" content=\"1200\" \/>\n\t<meta property=\"og:image:height\" content=\"1200\" \/>\n\t<meta property=\"og:image:type\" content=\"image\/png\" \/>\n<meta name=\"twitter:card\" content=\"summary_large_image\" \/>\n<meta name=\"twitter:label1\" content=\"Precio\" \/>\n\t<meta name=\"twitter:data1\" content=\"&euro;160,00 exkl. MwSt.\" \/>\n\t<meta name=\"twitter:label2\" content=\"Disponibilidad\" \/>\n\t<meta name=\"twitter:data2\" content=\"Disponible\" \/>\n<script type=\"application\/ld+json\" class=\"yoast-schema-graph\">{\"@context\":\"https:\\\/\\\/schema.org\",\"@graph\":[{\"@type\":\"WebPage\",\"@id\":\"https:\\\/\\\/cargomesh.com\\\/es\\\/product\\\/rp001-2-set-de-2-placas-de-resorte-numero-de-comparacion-7700822908\\\/\",\"url\":\"https:\\\/\\\/cargomesh.com\\\/es\\\/product\\\/rp001-2-set-de-2-placas-de-resorte-numero-de-comparacion-7700822908\\\/\",\"name\":\"RP001-2 SET 2 St\u00fcck Federteller Vergleichsnummer 7700822908 - CARGOMESH\",\"isPartOf\":{\"@id\":\"https:\\\/\\\/cargomesh.com\\\/es\\\/#website\"},\"primaryImageOfPage\":{\"@id\":\"https:\\\/\\\/cargomesh.com\\\/es\\\/product\\\/rp001-2-set-de-2-placas-de-resorte-numero-de-comparacion-7700822908\\\/#primaryimage\"},\"image\":{\"@id\":\"https:\\\/\\\/cargomesh.com\\\/es\\\/product\\\/rp001-2-set-de-2-placas-de-resorte-numero-de-comparacion-7700822908\\\/#primaryimage\"},\"thumbnailUrl\":\"https:\\\/\\\/cargomesh.com\\\/wp-content\\\/uploads\\\/2024\\\/03\\\/RP001-Federteller-7700822908-4.png\",\"datePublished\":\"2024-02-22T10:59:54+00:00\",\"dateModified\":\"2025-12-08T22:39:36+00:00\",\"breadcrumb\":{\"@id\":\"https:\\\/\\\/cargomesh.com\\\/es\\\/product\\\/rp001-2-set-de-2-placas-de-resorte-numero-de-comparacion-7700822908\\\/#breadcrumb\"},\"inLanguage\":\"es\",\"potentialAction\":[{\"@type\":\"ReadAction\",\"target\":[\"https:\\\/\\\/cargomesh.com\\\/es\\\/product\\\/rp001-2-set-de-2-placas-de-resorte-numero-de-comparacion-7700822908\\\/\"]}]},{\"@type\":\"ImageObject\",\"inLanguage\":\"es\",\"@id\":\"https:\\\/\\\/cargomesh.com\\\/es\\\/product\\\/rp001-2-set-de-2-placas-de-resorte-numero-de-comparacion-7700822908\\\/#primaryimage\",\"url\":\"https:\\\/\\\/cargomesh.com\\\/wp-content\\\/uploads\\\/2024\\\/03\\\/RP001-Federteller-7700822908-4.png\",\"contentUrl\":\"https:\\\/\\\/cargomesh.com\\\/wp-content\\\/uploads\\\/2024\\\/03\\\/RP001-Federteller-7700822908-4.png\",\"width\":1200,\"height\":1200},{\"@type\":\"BreadcrumbList\",\"@id\":\"https:\\\/\\\/cargomesh.com\\\/es\\\/product\\\/rp001-2-set-de-2-placas-de-resorte-numero-de-comparacion-7700822908\\\/#breadcrumb\",\"itemListElement\":[{\"@type\":\"ListItem\",\"position\":1,\"name\":\"Startseite\",\"item\":\"https:\\\/\\\/cargomesh.com\\\/es\\\/\"},{\"@type\":\"ListItem\",\"position\":2,\"name\":\"Productos\",\"item\":\"https:\\\/\\\/cargomesh.com\\\/es\\\/shop\\\/\"},{\"@type\":\"ListItem\",\"position\":3,\"name\":\"RP001-2 SET 2 St\u00fcck Federteller Vergleichsnummer 7700822908\"}]},{\"@type\":\"WebSite\",\"@id\":\"https:\\\/\\\/cargomesh.com\\\/es\\\/#website\",\"url\":\"https:\\\/\\\/cargomesh.com\\\/es\\\/\",\"name\":\"CARGOMESH\",\"description\":\"Ersatzteile\",\"publisher\":{\"@id\":\"https:\\\/\\\/cargomesh.com\\\/es\\\/#organization\"},\"potentialAction\":[{\"@type\":\"SearchAction\",\"target\":{\"@type\":\"EntryPoint\",\"urlTemplate\":\"https:\\\/\\\/cargomesh.com\\\/es\\\/?s={search_term_string}\"},\"query-input\":{\"@type\":\"PropertyValueSpecification\",\"valueRequired\":true,\"valueName\":\"search_term_string\"}}],\"inLanguage\":\"es\"},{\"@type\":\"Organization\",\"@id\":\"https:\\\/\\\/cargomesh.com\\\/es\\\/#organization\",\"name\":\"CARGOMESH GMBH\",\"url\":\"https:\\\/\\\/cargomesh.com\\\/es\\\/\",\"logo\":{\"@type\":\"ImageObject\",\"inLanguage\":\"es\",\"@id\":\"https:\\\/\\\/cargomesh.com\\\/es\\\/#\\\/schema\\\/logo\\\/image\\\/\",\"url\":\"https:\\\/\\\/cargomesh.com\\\/wp-content\\\/uploads\\\/2020\\\/08\\\/logo.jpg\",\"contentUrl\":\"https:\\\/\\\/cargomesh.com\\\/wp-content\\\/uploads\\\/2020\\\/08\\\/logo.jpg\",\"width\":722,\"height\":283,\"caption\":\"CARGOMESH GMBH\"},\"image\":{\"@id\":\"https:\\\/\\\/cargomesh.com\\\/es\\\/#\\\/schema\\\/logo\\\/image\\\/\"},\"sameAs\":[\"https:\\\/\\\/www.facebook.com\\\/CARGOPFERD\",\"https:\\\/\\\/www.instagram.com\\\/cargomesh\\\/\"],\"hasMerchantReturnPolicy\":{\"@type\":\"MerchantReturnPolicy\",\"merchantReturnLink\":\"https:\\\/\\\/cargomesh.com\\\/agb\\\/\"}}]}<\/script>\n<meta property=\"product:price:amount\" content=\"160.00\" \/>\n<meta property=\"product:price:currency\" content=\"EUR\" \/>\n<meta property=\"og:availability\" content=\"instock\" \/>\n<meta property=\"product:availability\" content=\"instock\" \/>\n<meta property=\"product:retailer_item_id\" content=\"7700822908\" \/>\n<meta property=\"product:condition\" content=\"new\" \/>\n<!-- \/ Yoast SEO Premium plugin. -->","yoast_head_json":{"title":"RP001-2 SET 2 St\u00fcck Federteller Vergleichsnummer 7700822908 - CARGOMESH","robots":{"index":"index","follow":"follow","max-snippet":"max-snippet:-1","max-image-preview":"max-image-preview:large","max-video-preview":"max-video-preview:-1"},"canonical":"https:\/\/cargomesh.com\/es\/product\/rp001-2-set-de-2-placas-de-resorte-numero-de-comparacion-7700822908\/","og_locale":"es_ES","og_type":"article","og_title":"RP001-2 SET 2 St\u00fcck Federteller Vergleichsnummer 7700822908","og_description":"&nbsp; Hohe Qualit\u00e4t und Neuware Alle Artikel werden gem\u00e4ss Vorlage des Original-Ersazteils gefertigt. &nbsp; Lieferpauschale f\u00fcr Europa Fester Preis f\u00fcr die Lieferung per Express-Kurier mit DSV","og_url":"https:\/\/cargomesh.com\/es\/product\/rp001-2-set-de-2-placas-de-resorte-numero-de-comparacion-7700822908\/","og_site_name":"CARGOMESH","article_publisher":"https:\/\/www.facebook.com\/CARGOPFERD","article_modified_time":"2025-12-08T22:39:36+00:00","og_image":[{"width":1200,"height":1200,"url":"https:\/\/cargomesh.com\/wp-content\/uploads\/2024\/03\/RP001-Federteller-7700822908-4.png","type":"image\/png"}],"twitter_card":"summary_large_image","twitter_misc":{"Precio":"&euro;160,00 exkl. MwSt.","Disponibilidad":"Disponible"},"schema":{"@context":"https:\/\/schema.org","@graph":[{"@type":"WebPage","@id":"https:\/\/cargomesh.com\/es\/product\/rp001-2-set-de-2-placas-de-resorte-numero-de-comparacion-7700822908\/","url":"https:\/\/cargomesh.com\/es\/product\/rp001-2-set-de-2-placas-de-resorte-numero-de-comparacion-7700822908\/","name":"RP001-2 SET 2 St\u00fcck Federteller Vergleichsnummer 7700822908 - CARGOMESH","isPartOf":{"@id":"https:\/\/cargomesh.com\/es\/#website"},"primaryImageOfPage":{"@id":"https:\/\/cargomesh.com\/es\/product\/rp001-2-set-de-2-placas-de-resorte-numero-de-comparacion-7700822908\/#primaryimage"},"image":{"@id":"https:\/\/cargomesh.com\/es\/product\/rp001-2-set-de-2-placas-de-resorte-numero-de-comparacion-7700822908\/#primaryimage"},"thumbnailUrl":"https:\/\/cargomesh.com\/wp-content\/uploads\/2024\/03\/RP001-Federteller-7700822908-4.png","datePublished":"2024-02-22T10:59:54+00:00","dateModified":"2025-12-08T22:39:36+00:00","breadcrumb":{"@id":"https:\/\/cargomesh.com\/es\/product\/rp001-2-set-de-2-placas-de-resorte-numero-de-comparacion-7700822908\/#breadcrumb"},"inLanguage":"es","potentialAction":[{"@type":"ReadAction","target":["https:\/\/cargomesh.com\/es\/product\/rp001-2-set-de-2-placas-de-resorte-numero-de-comparacion-7700822908\/"]}]},{"@type":"ImageObject","inLanguage":"es","@id":"https:\/\/cargomesh.com\/es\/product\/rp001-2-set-de-2-placas-de-resorte-numero-de-comparacion-7700822908\/#primaryimage","url":"https:\/\/cargomesh.com\/wp-content\/uploads\/2024\/03\/RP001-Federteller-7700822908-4.png","contentUrl":"https:\/\/cargomesh.com\/wp-content\/uploads\/2024\/03\/RP001-Federteller-7700822908-4.png","width":1200,"height":1200},{"@type":"BreadcrumbList","@id":"https:\/\/cargomesh.com\/es\/product\/rp001-2-set-de-2-placas-de-resorte-numero-de-comparacion-7700822908\/#breadcrumb","itemListElement":[{"@type":"ListItem","position":1,"name":"Startseite","item":"https:\/\/cargomesh.com\/es\/"},{"@type":"ListItem","position":2,"name":"Productos","item":"https:\/\/cargomesh.com\/es\/shop\/"},{"@type":"ListItem","position":3,"name":"RP001-2 SET 2 St\u00fcck Federteller Vergleichsnummer 7700822908"}]},{"@type":"WebSite","@id":"https:\/\/cargomesh.com\/es\/#website","url":"https:\/\/cargomesh.com\/es\/","name":"CARGOMESH","description":"Ersatzteile","publisher":{"@id":"https:\/\/cargomesh.com\/es\/#organization"},"potentialAction":[{"@type":"SearchAction","target":{"@type":"EntryPoint","urlTemplate":"https:\/\/cargomesh.com\/es\/?s={search_term_string}"},"query-input":{"@type":"PropertyValueSpecification","valueRequired":true,"valueName":"search_term_string"}}],"inLanguage":"es"},{"@type":"Organization","@id":"https:\/\/cargomesh.com\/es\/#organization","name":"CARGOMESH GMBH","url":"https:\/\/cargomesh.com\/es\/","logo":{"@type":"ImageObject","inLanguage":"es","@id":"https:\/\/cargomesh.com\/es\/#\/schema\/logo\/image\/","url":"https:\/\/cargomesh.com\/wp-content\/uploads\/2020\/08\/logo.jpg","contentUrl":"https:\/\/cargomesh.com\/wp-content\/uploads\/2020\/08\/logo.jpg","width":722,"height":283,"caption":"CARGOMESH GMBH"},"image":{"@id":"https:\/\/cargomesh.com\/es\/#\/schema\/logo\/image\/"},"sameAs":["https:\/\/www.facebook.com\/CARGOPFERD","https:\/\/www.instagram.com\/cargomesh\/"],"hasMerchantReturnPolicy":{"@type":"MerchantReturnPolicy","merchantReturnLink":"https:\/\/cargomesh.com\/agb\/"}}]},"product_price_amount":"160.00","product_price_currency":"EUR","og_availability":"instock","product_availability":"instock","product_retailer_item_id":"7700822908","product_condition":"new"},"_links":{"self":[{"href":"https:\/\/cargomesh.com\/es\/wp-json\/wp\/v2\/product\/6922","targetHints":{"allow":["GET"]}}],"collection":[{"href":"https:\/\/cargomesh.com\/es\/wp-json\/wp\/v2\/product"}],"about":[{"href":"https:\/\/cargomesh.com\/es\/wp-json\/wp\/v2\/types\/product"}],"replies":[{"embeddable":true,"href":"https:\/\/cargomesh.com\/es\/wp-json\/wp\/v2\/comments?post=6922"}],"version-history":[{"count":1,"href":"https:\/\/cargomesh.com\/es\/wp-json\/wp\/v2\/product\/6922\/revisions"}],"predecessor-version":[{"id":12915,"href":"https:\/\/cargomesh.com\/es\/wp-json\/wp\/v2\/product\/6922\/revisions\/12915"}],"wp:featuredmedia":[{"embeddable":true,"href":"https:\/\/cargomesh.com\/es\/wp-json\/wp\/v2\/media\/5428"}],"wp:attachment":[{"href":"https:\/\/cargomesh.com\/es\/wp-json\/wp\/v2\/media?parent=6922"}],"wp:term":[{"taxonomy":"product_brand","embeddable":true,"href":"https:\/\/cargomesh.com\/es\/wp-json\/wp\/v2\/product_brand?post=6922"},{"taxonomy":"product_cat","embeddable":true,"href":"https:\/\/cargomesh.com\/es\/wp-json\/wp\/v2\/product_cat?post=6922"},{"taxonomy":"product_tag","embeddable":true,"href":"https:\/\/cargomesh.com\/es\/wp-json\/wp\/v2\/product_tag?post=6922"}],"curies":[{"name":"wp","href":"https:\/\/api.w.org\/{rel}","templated":true}]}}