{"id":6103,"date":"2024-04-07T19:00:06","date_gmt":"2024-04-07T17:00:06","guid":{"rendered":"https:\/\/cargomesh.com\/partenaire\/"},"modified":"2024-04-07T20:45:21","modified_gmt":"2024-04-07T18:45:21","slug":"partenaire","status":"publish","type":"page","link":"https:\/\/cargomesh.com\/fr\/partenaire\/","title":{"rendered":"PARTENAIRE"},"content":{"rendered":"\t\t<div data-elementor-type=\"wp-page\" data-elementor-id=\"6103\" class=\"elementor elementor-6103 elementor-6036\" data-elementor-post-type=\"page\">\n\t\t\t\t\t\t<section class=\"elementor-section elementor-top-section elementor-element elementor-element-9d6e6f0 elementor-section-boxed elementor-section-height-default elementor-section-height-default\" data-id=\"9d6e6f0\" data-element_type=\"section\" data-e-type=\"section\">\n\t\t\t\t\t\t<div class=\"elementor-container elementor-column-gap-default\">\n\t\t\t\t\t<div class=\"elementor-column elementor-col-100 elementor-top-column elementor-element elementor-element-c3f8269\" data-id=\"c3f8269\" data-element_type=\"column\" data-e-type=\"column\">\n\t\t\t<div class=\"elementor-widget-wrap elementor-element-populated\">\n\t\t\t\t\t\t<div class=\"elementor-element elementor-element-0db263d elementor-widget elementor-widget-heading\" data-id=\"0db263d\" data-element_type=\"widget\" data-e-type=\"widget\" data-widget_type=\"heading.default\">\n\t\t\t\t<div class=\"elementor-widget-container\">\n\t\t\t\t\t<h2 class=\"elementor-heading-title elementor-size-default\">NOS PARTENAIRES<\/h2>\t\t\t\t<\/div>\n\t\t\t\t<\/div>\n\t\t\t\t\t<\/div>\n\t\t<\/div>\n\t\t\t\t\t<\/div>\n\t\t<\/section>\n\t\t\t\t<section class=\"elementor-section elementor-top-section elementor-element elementor-element-37a28ce elementor-section-boxed elementor-section-height-default elementor-section-height-default\" data-id=\"37a28ce\" data-element_type=\"section\" data-e-type=\"section\">\n\t\t\t\t\t\t<div class=\"elementor-container elementor-column-gap-default\">\n\t\t\t\t\t<div class=\"elementor-column elementor-col-100 elementor-top-column elementor-element elementor-element-b50343b\" data-id=\"b50343b\" data-element_type=\"column\" data-e-type=\"column\">\n\t\t\t<div class=\"elementor-widget-wrap elementor-element-populated\">\n\t\t\t\t\t\t<div class=\"elementor-element elementor-element-46aa3d8 elementor-widget elementor-widget-spacer\" data-id=\"46aa3d8\" data-element_type=\"widget\" data-e-type=\"widget\" data-widget_type=\"spacer.default\">\n\t\t\t\t<div class=\"elementor-widget-container\">\n\t\t\t\t\t\t\t<div class=\"elementor-spacer\">\n\t\t\t<div class=\"elementor-spacer-inner\"><\/div>\n\t\t<\/div>\n\t\t\t\t\t\t<\/div>\n\t\t\t\t<\/div>\n\t\t\t\t\t<\/div>\n\t\t<\/div>\n\t\t\t\t\t<\/div>\n\t\t<\/section>\n\t\t\t\t<section class=\"elementor-section elementor-top-section elementor-element elementor-element-f76fd41 elementor-section-boxed elementor-section-height-default elementor-section-height-default\" data-id=\"f76fd41\" data-element_type=\"section\" data-e-type=\"section\">\n\t\t\t\t\t\t<div class=\"elementor-container elementor-column-gap-default\">\n\t\t\t\t\t<div class=\"elementor-column elementor-col-66 elementor-top-column elementor-element elementor-element-7c3c575\" data-id=\"7c3c575\" data-element_type=\"column\" data-e-type=\"column\">\n\t\t\t<div class=\"elementor-widget-wrap elementor-element-populated\">\n\t\t\t\t\t\t<div class=\"elementor-element elementor-element-c8d07ec elementor-widget elementor-widget-text-editor\" data-id=\"c8d07ec\" data-element_type=\"widget\" data-e-type=\"widget\" data-widget_type=\"text-editor.default\">\n\t\t\t\t<div class=\"elementor-widget-container\">\n\t\t\t\t\t\t\t\t\t<p>Rarepar, notre partenaire pour les pi\u00e8ces d\u00e9tach\u00e9es automobiles de haute qualit\u00e9, propose avec nous une solution unique pour les garages automobiles en Europe. Qui ont besoin de pi\u00e8ces de rechange sp\u00e9cialis\u00e9es et difficiles \u00e0 trouver. Pour trouver des pi\u00e8ces rares qui ne sont plus produites par le fabricant. Gr\u00e2ce \u00e0 cette \u00e9troite collaboration, nous avons identifi\u00e9 une forte demande pour des pi\u00e8ces sp\u00e9cifiques qui ne sont plus fabriqu\u00e9es et nous avons commenc\u00e9 \u00e0 les reproduire en exclusivit\u00e9 selon les sp\u00e9cifications d&rsquo;origine. D\u00e9couvrez nos pi\u00e8ces de rechange exclusives, fabriqu\u00e9es selon les sp\u00e9cifications d&rsquo;origine &#8211; une source fiable de pi\u00e8ces de qualit\u00e9 pour faire avancer votre entreprise.<\/p>\n<p><a href=\"https:\/\/rarepar.com\/\">https:\/\/rarepar.com\/<\/a><\/p><\/p>\n\t\t\t\t\t\t\t\t<\/div>\n\t\t\t\t<\/div>\n\t\t\t\t\t<\/div>\n\t\t<\/div>\n\t\t\t\t<div class=\"elementor-column elementor-col-33 elementor-top-column elementor-element elementor-element-b3842c3\" data-id=\"b3842c3\" data-element_type=\"column\" data-e-type=\"column\">\n\t\t\t<div class=\"elementor-widget-wrap elementor-element-populated\">\n\t\t\t\t\t\t<div class=\"elementor-element elementor-element-efd4459 elementor-widget elementor-widget-image\" data-id=\"efd4459\" data-element_type=\"widget\" data-e-type=\"widget\" data-widget_type=\"image.default\">\n\t\t\t\t<div class=\"elementor-widget-container\">\n\t\t\t\t\t\t\t\t\t\t\t\t\t\t\t\t<a href=\"https:\/\/cargomesh.com\/shop\/\">\n\t\t\t\t\t\t\t<img decoding=\"async\" width=\"215\" height=\"180\" src=\"https:\/\/cargomesh.com\/wp-content\/uploads\/2024\/04\/rarepar_logo_POYS-1-e1712509407528.jpg\" class=\"attachment-medium size-medium wp-image-5999\" alt=\"\" \/>\t\t\t\t\t\t\t\t<\/a>\n\t\t\t\t\t\t\t\t\t\t\t\t\t\t\t<\/div>\n\t\t\t\t<\/div>\n\t\t\t\t\t<\/div>\n\t\t<\/div>\n\t\t\t\t\t<\/div>\n\t\t<\/section>\n\t\t\t\t<section class=\"elementor-section elementor-top-section elementor-element elementor-element-ada54ed elementor-section-boxed elementor-section-height-default elementor-section-height-default\" data-id=\"ada54ed\" data-element_type=\"section\" data-e-type=\"section\">\n\t\t\t\t\t\t<div class=\"elementor-container elementor-column-gap-default\">\n\t\t\t\t\t<div class=\"elementor-column elementor-col-100 elementor-top-column elementor-element elementor-element-c9f8028\" data-id=\"c9f8028\" data-element_type=\"column\" data-e-type=\"column\">\n\t\t\t<div class=\"elementor-widget-wrap elementor-element-populated\">\n\t\t\t\t\t\t<div class=\"elementor-element elementor-element-15833da elementor-widget elementor-widget-spacer\" data-id=\"15833da\" data-element_type=\"widget\" data-e-type=\"widget\" data-widget_type=\"spacer.default\">\n\t\t\t\t<div class=\"elementor-widget-container\">\n\t\t\t\t\t\t\t<div class=\"elementor-spacer\">\n\t\t\t<div class=\"elementor-spacer-inner\"><\/div>\n\t\t<\/div>\n\t\t\t\t\t\t<\/div>\n\t\t\t\t<\/div>\n\t\t\t\t\t<\/div>\n\t\t<\/div>\n\t\t\t\t\t<\/div>\n\t\t<\/section>\n\t\t\t\t<section class=\"elementor-section elementor-top-section elementor-element elementor-element-fc9b490 elementor-section-boxed elementor-section-height-default elementor-section-height-default\" data-id=\"fc9b490\" data-element_type=\"section\" data-e-type=\"section\">\n\t\t\t\t\t\t<div class=\"elementor-container elementor-column-gap-default\">\n\t\t\t\t\t<div class=\"elementor-column elementor-col-33 elementor-top-column elementor-element elementor-element-3779360\" data-id=\"3779360\" data-element_type=\"column\" data-e-type=\"column\">\n\t\t\t<div class=\"elementor-widget-wrap elementor-element-populated\">\n\t\t\t\t\t\t<div class=\"elementor-element elementor-element-ee7f2b6 elementor-widget elementor-widget-image\" data-id=\"ee7f2b6\" data-element_type=\"widget\" data-e-type=\"widget\" data-widget_type=\"image.default\">\n\t\t\t\t<div class=\"elementor-widget-container\">\n\t\t\t\t\t\t\t\t\t\t\t\t\t\t\t\t<a href=\"https:\/\/cargomesh.com\/shop\/\">\n\t\t\t\t\t\t\t<img fetchpriority=\"high\" decoding=\"async\" width=\"300\" height=\"300\" src=\"https:\/\/cargomesh.com\/wp-content\/uploads\/2024\/04\/logo300x300.jpg\" class=\"attachment-medium size-medium wp-image-6111\" alt=\"\" srcset=\"https:\/\/cargomesh.com\/wp-content\/uploads\/2024\/04\/logo300x300.jpg 300w, https:\/\/cargomesh.com\/wp-content\/uploads\/2024\/04\/logo300x300-150x150.jpg 150w, https:\/\/cargomesh.com\/wp-content\/uploads\/2024\/04\/logo300x300-100x100.jpg 100w\" sizes=\"(max-width: 300px) 100vw, 300px\" \/>\t\t\t\t\t\t\t\t<\/a>\n\t\t\t\t\t\t\t\t\t\t\t\t\t\t\t<\/div>\n\t\t\t\t<\/div>\n\t\t\t\t\t<\/div>\n\t\t<\/div>\n\t\t\t\t<div class=\"elementor-column elementor-col-66 elementor-top-column elementor-element elementor-element-de268fd\" data-id=\"de268fd\" data-element_type=\"column\" data-e-type=\"column\">\n\t\t\t<div class=\"elementor-widget-wrap elementor-element-populated\">\n\t\t\t\t\t\t<div class=\"elementor-element elementor-element-dc7df56 elementor-widget elementor-widget-text-editor\" data-id=\"dc7df56\" data-element_type=\"widget\" data-e-type=\"widget\" data-widget_type=\"text-editor.default\">\n\t\t\t\t<div class=\"elementor-widget-container\">\n\t\t\t\t\t\t\t\t\t<p>Faites confiance \u00e0 ProtectMesh pour assurer la s\u00e9curit\u00e9 de vos serveurs et relever avec succ\u00e8s les d\u00e9fis du monde informatique en constante \u00e9volution.<\/p>\n<p>Databunker est une solution tout-en-un compl\u00e8te, sp\u00e9cialement con\u00e7ue pour r\u00e9pondre aux besoins des petites et moyennes entreprises (PME).<\/p>\n<p>Cette plateforme innovante int\u00e8gre des composants essentiels de s\u00e9curit\u00e9 informatique et d&rsquo;infrastructure tels que pare-feu, solutions de sauvegarde et serveurs de terminaux, de production et de bases de donn\u00e9es dans un seul produit.<\/p>\n<p>Databunker offre ainsi une combinaison unique de s\u00e9curit\u00e9, d&rsquo;efficacit\u00e9 et de convivialit\u00e9 en r\u00e9duisant la complexit\u00e9 de l&rsquo;infrastructure informatique tout en garantissant un niveau de protection \u00e9lev\u00e9 contre les menaces num\u00e9riques.<\/p>\n<p>Avec Databunker, les PME b\u00e9n\u00e9ficient d&rsquo;une solution sur mesure qui leur permet de g\u00e9rer leurs syst\u00e8mes informatiques de mani\u00e8re s\u00fbre, fiable et rentable.<\/p>\n<p><a href=\"https:\/\/protectmesh.com\">https:\/\/protectmesh.com<\/a><\/p>\n\t\t\t\t\t\t\t\t<\/div>\n\t\t\t\t<\/div>\n\t\t\t\t\t<\/div>\n\t\t<\/div>\n\t\t\t\t\t<\/div>\n\t\t<\/section>\n\t\t\t\t<\/div>\n\t\t","protected":false},"excerpt":{"rendered":"<p>NOS PARTENAIRES Rarepar, notre partenaire pour les pi\u00e8ces d\u00e9tach\u00e9es automobiles de haute qualit\u00e9, propose avec nous une solution unique pour les garages automobiles en Europe. Qui ont besoin de pi\u00e8ces de rechange sp\u00e9cialis\u00e9es et difficiles \u00e0 trouver. Pour trouver des pi\u00e8ces rares qui ne sont plus produites par le fabricant. Gr\u00e2ce \u00e0 cette \u00e9troite collaboration, [&hellip;]<\/p>\n","protected":false},"author":1,"featured_media":0,"parent":0,"menu_order":0,"comment_status":"closed","ping_status":"closed","template":"","meta":{"footnotes":""},"class_list":["post-6103","page","type-page","status-publish","hentry"],"yoast_head":"<!-- This site is optimized with the Yoast SEO Premium plugin v24.6 (Yoast SEO v27.5) - https:\/\/yoast.com\/product\/yoast-seo-premium-wordpress\/ -->\n<title>PARTENAIRE - CARGOMESH<\/title>\n<meta name=\"robots\" content=\"index, follow, max-snippet:-1, max-image-preview:large, max-video-preview:-1\" \/>\n<link rel=\"canonical\" href=\"https:\/\/cargomesh.com\/fr\/partenaire\/\" \/>\n<meta property=\"og:locale\" content=\"fr_FR\" \/>\n<meta property=\"og:type\" content=\"article\" \/>\n<meta property=\"og:title\" content=\"PARTENAIRE\" \/>\n<meta property=\"og:description\" content=\"NOS PARTENAIRES Rarepar, notre partenaire pour les pi\u00e8ces d\u00e9tach\u00e9es automobiles de haute qualit\u00e9, propose avec nous une solution unique pour les garages automobiles en Europe. Qui ont besoin de pi\u00e8ces de rechange sp\u00e9cialis\u00e9es et difficiles \u00e0 trouver. Pour trouver des pi\u00e8ces rares qui ne sont plus produites par le fabricant. Gr\u00e2ce \u00e0 cette \u00e9troite collaboration, [&hellip;]\" \/>\n<meta property=\"og:url\" content=\"https:\/\/cargomesh.com\/fr\/partenaire\/\" \/>\n<meta property=\"og:site_name\" content=\"CARGOMESH\" \/>\n<meta property=\"article:publisher\" content=\"https:\/\/www.facebook.com\/CARGOPFERD\" \/>\n<meta property=\"article:modified_time\" content=\"2024-04-07T18:45:21+00:00\" \/>\n<meta property=\"og:image\" content=\"https:\/\/i0.wp.com\/cargomesh.com\/wp-content\/uploads\/2024\/04\/rarepar_logo_POYS-1-e1712509407528.jpg?fit=300%2C251&amp;ssl=1\" \/>\n<meta name=\"twitter:card\" content=\"summary_large_image\" \/>\n<meta name=\"twitter:label1\" content=\"Dur\u00e9e de lecture estim\u00e9e\" \/>\n\t<meta name=\"twitter:data1\" content=\"1 minute\" \/>\n<script type=\"application\/ld+json\" class=\"yoast-schema-graph\">{\"@context\":\"https:\\\/\\\/schema.org\",\"@graph\":[{\"@type\":\"WebPage\",\"@id\":\"https:\\\/\\\/cargomesh.com\\\/fr\\\/partenaire\\\/\",\"url\":\"https:\\\/\\\/cargomesh.com\\\/fr\\\/partenaire\\\/\",\"name\":\"PARTENAIRE - CARGOMESH\",\"isPartOf\":{\"@id\":\"https:\\\/\\\/cargomesh.com\\\/fr\\\/#website\"},\"primaryImageOfPage\":{\"@id\":\"https:\\\/\\\/cargomesh.com\\\/fr\\\/partenaire\\\/#primaryimage\"},\"image\":{\"@id\":\"https:\\\/\\\/cargomesh.com\\\/fr\\\/partenaire\\\/#primaryimage\"},\"thumbnailUrl\":\"https:\\\/\\\/i0.wp.com\\\/cargomesh.com\\\/wp-content\\\/uploads\\\/2024\\\/04\\\/rarepar_logo_POYS-1-e1712509407528.jpg?fit=300%2C251&amp;ssl=1\",\"datePublished\":\"2024-04-07T17:00:06+00:00\",\"dateModified\":\"2024-04-07T18:45:21+00:00\",\"breadcrumb\":{\"@id\":\"https:\\\/\\\/cargomesh.com\\\/fr\\\/partenaire\\\/#breadcrumb\"},\"inLanguage\":\"fr-FR\",\"potentialAction\":[{\"@type\":\"ReadAction\",\"target\":[\"https:\\\/\\\/cargomesh.com\\\/fr\\\/partenaire\\\/\"]}]},{\"@type\":\"ImageObject\",\"inLanguage\":\"fr-FR\",\"@id\":\"https:\\\/\\\/cargomesh.com\\\/fr\\\/partenaire\\\/#primaryimage\",\"url\":\"https:\\\/\\\/i0.wp.com\\\/cargomesh.com\\\/wp-content\\\/uploads\\\/2024\\\/04\\\/rarepar_logo_POYS-1-e1712509407528.jpg?fit=300%2C251&amp;ssl=1\",\"contentUrl\":\"https:\\\/\\\/i0.wp.com\\\/cargomesh.com\\\/wp-content\\\/uploads\\\/2024\\\/04\\\/rarepar_logo_POYS-1-e1712509407528.jpg?fit=300%2C251&amp;ssl=1\"},{\"@type\":\"BreadcrumbList\",\"@id\":\"https:\\\/\\\/cargomesh.com\\\/fr\\\/partenaire\\\/#breadcrumb\",\"itemListElement\":[{\"@type\":\"ListItem\",\"position\":1,\"name\":\"Startseite\",\"item\":\"https:\\\/\\\/cargomesh.com\\\/fr\\\/?lang=fr\"},{\"@type\":\"ListItem\",\"position\":2,\"name\":\"PARTENAIRE\"}]},{\"@type\":\"WebSite\",\"@id\":\"https:\\\/\\\/cargomesh.com\\\/fr\\\/#website\",\"url\":\"https:\\\/\\\/cargomesh.com\\\/fr\\\/\",\"name\":\"CARGOMESH\",\"description\":\"Ersatzteile\",\"publisher\":{\"@id\":\"https:\\\/\\\/cargomesh.com\\\/fr\\\/#organization\"},\"potentialAction\":[{\"@type\":\"SearchAction\",\"target\":{\"@type\":\"EntryPoint\",\"urlTemplate\":\"https:\\\/\\\/cargomesh.com\\\/fr\\\/?s={search_term_string}\"},\"query-input\":{\"@type\":\"PropertyValueSpecification\",\"valueRequired\":true,\"valueName\":\"search_term_string\"}}],\"inLanguage\":\"fr-FR\"},{\"@type\":\"Organization\",\"@id\":\"https:\\\/\\\/cargomesh.com\\\/fr\\\/#organization\",\"name\":\"CARGOMESH GMBH\",\"url\":\"https:\\\/\\\/cargomesh.com\\\/fr\\\/\",\"logo\":{\"@type\":\"ImageObject\",\"inLanguage\":\"fr-FR\",\"@id\":\"https:\\\/\\\/cargomesh.com\\\/fr\\\/#\\\/schema\\\/logo\\\/image\\\/\",\"url\":\"https:\\\/\\\/cargomesh.com\\\/wp-content\\\/uploads\\\/2020\\\/08\\\/logo.jpg\",\"contentUrl\":\"https:\\\/\\\/cargomesh.com\\\/wp-content\\\/uploads\\\/2020\\\/08\\\/logo.jpg\",\"width\":722,\"height\":283,\"caption\":\"CARGOMESH GMBH\"},\"image\":{\"@id\":\"https:\\\/\\\/cargomesh.com\\\/fr\\\/#\\\/schema\\\/logo\\\/image\\\/\"},\"sameAs\":[\"https:\\\/\\\/www.facebook.com\\\/CARGOPFERD\",\"https:\\\/\\\/www.instagram.com\\\/cargomesh\\\/\"],\"hasMerchantReturnPolicy\":{\"@type\":\"MerchantReturnPolicy\",\"merchantReturnLink\":\"https:\\\/\\\/cargomesh.com\\\/agb\\\/\"}}]}<\/script>\n<!-- \/ Yoast SEO Premium plugin. -->","yoast_head_json":{"title":"PARTENAIRE - CARGOMESH","robots":{"index":"index","follow":"follow","max-snippet":"max-snippet:-1","max-image-preview":"max-image-preview:large","max-video-preview":"max-video-preview:-1"},"canonical":"https:\/\/cargomesh.com\/fr\/partenaire\/","og_locale":"fr_FR","og_type":"article","og_title":"PARTENAIRE","og_description":"NOS PARTENAIRES Rarepar, notre partenaire pour les pi\u00e8ces d\u00e9tach\u00e9es automobiles de haute qualit\u00e9, propose avec nous une solution unique pour les garages automobiles en Europe. Qui ont besoin de pi\u00e8ces de rechange sp\u00e9cialis\u00e9es et difficiles \u00e0 trouver. Pour trouver des pi\u00e8ces rares qui ne sont plus produites par le fabricant. Gr\u00e2ce \u00e0 cette \u00e9troite collaboration, [&hellip;]","og_url":"https:\/\/cargomesh.com\/fr\/partenaire\/","og_site_name":"CARGOMESH","article_publisher":"https:\/\/www.facebook.com\/CARGOPFERD","article_modified_time":"2024-04-07T18:45:21+00:00","og_image":[{"url":"https:\/\/i0.wp.com\/cargomesh.com\/wp-content\/uploads\/2024\/04\/rarepar_logo_POYS-1-e1712509407528.jpg?fit=300%2C251&amp;ssl=1","type":"","width":"","height":""}],"twitter_card":"summary_large_image","twitter_misc":{"Dur\u00e9e de lecture estim\u00e9e":"1 minute"},"schema":{"@context":"https:\/\/schema.org","@graph":[{"@type":"WebPage","@id":"https:\/\/cargomesh.com\/fr\/partenaire\/","url":"https:\/\/cargomesh.com\/fr\/partenaire\/","name":"PARTENAIRE - CARGOMESH","isPartOf":{"@id":"https:\/\/cargomesh.com\/fr\/#website"},"primaryImageOfPage":{"@id":"https:\/\/cargomesh.com\/fr\/partenaire\/#primaryimage"},"image":{"@id":"https:\/\/cargomesh.com\/fr\/partenaire\/#primaryimage"},"thumbnailUrl":"https:\/\/i0.wp.com\/cargomesh.com\/wp-content\/uploads\/2024\/04\/rarepar_logo_POYS-1-e1712509407528.jpg?fit=300%2C251&amp;ssl=1","datePublished":"2024-04-07T17:00:06+00:00","dateModified":"2024-04-07T18:45:21+00:00","breadcrumb":{"@id":"https:\/\/cargomesh.com\/fr\/partenaire\/#breadcrumb"},"inLanguage":"fr-FR","potentialAction":[{"@type":"ReadAction","target":["https:\/\/cargomesh.com\/fr\/partenaire\/"]}]},{"@type":"ImageObject","inLanguage":"fr-FR","@id":"https:\/\/cargomesh.com\/fr\/partenaire\/#primaryimage","url":"https:\/\/i0.wp.com\/cargomesh.com\/wp-content\/uploads\/2024\/04\/rarepar_logo_POYS-1-e1712509407528.jpg?fit=300%2C251&amp;ssl=1","contentUrl":"https:\/\/i0.wp.com\/cargomesh.com\/wp-content\/uploads\/2024\/04\/rarepar_logo_POYS-1-e1712509407528.jpg?fit=300%2C251&amp;ssl=1"},{"@type":"BreadcrumbList","@id":"https:\/\/cargomesh.com\/fr\/partenaire\/#breadcrumb","itemListElement":[{"@type":"ListItem","position":1,"name":"Startseite","item":"https:\/\/cargomesh.com\/fr\/?lang=fr"},{"@type":"ListItem","position":2,"name":"PARTENAIRE"}]},{"@type":"WebSite","@id":"https:\/\/cargomesh.com\/fr\/#website","url":"https:\/\/cargomesh.com\/fr\/","name":"CARGOMESH","description":"Ersatzteile","publisher":{"@id":"https:\/\/cargomesh.com\/fr\/#organization"},"potentialAction":[{"@type":"SearchAction","target":{"@type":"EntryPoint","urlTemplate":"https:\/\/cargomesh.com\/fr\/?s={search_term_string}"},"query-input":{"@type":"PropertyValueSpecification","valueRequired":true,"valueName":"search_term_string"}}],"inLanguage":"fr-FR"},{"@type":"Organization","@id":"https:\/\/cargomesh.com\/fr\/#organization","name":"CARGOMESH GMBH","url":"https:\/\/cargomesh.com\/fr\/","logo":{"@type":"ImageObject","inLanguage":"fr-FR","@id":"https:\/\/cargomesh.com\/fr\/#\/schema\/logo\/image\/","url":"https:\/\/cargomesh.com\/wp-content\/uploads\/2020\/08\/logo.jpg","contentUrl":"https:\/\/cargomesh.com\/wp-content\/uploads\/2020\/08\/logo.jpg","width":722,"height":283,"caption":"CARGOMESH GMBH"},"image":{"@id":"https:\/\/cargomesh.com\/fr\/#\/schema\/logo\/image\/"},"sameAs":["https:\/\/www.facebook.com\/CARGOPFERD","https:\/\/www.instagram.com\/cargomesh\/"],"hasMerchantReturnPolicy":{"@type":"MerchantReturnPolicy","merchantReturnLink":"https:\/\/cargomesh.com\/agb\/"}}]}},"jetpack_shortlink":"https:\/\/wp.me\/PcirzO-1Ar","_links":{"self":[{"href":"https:\/\/cargomesh.com\/fr\/wp-json\/wp\/v2\/pages\/6103","targetHints":{"allow":["GET"]}}],"collection":[{"href":"https:\/\/cargomesh.com\/fr\/wp-json\/wp\/v2\/pages"}],"about":[{"href":"https:\/\/cargomesh.com\/fr\/wp-json\/wp\/v2\/types\/page"}],"author":[{"embeddable":true,"href":"https:\/\/cargomesh.com\/fr\/wp-json\/wp\/v2\/users\/1"}],"replies":[{"embeddable":true,"href":"https:\/\/cargomesh.com\/fr\/wp-json\/wp\/v2\/comments?post=6103"}],"version-history":[{"count":2,"href":"https:\/\/cargomesh.com\/fr\/wp-json\/wp\/v2\/pages\/6103\/revisions"}],"predecessor-version":[{"id":6153,"href":"https:\/\/cargomesh.com\/fr\/wp-json\/wp\/v2\/pages\/6103\/revisions\/6153"}],"wp:attachment":[{"href":"https:\/\/cargomesh.com\/fr\/wp-json\/wp\/v2\/media?parent=6103"}],"curies":[{"name":"wp","href":"https:\/\/api.w.org\/{rel}","templated":true}]}}