{"id":10588,"date":"2025-06-10T19:31:57","date_gmt":"2025-06-10T17:31:57","guid":{"rendered":"https:\/\/cargomesh.com\/?post_type=product&#038;p=10588"},"modified":"2025-06-10T20:06:46","modified_gmt":"2025-06-10T18:06:46","slug":"rp010-citroen-3-0-hdi-conduite-haute-pression-numero-de-comparaison-4014ln-kopie","status":"publish","type":"product","link":"https:\/\/cargomesh.com\/fr\/product\/rp010-citroen-3-0-hdi-conduite-haute-pression-numero-de-comparaison-4014ln-kopie\/","title":{"rendered":"RP010 Citro\u00ebn 3.0 HDI Conduite haute pression Num\u00e9ro de comparaison 4014LN (Kopie)"},"content":{"rendered":"<p><strong>Conduite haute pression pour Citro\u00ebn 3.0 HDI &#8211; 4014LN<\/strong><\/p>\n<p>Ce tuyau est parfait pour votre Citro\u00ebn 3.0 HDI. C&rsquo;est une nouvelle pi\u00e8ce. Il aide votre voiture \u00e0 mieux fonctionner. De nombreux clients en sont tr\u00e8s satisfaits. Citro\u00ebn ne fabrique plus ces pi\u00e8ces. Mais ne vous inqui\u00e9tez pas ! Notre direction r\u00e9pond \u00e0 des normes \u00e9lev\u00e9es. Elle est faite sp\u00e9cialement pour \u00e7a.<\/p>\n<p>Rarepar, notre partenaire, garantit une qualit\u00e9 sup\u00e9rieure et une livraison rapide.<\/p>\n","protected":false},"excerpt":{"rendered":"<p>Conduite haute pression de haute qualit\u00e9 4014LN,<\/p>\n<p>Convient pour votre Citro\u00ebn 3.0 HDI.<br \/>\nPi\u00e8ce neuve, r\u00e9plique fabriqu\u00e9e exactement d&rsquo;apr\u00e8s l&rsquo;original.<\/p>\n","protected":false},"featured_media":10623,"comment_status":"open","ping_status":"closed","template":"","meta":[],"product_brand":[],"product_cat":[440,841,439],"product_tag":[892],"class_list":{"0":"post-10588","1":"product","2":"type-product","3":"status-publish","4":"has-post-thumbnail","6":"product_cat-citroen-fr","7":"product_cat-peugeot-fr","8":"product_cat-pieces-de-rechange-comme-loriginal","9":"product_tag-citroen-fr","10":"product_shipping_class-leger","12":"first","13":"instock","14":"taxable","15":"shipping-taxable","16":"purchasable","17":"product-type-simple"},"yoast_head":"<!-- This site is optimized with the Yoast SEO Premium plugin v24.6 (Yoast SEO v27.5) - https:\/\/yoast.com\/product\/yoast-seo-premium-wordpress\/ -->\n<title>4014LN Citro\u00ebn 3.0 Conduite haute pression<\/title>\n<meta name=\"description\" content=\"Pour votre Citro\u00ebn de qualit\u00e9 sup\u00e9rieure et neuve. Achetez chez nous cette pi\u00e8ce d\u00e9tach\u00e9e 4014LN Citro\u00ebn 3.0 Conduite haute pression produite par Rarepar.\" \/>\n<meta name=\"robots\" content=\"index, follow, max-snippet:-1, max-image-preview:large, max-video-preview:-1\" \/>\n<link rel=\"canonical\" href=\"https:\/\/cargomesh.com\/fr\/product\/rp010-citroen-3-0-hdi-conduite-haute-pression-numero-de-comparaison-4014ln-kopie\/\" \/>\n<meta property=\"og:locale\" content=\"fr_FR\" \/>\n<meta property=\"og:type\" content=\"article\" \/>\n<meta property=\"og:title\" content=\"RP010 Citro\u00ebn 3.0 HDI Conduite haute pression Num\u00e9ro de comparaison 4014LN (Kopie)\" \/>\n<meta property=\"og:description\" content=\"Pour votre Citro\u00ebn de qualit\u00e9 sup\u00e9rieure et neuve. Achetez chez nous cette pi\u00e8ce d\u00e9tach\u00e9e 4014LN Citro\u00ebn 3.0 Conduite haute pression produite par Rarepar.\" \/>\n<meta property=\"og:url\" content=\"https:\/\/cargomesh.com\/fr\/product\/rp010-citroen-3-0-hdi-conduite-haute-pression-numero-de-comparaison-4014ln-kopie\/\" \/>\n<meta property=\"og:site_name\" content=\"CARGOMESH\" \/>\n<meta property=\"article:publisher\" content=\"https:\/\/www.facebook.com\/CARGOPFERD\" \/>\n<meta property=\"article:modified_time\" content=\"2025-06-10T18:06:46+00:00\" \/>\n<meta property=\"og:image\" content=\"https:\/\/cargomesh.com\/wp-content\/uploads\/2025\/06\/RPGK1-Vergleichsnummer-1351KV-Kuehlwasserschlauch-PSA.png\" \/>\n\t<meta property=\"og:image:width\" content=\"1920\" \/>\n\t<meta property=\"og:image:height\" content=\"1440\" \/>\n\t<meta property=\"og:image:type\" content=\"image\/png\" \/>\n<meta name=\"twitter:card\" content=\"summary_large_image\" \/>\n<meta name=\"twitter:label1\" content=\"Prix\" \/>\n\t<meta name=\"twitter:data1\" content=\"&euro;98,00 exkl. MwSt.\" \/>\n\t<meta name=\"twitter:label2\" content=\"Disponibilit\u00e9\" \/>\n\t<meta name=\"twitter:data2\" content=\"En stock\" \/>\n<script type=\"application\/ld+json\" class=\"yoast-schema-graph\">{\"@context\":\"https:\\\/\\\/schema.org\",\"@graph\":[{\"@type\":\"WebPage\",\"@id\":\"https:\\\/\\\/cargomesh.com\\\/fr\\\/product\\\/rp010-citroen-3-0-hdi-conduite-haute-pression-numero-de-comparaison-4014ln-kopie\\\/\",\"url\":\"https:\\\/\\\/cargomesh.com\\\/fr\\\/product\\\/rp010-citroen-3-0-hdi-conduite-haute-pression-numero-de-comparaison-4014ln-kopie\\\/\",\"name\":\"4014LN Citro\u00ebn 3.0 Conduite haute pression\",\"isPartOf\":{\"@id\":\"https:\\\/\\\/cargomesh.com\\\/fr\\\/#website\"},\"primaryImageOfPage\":{\"@id\":\"https:\\\/\\\/cargomesh.com\\\/fr\\\/product\\\/rp010-citroen-3-0-hdi-conduite-haute-pression-numero-de-comparaison-4014ln-kopie\\\/#primaryimage\"},\"image\":{\"@id\":\"https:\\\/\\\/cargomesh.com\\\/fr\\\/product\\\/rp010-citroen-3-0-hdi-conduite-haute-pression-numero-de-comparaison-4014ln-kopie\\\/#primaryimage\"},\"thumbnailUrl\":\"https:\\\/\\\/cargomesh.com\\\/wp-content\\\/uploads\\\/2025\\\/06\\\/RPGK1-Vergleichsnummer-1351KV-Kuehlwasserschlauch-PSA.png\",\"datePublished\":\"2025-06-10T17:31:57+00:00\",\"dateModified\":\"2025-06-10T18:06:46+00:00\",\"description\":\"Pour votre Citro\u00ebn de qualit\u00e9 sup\u00e9rieure et neuve. Achetez chez nous cette pi\u00e8ce d\u00e9tach\u00e9e 4014LN Citro\u00ebn 3.0 Conduite haute pression produite par Rarepar.\",\"breadcrumb\":{\"@id\":\"https:\\\/\\\/cargomesh.com\\\/fr\\\/product\\\/rp010-citroen-3-0-hdi-conduite-haute-pression-numero-de-comparaison-4014ln-kopie\\\/#breadcrumb\"},\"inLanguage\":\"fr-FR\",\"potentialAction\":[{\"@type\":\"ReadAction\",\"target\":[\"https:\\\/\\\/cargomesh.com\\\/fr\\\/product\\\/rp010-citroen-3-0-hdi-conduite-haute-pression-numero-de-comparaison-4014ln-kopie\\\/\"]}]},{\"@type\":\"ImageObject\",\"inLanguage\":\"fr-FR\",\"@id\":\"https:\\\/\\\/cargomesh.com\\\/fr\\\/product\\\/rp010-citroen-3-0-hdi-conduite-haute-pression-numero-de-comparaison-4014ln-kopie\\\/#primaryimage\",\"url\":\"https:\\\/\\\/cargomesh.com\\\/wp-content\\\/uploads\\\/2025\\\/06\\\/RPGK1-Vergleichsnummer-1351KV-Kuehlwasserschlauch-PSA.png\",\"contentUrl\":\"https:\\\/\\\/cargomesh.com\\\/wp-content\\\/uploads\\\/2025\\\/06\\\/RPGK1-Vergleichsnummer-1351KV-Kuehlwasserschlauch-PSA.png\",\"width\":1920,\"height\":1440,\"caption\":\"1351.KV Peugeot 407, Peugeot 607, Citroen C5, Citroen C6, Opel\"},{\"@type\":\"BreadcrumbList\",\"@id\":\"https:\\\/\\\/cargomesh.com\\\/fr\\\/product\\\/rp010-citroen-3-0-hdi-conduite-haute-pression-numero-de-comparaison-4014ln-kopie\\\/#breadcrumb\",\"itemListElement\":[{\"@type\":\"ListItem\",\"position\":1,\"name\":\"Startseite\",\"item\":\"https:\\\/\\\/cargomesh.com\\\/fr\\\/?lang=fr\"},{\"@type\":\"ListItem\",\"position\":2,\"name\":\"Produits\",\"item\":\"https:\\\/\\\/cargomesh.com\\\/fr\\\/shop\\\/\"},{\"@type\":\"ListItem\",\"position\":3,\"name\":\"RP010 Citro\u00ebn 3.0 HDI Conduite haute pression Num\u00e9ro de comparaison 4014LN (Kopie)\"}]},{\"@type\":\"WebSite\",\"@id\":\"https:\\\/\\\/cargomesh.com\\\/fr\\\/#website\",\"url\":\"https:\\\/\\\/cargomesh.com\\\/fr\\\/\",\"name\":\"CARGOMESH\",\"description\":\"Ersatzteile\",\"publisher\":{\"@id\":\"https:\\\/\\\/cargomesh.com\\\/fr\\\/#organization\"},\"potentialAction\":[{\"@type\":\"SearchAction\",\"target\":{\"@type\":\"EntryPoint\",\"urlTemplate\":\"https:\\\/\\\/cargomesh.com\\\/fr\\\/?s={search_term_string}\"},\"query-input\":{\"@type\":\"PropertyValueSpecification\",\"valueRequired\":true,\"valueName\":\"search_term_string\"}}],\"inLanguage\":\"fr-FR\"},{\"@type\":\"Organization\",\"@id\":\"https:\\\/\\\/cargomesh.com\\\/fr\\\/#organization\",\"name\":\"CARGOMESH GMBH\",\"url\":\"https:\\\/\\\/cargomesh.com\\\/fr\\\/\",\"logo\":{\"@type\":\"ImageObject\",\"inLanguage\":\"fr-FR\",\"@id\":\"https:\\\/\\\/cargomesh.com\\\/fr\\\/#\\\/schema\\\/logo\\\/image\\\/\",\"url\":\"https:\\\/\\\/cargomesh.com\\\/wp-content\\\/uploads\\\/2020\\\/08\\\/logo.jpg\",\"contentUrl\":\"https:\\\/\\\/cargomesh.com\\\/wp-content\\\/uploads\\\/2020\\\/08\\\/logo.jpg\",\"width\":722,\"height\":283,\"caption\":\"CARGOMESH GMBH\"},\"image\":{\"@id\":\"https:\\\/\\\/cargomesh.com\\\/fr\\\/#\\\/schema\\\/logo\\\/image\\\/\"},\"sameAs\":[\"https:\\\/\\\/www.facebook.com\\\/CARGOPFERD\",\"https:\\\/\\\/www.instagram.com\\\/cargomesh\\\/\"],\"hasMerchantReturnPolicy\":{\"@type\":\"MerchantReturnPolicy\",\"merchantReturnLink\":\"https:\\\/\\\/cargomesh.com\\\/agb\\\/\"}}]}<\/script>\n<meta property=\"product:price:amount\" content=\"98.00\" \/>\n<meta property=\"product:price:currency\" content=\"EUR\" \/>\n<meta property=\"og:availability\" content=\"instock\" \/>\n<meta property=\"product:availability\" content=\"instock\" \/>\n<meta property=\"product:retailer_item_id\" content=\"1351KV\" \/>\n<meta property=\"product:condition\" content=\"new\" \/>\n<!-- \/ Yoast SEO Premium plugin. -->","yoast_head_json":{"title":"4014LN Citro\u00ebn 3.0 Conduite haute pression","description":"Pour votre Citro\u00ebn de qualit\u00e9 sup\u00e9rieure et neuve. Achetez chez nous cette pi\u00e8ce d\u00e9tach\u00e9e 4014LN Citro\u00ebn 3.0 Conduite haute pression produite par Rarepar.","robots":{"index":"index","follow":"follow","max-snippet":"max-snippet:-1","max-image-preview":"max-image-preview:large","max-video-preview":"max-video-preview:-1"},"canonical":"https:\/\/cargomesh.com\/fr\/product\/rp010-citroen-3-0-hdi-conduite-haute-pression-numero-de-comparaison-4014ln-kopie\/","og_locale":"fr_FR","og_type":"article","og_title":"RP010 Citro\u00ebn 3.0 HDI Conduite haute pression Num\u00e9ro de comparaison 4014LN (Kopie)","og_description":"Pour votre Citro\u00ebn de qualit\u00e9 sup\u00e9rieure et neuve. Achetez chez nous cette pi\u00e8ce d\u00e9tach\u00e9e 4014LN Citro\u00ebn 3.0 Conduite haute pression produite par Rarepar.","og_url":"https:\/\/cargomesh.com\/fr\/product\/rp010-citroen-3-0-hdi-conduite-haute-pression-numero-de-comparaison-4014ln-kopie\/","og_site_name":"CARGOMESH","article_publisher":"https:\/\/www.facebook.com\/CARGOPFERD","article_modified_time":"2025-06-10T18:06:46+00:00","og_image":[{"width":1920,"height":1440,"url":"https:\/\/cargomesh.com\/wp-content\/uploads\/2025\/06\/RPGK1-Vergleichsnummer-1351KV-Kuehlwasserschlauch-PSA.png","type":"image\/png"}],"twitter_card":"summary_large_image","twitter_misc":{"Prix":"&euro;98,00 exkl. MwSt.","Disponibilit\u00e9":"En stock"},"schema":{"@context":"https:\/\/schema.org","@graph":[{"@type":"WebPage","@id":"https:\/\/cargomesh.com\/fr\/product\/rp010-citroen-3-0-hdi-conduite-haute-pression-numero-de-comparaison-4014ln-kopie\/","url":"https:\/\/cargomesh.com\/fr\/product\/rp010-citroen-3-0-hdi-conduite-haute-pression-numero-de-comparaison-4014ln-kopie\/","name":"4014LN Citro\u00ebn 3.0 Conduite haute pression","isPartOf":{"@id":"https:\/\/cargomesh.com\/fr\/#website"},"primaryImageOfPage":{"@id":"https:\/\/cargomesh.com\/fr\/product\/rp010-citroen-3-0-hdi-conduite-haute-pression-numero-de-comparaison-4014ln-kopie\/#primaryimage"},"image":{"@id":"https:\/\/cargomesh.com\/fr\/product\/rp010-citroen-3-0-hdi-conduite-haute-pression-numero-de-comparaison-4014ln-kopie\/#primaryimage"},"thumbnailUrl":"https:\/\/cargomesh.com\/wp-content\/uploads\/2025\/06\/RPGK1-Vergleichsnummer-1351KV-Kuehlwasserschlauch-PSA.png","datePublished":"2025-06-10T17:31:57+00:00","dateModified":"2025-06-10T18:06:46+00:00","description":"Pour votre Citro\u00ebn de qualit\u00e9 sup\u00e9rieure et neuve. Achetez chez nous cette pi\u00e8ce d\u00e9tach\u00e9e 4014LN Citro\u00ebn 3.0 Conduite haute pression produite par Rarepar.","breadcrumb":{"@id":"https:\/\/cargomesh.com\/fr\/product\/rp010-citroen-3-0-hdi-conduite-haute-pression-numero-de-comparaison-4014ln-kopie\/#breadcrumb"},"inLanguage":"fr-FR","potentialAction":[{"@type":"ReadAction","target":["https:\/\/cargomesh.com\/fr\/product\/rp010-citroen-3-0-hdi-conduite-haute-pression-numero-de-comparaison-4014ln-kopie\/"]}]},{"@type":"ImageObject","inLanguage":"fr-FR","@id":"https:\/\/cargomesh.com\/fr\/product\/rp010-citroen-3-0-hdi-conduite-haute-pression-numero-de-comparaison-4014ln-kopie\/#primaryimage","url":"https:\/\/cargomesh.com\/wp-content\/uploads\/2025\/06\/RPGK1-Vergleichsnummer-1351KV-Kuehlwasserschlauch-PSA.png","contentUrl":"https:\/\/cargomesh.com\/wp-content\/uploads\/2025\/06\/RPGK1-Vergleichsnummer-1351KV-Kuehlwasserschlauch-PSA.png","width":1920,"height":1440,"caption":"1351.KV Peugeot 407, Peugeot 607, Citroen C5, Citroen C6, Opel"},{"@type":"BreadcrumbList","@id":"https:\/\/cargomesh.com\/fr\/product\/rp010-citroen-3-0-hdi-conduite-haute-pression-numero-de-comparaison-4014ln-kopie\/#breadcrumb","itemListElement":[{"@type":"ListItem","position":1,"name":"Startseite","item":"https:\/\/cargomesh.com\/fr\/?lang=fr"},{"@type":"ListItem","position":2,"name":"Produits","item":"https:\/\/cargomesh.com\/fr\/shop\/"},{"@type":"ListItem","position":3,"name":"RP010 Citro\u00ebn 3.0 HDI Conduite haute pression Num\u00e9ro de comparaison 4014LN (Kopie)"}]},{"@type":"WebSite","@id":"https:\/\/cargomesh.com\/fr\/#website","url":"https:\/\/cargomesh.com\/fr\/","name":"CARGOMESH","description":"Ersatzteile","publisher":{"@id":"https:\/\/cargomesh.com\/fr\/#organization"},"potentialAction":[{"@type":"SearchAction","target":{"@type":"EntryPoint","urlTemplate":"https:\/\/cargomesh.com\/fr\/?s={search_term_string}"},"query-input":{"@type":"PropertyValueSpecification","valueRequired":true,"valueName":"search_term_string"}}],"inLanguage":"fr-FR"},{"@type":"Organization","@id":"https:\/\/cargomesh.com\/fr\/#organization","name":"CARGOMESH GMBH","url":"https:\/\/cargomesh.com\/fr\/","logo":{"@type":"ImageObject","inLanguage":"fr-FR","@id":"https:\/\/cargomesh.com\/fr\/#\/schema\/logo\/image\/","url":"https:\/\/cargomesh.com\/wp-content\/uploads\/2020\/08\/logo.jpg","contentUrl":"https:\/\/cargomesh.com\/wp-content\/uploads\/2020\/08\/logo.jpg","width":722,"height":283,"caption":"CARGOMESH GMBH"},"image":{"@id":"https:\/\/cargomesh.com\/fr\/#\/schema\/logo\/image\/"},"sameAs":["https:\/\/www.facebook.com\/CARGOPFERD","https:\/\/www.instagram.com\/cargomesh\/"],"hasMerchantReturnPolicy":{"@type":"MerchantReturnPolicy","merchantReturnLink":"https:\/\/cargomesh.com\/agb\/"}}]},"product_price_amount":"98.00","product_price_currency":"EUR","og_availability":"instock","product_availability":"instock","product_retailer_item_id":"1351KV","product_condition":"new"},"_links":{"self":[{"href":"https:\/\/cargomesh.com\/fr\/wp-json\/wp\/v2\/product\/10588","targetHints":{"allow":["GET"]}}],"collection":[{"href":"https:\/\/cargomesh.com\/fr\/wp-json\/wp\/v2\/product"}],"about":[{"href":"https:\/\/cargomesh.com\/fr\/wp-json\/wp\/v2\/types\/product"}],"replies":[{"embeddable":true,"href":"https:\/\/cargomesh.com\/fr\/wp-json\/wp\/v2\/comments?post=10588"}],"version-history":[{"count":1,"href":"https:\/\/cargomesh.com\/fr\/wp-json\/wp\/v2\/product\/10588\/revisions"}],"predecessor-version":[{"id":10644,"href":"https:\/\/cargomesh.com\/fr\/wp-json\/wp\/v2\/product\/10588\/revisions\/10644"}],"wp:featuredmedia":[{"embeddable":true,"href":"https:\/\/cargomesh.com\/fr\/wp-json\/wp\/v2\/media\/10623"}],"wp:attachment":[{"href":"https:\/\/cargomesh.com\/fr\/wp-json\/wp\/v2\/media?parent=10588"}],"wp:term":[{"taxonomy":"product_brand","embeddable":true,"href":"https:\/\/cargomesh.com\/fr\/wp-json\/wp\/v2\/product_brand?post=10588"},{"taxonomy":"product_cat","embeddable":true,"href":"https:\/\/cargomesh.com\/fr\/wp-json\/wp\/v2\/product_cat?post=10588"},{"taxonomy":"product_tag","embeddable":true,"href":"https:\/\/cargomesh.com\/fr\/wp-json\/wp\/v2\/product_tag?post=10588"}],"curies":[{"name":"wp","href":"https:\/\/api.w.org\/{rel}","templated":true}]}}