{"id":6208,"date":"2024-04-07T19:00:06","date_gmt":"2024-04-07T17:00:06","guid":{"rendered":"https:\/\/cargomesh.com\/partner\/"},"modified":"2024-04-07T20:45:22","modified_gmt":"2024-04-07T18:45:22","slug":"partner","status":"publish","type":"page","link":"https:\/\/cargomesh.com\/hr\/partner\/","title":{"rendered":"PARTNER"},"content":{"rendered":"\t\t<div data-elementor-type=\"wp-page\" data-elementor-id=\"6208\" class=\"elementor elementor-6208 elementor-6036\" data-elementor-post-type=\"page\">\n\t\t\t\t\t\t<section class=\"elementor-section elementor-top-section elementor-element elementor-element-9d6e6f0 elementor-section-boxed elementor-section-height-default elementor-section-height-default\" data-id=\"9d6e6f0\" data-element_type=\"section\" data-e-type=\"section\">\n\t\t\t\t\t\t<div class=\"elementor-container elementor-column-gap-default\">\n\t\t\t\t\t<div class=\"elementor-column elementor-col-100 elementor-top-column elementor-element elementor-element-c3f8269\" data-id=\"c3f8269\" data-element_type=\"column\" data-e-type=\"column\">\n\t\t\t<div class=\"elementor-widget-wrap elementor-element-populated\">\n\t\t\t\t\t\t<div class=\"elementor-element elementor-element-0db263d elementor-widget elementor-widget-heading\" data-id=\"0db263d\" data-element_type=\"widget\" data-e-type=\"widget\" data-widget_type=\"heading.default\">\n\t\t\t\t<div class=\"elementor-widget-container\">\n\t\t\t\t\t<h2 class=\"elementor-heading-title elementor-size-default\">NA\u0160I PARTNERI<\/h2>\t\t\t\t<\/div>\n\t\t\t\t<\/div>\n\t\t\t\t\t<\/div>\n\t\t<\/div>\n\t\t\t\t\t<\/div>\n\t\t<\/section>\n\t\t\t\t<section class=\"elementor-section elementor-top-section elementor-element elementor-element-37a28ce elementor-section-boxed elementor-section-height-default elementor-section-height-default\" data-id=\"37a28ce\" data-element_type=\"section\" data-e-type=\"section\">\n\t\t\t\t\t\t<div class=\"elementor-container elementor-column-gap-default\">\n\t\t\t\t\t<div class=\"elementor-column elementor-col-100 elementor-top-column elementor-element elementor-element-b50343b\" data-id=\"b50343b\" data-element_type=\"column\" data-e-type=\"column\">\n\t\t\t<div class=\"elementor-widget-wrap elementor-element-populated\">\n\t\t\t\t\t\t<div class=\"elementor-element elementor-element-46aa3d8 elementor-widget elementor-widget-spacer\" data-id=\"46aa3d8\" data-element_type=\"widget\" data-e-type=\"widget\" data-widget_type=\"spacer.default\">\n\t\t\t\t<div class=\"elementor-widget-container\">\n\t\t\t\t\t\t\t<div class=\"elementor-spacer\">\n\t\t\t<div class=\"elementor-spacer-inner\"><\/div>\n\t\t<\/div>\n\t\t\t\t\t\t<\/div>\n\t\t\t\t<\/div>\n\t\t\t\t\t<\/div>\n\t\t<\/div>\n\t\t\t\t\t<\/div>\n\t\t<\/section>\n\t\t\t\t<section class=\"elementor-section elementor-top-section elementor-element elementor-element-f76fd41 elementor-section-boxed elementor-section-height-default elementor-section-height-default\" data-id=\"f76fd41\" data-element_type=\"section\" data-e-type=\"section\">\n\t\t\t\t\t\t<div class=\"elementor-container elementor-column-gap-default\">\n\t\t\t\t\t<div class=\"elementor-column elementor-col-66 elementor-top-column elementor-element elementor-element-7c3c575\" data-id=\"7c3c575\" data-element_type=\"column\" data-e-type=\"column\">\n\t\t\t<div class=\"elementor-widget-wrap elementor-element-populated\">\n\t\t\t\t\t\t<div class=\"elementor-element elementor-element-c8d07ec elementor-widget elementor-widget-text-editor\" data-id=\"c8d07ec\" data-element_type=\"widget\" data-e-type=\"widget\" data-widget_type=\"text-editor.default\">\n\t\t\t\t<div class=\"elementor-widget-container\">\n\t\t\t\t\t\t\t\t\t<p>Rarepar, na\u0161 partner za visokokvalitetne autodijelove, sura\u0111uje s nama kako bi ponudio jedinstveno rje\u0161enje za automehani\u010darske radionice u Europi. Kojima su potrebni specijalizirani zamjenski dijelovi koje je te\u0161ko prona\u0107i. Prona\u0107i rijetke dijelove koje proizvo\u0111a\u010d vi\u0161e ne proizvodi. Kroz blisku suradnju, identificirali smo veliku potra\u017enju za specifi\u010dnim dijelovima koji se vi\u0161e ne proizvode i po\u010deli smo ih isklju\u010divo reproducirati prema originalnim specifikacijama. Otkrijte na\u0161e ekskluzivne dijelove proizvedene prema izvornim specifikacijama &#8211; pouzdani izvor kvalitetnih dijelova koji razvijaju va\u0161e poslovanje.<\/p>\n<p><a href=\"https:\/\/rarepar.com\/\">https:\/\/rarepar.com\/<\/a><\/p><\/p>\n\t\t\t\t\t\t\t\t<\/div>\n\t\t\t\t<\/div>\n\t\t\t\t\t<\/div>\n\t\t<\/div>\n\t\t\t\t<div class=\"elementor-column elementor-col-33 elementor-top-column elementor-element elementor-element-b3842c3\" data-id=\"b3842c3\" data-element_type=\"column\" data-e-type=\"column\">\n\t\t\t<div class=\"elementor-widget-wrap elementor-element-populated\">\n\t\t\t\t\t\t<div class=\"elementor-element elementor-element-efd4459 elementor-widget elementor-widget-image\" data-id=\"efd4459\" data-element_type=\"widget\" data-e-type=\"widget\" data-widget_type=\"image.default\">\n\t\t\t\t<div class=\"elementor-widget-container\">\n\t\t\t\t\t\t\t\t\t\t\t\t\t\t\t\t<a href=\"https:\/\/cargomesh.com\/shop\/\">\n\t\t\t\t\t\t\t<img decoding=\"async\" width=\"215\" height=\"180\" src=\"https:\/\/cargomesh.com\/wp-content\/uploads\/2024\/04\/rarepar_logo_POYS-1-e1712509407528.jpg\" class=\"attachment-medium size-medium wp-image-6001\" alt=\"\" \/>\t\t\t\t\t\t\t\t<\/a>\n\t\t\t\t\t\t\t\t\t\t\t\t\t\t\t<\/div>\n\t\t\t\t<\/div>\n\t\t\t\t\t<\/div>\n\t\t<\/div>\n\t\t\t\t\t<\/div>\n\t\t<\/section>\n\t\t\t\t<section class=\"elementor-section elementor-top-section elementor-element elementor-element-ada54ed elementor-section-boxed elementor-section-height-default elementor-section-height-default\" data-id=\"ada54ed\" data-element_type=\"section\" data-e-type=\"section\">\n\t\t\t\t\t\t<div class=\"elementor-container elementor-column-gap-default\">\n\t\t\t\t\t<div class=\"elementor-column elementor-col-100 elementor-top-column elementor-element elementor-element-c9f8028\" data-id=\"c9f8028\" data-element_type=\"column\" data-e-type=\"column\">\n\t\t\t<div class=\"elementor-widget-wrap elementor-element-populated\">\n\t\t\t\t\t\t<div class=\"elementor-element elementor-element-15833da elementor-widget elementor-widget-spacer\" data-id=\"15833da\" data-element_type=\"widget\" data-e-type=\"widget\" data-widget_type=\"spacer.default\">\n\t\t\t\t<div class=\"elementor-widget-container\">\n\t\t\t\t\t\t\t<div class=\"elementor-spacer\">\n\t\t\t<div class=\"elementor-spacer-inner\"><\/div>\n\t\t<\/div>\n\t\t\t\t\t\t<\/div>\n\t\t\t\t<\/div>\n\t\t\t\t\t<\/div>\n\t\t<\/div>\n\t\t\t\t\t<\/div>\n\t\t<\/section>\n\t\t\t\t<section class=\"elementor-section elementor-top-section elementor-element elementor-element-fc9b490 elementor-section-boxed elementor-section-height-default elementor-section-height-default\" data-id=\"fc9b490\" data-element_type=\"section\" data-e-type=\"section\">\n\t\t\t\t\t\t<div class=\"elementor-container elementor-column-gap-default\">\n\t\t\t\t\t<div class=\"elementor-column elementor-col-33 elementor-top-column elementor-element elementor-element-3779360\" data-id=\"3779360\" data-element_type=\"column\" data-e-type=\"column\">\n\t\t\t<div class=\"elementor-widget-wrap elementor-element-populated\">\n\t\t\t\t\t\t<div class=\"elementor-element elementor-element-ee7f2b6 elementor-widget elementor-widget-image\" data-id=\"ee7f2b6\" data-element_type=\"widget\" data-e-type=\"widget\" data-widget_type=\"image.default\">\n\t\t\t\t<div class=\"elementor-widget-container\">\n\t\t\t\t\t\t\t\t\t\t\t\t\t\t\t\t<a href=\"https:\/\/cargomesh.com\/shop\/\">\n\t\t\t\t\t\t\t<img fetchpriority=\"high\" decoding=\"async\" width=\"300\" height=\"300\" src=\"https:\/\/cargomesh.com\/wp-content\/uploads\/2024\/04\/logo300x300.jpg\" class=\"attachment-medium size-medium wp-image-6083\" alt=\"PROTECTMESH.COM\" srcset=\"https:\/\/cargomesh.com\/wp-content\/uploads\/2024\/04\/logo300x300.jpg 300w, https:\/\/cargomesh.com\/wp-content\/uploads\/2024\/04\/logo300x300-150x150.jpg 150w, https:\/\/cargomesh.com\/wp-content\/uploads\/2024\/04\/logo300x300-100x100.jpg 100w\" sizes=\"(max-width: 300px) 100vw, 300px\" \/>\t\t\t\t\t\t\t\t<\/a>\n\t\t\t\t\t\t\t\t\t\t\t\t\t\t\t<\/div>\n\t\t\t\t<\/div>\n\t\t\t\t\t<\/div>\n\t\t<\/div>\n\t\t\t\t<div class=\"elementor-column elementor-col-66 elementor-top-column elementor-element elementor-element-de268fd\" data-id=\"de268fd\" data-element_type=\"column\" data-e-type=\"column\">\n\t\t\t<div class=\"elementor-widget-wrap elementor-element-populated\">\n\t\t\t\t\t\t<div class=\"elementor-element elementor-element-dc7df56 elementor-widget elementor-widget-text-editor\" data-id=\"dc7df56\" data-element_type=\"widget\" data-e-type=\"widget\" data-widget_type=\"text-editor.default\">\n\t\t\t\t<div class=\"elementor-widget-container\">\n\t\t\t\t\t\t\t\t\t<p>Povjerite ProtectMeshu kako biste osigurali sigurnost svojih poslu\u017eitelja i uspje\u0161no prevladali izazove u brzom IT svijetu.<\/p>\n<p>Databunker je sveobuhvatno sve-u-jednom rje\u0161enje dizajnirano posebno za potrebe malih i srednjih poduze\u0107a (SME).<\/p>\n<p>Ova inovativna platforma integrira bitne IT sigurnosne i infrastrukturne komponente kao \u0161to su vatrozid, rje\u0161enja za sigurnosno kopiranje, kao i poslu\u017eitelje terminala, proizvodnje i baze podataka u jednom proizvodu.<\/p>\n<p>Databunker stoga nudi jedinstvenu kombinaciju sigurnosti, u\u010dinkovitosti i jednostavnosti korisnika smanjuju\u0107i slo\u017eenost IT infrastrukture uz istovremeno osiguranje visokog standarda za\u0161tite od digitalnih prijetnji.<\/p>\n<p>Uz Databunker mala i srednja poduze\u0107a dobivaju prilago\u0111eno rje\u0161enje koje im omogu\u0107uje sigurno, pouzdano i tro\u0161kovno u\u010dinkovito upravljanje svojim IT sustavima.<\/p>\n<p><a href=\"https:\/\/protectmesh.com\">https:\/\/protectmesh.com<\/a><\/p>\n\t\t\t\t\t\t\t\t<\/div>\n\t\t\t\t<\/div>\n\t\t\t\t\t<\/div>\n\t\t<\/div>\n\t\t\t\t\t<\/div>\n\t\t<\/section>\n\t\t\t\t<\/div>\n\t\t","protected":false},"excerpt":{"rendered":"<p>NA\u0160I PARTNERI Rarepar, na\u0161 partner za visokokvalitetne autodijelove, sura\u0111uje s nama kako bi ponudio jedinstveno rje\u0161enje za automehani\u010darske radionice u Europi. Kojima su potrebni specijalizirani zamjenski dijelovi koje je te\u0161ko prona\u0107i. Prona\u0107i rijetke dijelove koje proizvo\u0111a\u010d vi\u0161e ne proizvodi. Kroz blisku suradnju, identificirali smo veliku potra\u017enju za specifi\u010dnim dijelovima koji se vi\u0161e ne proizvode i [&hellip;]<\/p>\n","protected":false},"author":1,"featured_media":0,"parent":0,"menu_order":0,"comment_status":"closed","ping_status":"closed","template":"","meta":{"footnotes":""},"class_list":["post-6208","page","type-page","status-publish","hentry"],"yoast_head":"<!-- This site is optimized with the Yoast SEO Premium plugin v24.6 (Yoast SEO v27.5) - https:\/\/yoast.com\/product\/yoast-seo-premium-wordpress\/ -->\n<title>PARTNER - CARGOMESH<\/title>\n<meta name=\"robots\" content=\"index, follow, max-snippet:-1, max-image-preview:large, max-video-preview:-1\" \/>\n<link rel=\"canonical\" href=\"https:\/\/cargomesh.com\/hr\/partner\/\" \/>\n<meta property=\"og:locale\" content=\"hr_HR\" \/>\n<meta property=\"og:type\" content=\"article\" \/>\n<meta property=\"og:title\" content=\"PARTNER\" \/>\n<meta property=\"og:description\" content=\"NA\u0160I PARTNERI Rarepar, na\u0161 partner za visokokvalitetne autodijelove, sura\u0111uje s nama kako bi ponudio jedinstveno rje\u0161enje za automehani\u010darske radionice u Europi. Kojima su potrebni specijalizirani zamjenski dijelovi koje je te\u0161ko prona\u0107i. Prona\u0107i rijetke dijelove koje proizvo\u0111a\u010d vi\u0161e ne proizvodi. Kroz blisku suradnju, identificirali smo veliku potra\u017enju za specifi\u010dnim dijelovima koji se vi\u0161e ne proizvode i [&hellip;]\" \/>\n<meta property=\"og:url\" content=\"https:\/\/cargomesh.com\/hr\/partner\/\" \/>\n<meta property=\"og:site_name\" content=\"CARGOMESH\" \/>\n<meta property=\"article:publisher\" content=\"https:\/\/www.facebook.com\/CARGOPFERD\" \/>\n<meta property=\"article:modified_time\" content=\"2024-04-07T18:45:22+00:00\" \/>\n<meta property=\"og:image\" content=\"https:\/\/i0.wp.com\/cargomesh.com\/wp-content\/uploads\/2024\/04\/rarepar_logo_POYS-1-e1712509407528.jpg?fit=300%2C251&amp;ssl=1\" \/>\n<meta name=\"twitter:card\" content=\"summary_large_image\" \/>\n<meta name=\"twitter:label1\" content=\"Procijenjeno vrijeme \u010ditanja\" \/>\n\t<meta name=\"twitter:data1\" content=\"1 minuta\" \/>\n<script type=\"application\/ld+json\" class=\"yoast-schema-graph\">{\"@context\":\"https:\\\/\\\/schema.org\",\"@graph\":[{\"@type\":\"WebPage\",\"@id\":\"https:\\\/\\\/cargomesh.com\\\/hr\\\/partner\\\/\",\"url\":\"https:\\\/\\\/cargomesh.com\\\/hr\\\/partner\\\/\",\"name\":\"PARTNER - CARGOMESH\",\"isPartOf\":{\"@id\":\"https:\\\/\\\/cargomesh.com\\\/hr\\\/#website\"},\"primaryImageOfPage\":{\"@id\":\"https:\\\/\\\/cargomesh.com\\\/hr\\\/partner\\\/#primaryimage\"},\"image\":{\"@id\":\"https:\\\/\\\/cargomesh.com\\\/hr\\\/partner\\\/#primaryimage\"},\"thumbnailUrl\":\"https:\\\/\\\/i0.wp.com\\\/cargomesh.com\\\/wp-content\\\/uploads\\\/2024\\\/04\\\/rarepar_logo_POYS-1-e1712509407528.jpg?fit=300%2C251&amp;ssl=1\",\"datePublished\":\"2024-04-07T17:00:06+00:00\",\"dateModified\":\"2024-04-07T18:45:22+00:00\",\"breadcrumb\":{\"@id\":\"https:\\\/\\\/cargomesh.com\\\/hr\\\/partner\\\/#breadcrumb\"},\"inLanguage\":\"hr\",\"potentialAction\":[{\"@type\":\"ReadAction\",\"target\":[\"https:\\\/\\\/cargomesh.com\\\/hr\\\/partner\\\/\"]}]},{\"@type\":\"ImageObject\",\"inLanguage\":\"hr\",\"@id\":\"https:\\\/\\\/cargomesh.com\\\/hr\\\/partner\\\/#primaryimage\",\"url\":\"https:\\\/\\\/i0.wp.com\\\/cargomesh.com\\\/wp-content\\\/uploads\\\/2024\\\/04\\\/rarepar_logo_POYS-1-e1712509407528.jpg?fit=300%2C251&amp;ssl=1\",\"contentUrl\":\"https:\\\/\\\/i0.wp.com\\\/cargomesh.com\\\/wp-content\\\/uploads\\\/2024\\\/04\\\/rarepar_logo_POYS-1-e1712509407528.jpg?fit=300%2C251&amp;ssl=1\"},{\"@type\":\"BreadcrumbList\",\"@id\":\"https:\\\/\\\/cargomesh.com\\\/hr\\\/partner\\\/#breadcrumb\",\"itemListElement\":[{\"@type\":\"ListItem\",\"position\":1,\"name\":\"Startseite\",\"item\":\"https:\\\/\\\/cargomesh.com\\\/hr\\\/\"},{\"@type\":\"ListItem\",\"position\":2,\"name\":\"PARTNER\"}]},{\"@type\":\"WebSite\",\"@id\":\"https:\\\/\\\/cargomesh.com\\\/hr\\\/#website\",\"url\":\"https:\\\/\\\/cargomesh.com\\\/hr\\\/\",\"name\":\"CARGOMESH\",\"description\":\"Ersatzteile\",\"publisher\":{\"@id\":\"https:\\\/\\\/cargomesh.com\\\/hr\\\/#organization\"},\"potentialAction\":[{\"@type\":\"SearchAction\",\"target\":{\"@type\":\"EntryPoint\",\"urlTemplate\":\"https:\\\/\\\/cargomesh.com\\\/hr\\\/?s={search_term_string}\"},\"query-input\":{\"@type\":\"PropertyValueSpecification\",\"valueRequired\":true,\"valueName\":\"search_term_string\"}}],\"inLanguage\":\"hr\"},{\"@type\":\"Organization\",\"@id\":\"https:\\\/\\\/cargomesh.com\\\/hr\\\/#organization\",\"name\":\"CARGOMESH GMBH\",\"url\":\"https:\\\/\\\/cargomesh.com\\\/hr\\\/\",\"logo\":{\"@type\":\"ImageObject\",\"inLanguage\":\"hr\",\"@id\":\"https:\\\/\\\/cargomesh.com\\\/hr\\\/#\\\/schema\\\/logo\\\/image\\\/\",\"url\":\"https:\\\/\\\/cargomesh.com\\\/wp-content\\\/uploads\\\/2020\\\/08\\\/logo.jpg\",\"contentUrl\":\"https:\\\/\\\/cargomesh.com\\\/wp-content\\\/uploads\\\/2020\\\/08\\\/logo.jpg\",\"width\":722,\"height\":283,\"caption\":\"CARGOMESH GMBH\"},\"image\":{\"@id\":\"https:\\\/\\\/cargomesh.com\\\/hr\\\/#\\\/schema\\\/logo\\\/image\\\/\"},\"sameAs\":[\"https:\\\/\\\/www.facebook.com\\\/CARGOPFERD\",\"https:\\\/\\\/www.instagram.com\\\/cargomesh\\\/\"],\"hasMerchantReturnPolicy\":{\"@type\":\"MerchantReturnPolicy\",\"merchantReturnLink\":\"https:\\\/\\\/cargomesh.com\\\/agb\\\/\"}}]}<\/script>\n<!-- \/ Yoast SEO Premium plugin. -->","yoast_head_json":{"title":"PARTNER - CARGOMESH","robots":{"index":"index","follow":"follow","max-snippet":"max-snippet:-1","max-image-preview":"max-image-preview:large","max-video-preview":"max-video-preview:-1"},"canonical":"https:\/\/cargomesh.com\/hr\/partner\/","og_locale":"hr_HR","og_type":"article","og_title":"PARTNER","og_description":"NA\u0160I PARTNERI Rarepar, na\u0161 partner za visokokvalitetne autodijelove, sura\u0111uje s nama kako bi ponudio jedinstveno rje\u0161enje za automehani\u010darske radionice u Europi. Kojima su potrebni specijalizirani zamjenski dijelovi koje je te\u0161ko prona\u0107i. Prona\u0107i rijetke dijelove koje proizvo\u0111a\u010d vi\u0161e ne proizvodi. Kroz blisku suradnju, identificirali smo veliku potra\u017enju za specifi\u010dnim dijelovima koji se vi\u0161e ne proizvode i [&hellip;]","og_url":"https:\/\/cargomesh.com\/hr\/partner\/","og_site_name":"CARGOMESH","article_publisher":"https:\/\/www.facebook.com\/CARGOPFERD","article_modified_time":"2024-04-07T18:45:22+00:00","og_image":[{"url":"https:\/\/i0.wp.com\/cargomesh.com\/wp-content\/uploads\/2024\/04\/rarepar_logo_POYS-1-e1712509407528.jpg?fit=300%2C251&amp;ssl=1","type":"","width":"","height":""}],"twitter_card":"summary_large_image","twitter_misc":{"Procijenjeno vrijeme \u010ditanja":"1 minuta"},"schema":{"@context":"https:\/\/schema.org","@graph":[{"@type":"WebPage","@id":"https:\/\/cargomesh.com\/hr\/partner\/","url":"https:\/\/cargomesh.com\/hr\/partner\/","name":"PARTNER - CARGOMESH","isPartOf":{"@id":"https:\/\/cargomesh.com\/hr\/#website"},"primaryImageOfPage":{"@id":"https:\/\/cargomesh.com\/hr\/partner\/#primaryimage"},"image":{"@id":"https:\/\/cargomesh.com\/hr\/partner\/#primaryimage"},"thumbnailUrl":"https:\/\/i0.wp.com\/cargomesh.com\/wp-content\/uploads\/2024\/04\/rarepar_logo_POYS-1-e1712509407528.jpg?fit=300%2C251&amp;ssl=1","datePublished":"2024-04-07T17:00:06+00:00","dateModified":"2024-04-07T18:45:22+00:00","breadcrumb":{"@id":"https:\/\/cargomesh.com\/hr\/partner\/#breadcrumb"},"inLanguage":"hr","potentialAction":[{"@type":"ReadAction","target":["https:\/\/cargomesh.com\/hr\/partner\/"]}]},{"@type":"ImageObject","inLanguage":"hr","@id":"https:\/\/cargomesh.com\/hr\/partner\/#primaryimage","url":"https:\/\/i0.wp.com\/cargomesh.com\/wp-content\/uploads\/2024\/04\/rarepar_logo_POYS-1-e1712509407528.jpg?fit=300%2C251&amp;ssl=1","contentUrl":"https:\/\/i0.wp.com\/cargomesh.com\/wp-content\/uploads\/2024\/04\/rarepar_logo_POYS-1-e1712509407528.jpg?fit=300%2C251&amp;ssl=1"},{"@type":"BreadcrumbList","@id":"https:\/\/cargomesh.com\/hr\/partner\/#breadcrumb","itemListElement":[{"@type":"ListItem","position":1,"name":"Startseite","item":"https:\/\/cargomesh.com\/hr\/"},{"@type":"ListItem","position":2,"name":"PARTNER"}]},{"@type":"WebSite","@id":"https:\/\/cargomesh.com\/hr\/#website","url":"https:\/\/cargomesh.com\/hr\/","name":"CARGOMESH","description":"Ersatzteile","publisher":{"@id":"https:\/\/cargomesh.com\/hr\/#organization"},"potentialAction":[{"@type":"SearchAction","target":{"@type":"EntryPoint","urlTemplate":"https:\/\/cargomesh.com\/hr\/?s={search_term_string}"},"query-input":{"@type":"PropertyValueSpecification","valueRequired":true,"valueName":"search_term_string"}}],"inLanguage":"hr"},{"@type":"Organization","@id":"https:\/\/cargomesh.com\/hr\/#organization","name":"CARGOMESH GMBH","url":"https:\/\/cargomesh.com\/hr\/","logo":{"@type":"ImageObject","inLanguage":"hr","@id":"https:\/\/cargomesh.com\/hr\/#\/schema\/logo\/image\/","url":"https:\/\/cargomesh.com\/wp-content\/uploads\/2020\/08\/logo.jpg","contentUrl":"https:\/\/cargomesh.com\/wp-content\/uploads\/2020\/08\/logo.jpg","width":722,"height":283,"caption":"CARGOMESH GMBH"},"image":{"@id":"https:\/\/cargomesh.com\/hr\/#\/schema\/logo\/image\/"},"sameAs":["https:\/\/www.facebook.com\/CARGOPFERD","https:\/\/www.instagram.com\/cargomesh\/"],"hasMerchantReturnPolicy":{"@type":"MerchantReturnPolicy","merchantReturnLink":"https:\/\/cargomesh.com\/agb\/"}}]}},"jetpack_shortlink":"https:\/\/wp.me\/PcirzO-1C8","_links":{"self":[{"href":"https:\/\/cargomesh.com\/hr\/wp-json\/wp\/v2\/pages\/6208","targetHints":{"allow":["GET"]}}],"collection":[{"href":"https:\/\/cargomesh.com\/hr\/wp-json\/wp\/v2\/pages"}],"about":[{"href":"https:\/\/cargomesh.com\/hr\/wp-json\/wp\/v2\/types\/page"}],"author":[{"embeddable":true,"href":"https:\/\/cargomesh.com\/hr\/wp-json\/wp\/v2\/users\/1"}],"replies":[{"embeddable":true,"href":"https:\/\/cargomesh.com\/hr\/wp-json\/wp\/v2\/comments?post=6208"}],"version-history":[{"count":1,"href":"https:\/\/cargomesh.com\/hr\/wp-json\/wp\/v2\/pages\/6208\/revisions"}],"predecessor-version":[{"id":6216,"href":"https:\/\/cargomesh.com\/hr\/wp-json\/wp\/v2\/pages\/6208\/revisions\/6216"}],"wp:attachment":[{"href":"https:\/\/cargomesh.com\/hr\/wp-json\/wp\/v2\/media?parent=6208"}],"curies":[{"name":"wp","href":"https:\/\/api.w.org\/{rel}","templated":true}]}}