{"id":7518,"date":"2020-08-16T21:59:29","date_gmt":"2020-08-16T19:59:29","guid":{"rendered":"https:\/\/cargomesh.com\/otisak\/"},"modified":"2024-04-07T21:04:31","modified_gmt":"2024-04-07T19:04:31","slug":"otisak","status":"publish","type":"page","link":"https:\/\/cargomesh.com\/hr\/otisak\/","title":{"rendered":"otisak"},"content":{"rendered":"\t\t<div data-elementor-type=\"wp-page\" data-elementor-id=\"7518\" class=\"elementor elementor-7518 elementor-10\" data-elementor-post-type=\"page\">\n\t\t\t\t\t\t<section class=\"elementor-section elementor-top-section elementor-element elementor-element-1d7015af elementor-section-boxed elementor-section-height-default elementor-section-height-default\" data-id=\"1d7015af\" data-element_type=\"section\" data-e-type=\"section\">\n\t\t\t\t\t\t<div class=\"elementor-container elementor-column-gap-default\">\n\t\t\t\t\t<div class=\"elementor-column elementor-col-100 elementor-top-column elementor-element elementor-element-4a6a7f66\" data-id=\"4a6a7f66\" data-element_type=\"column\" data-e-type=\"column\">\n\t\t\t<div class=\"elementor-widget-wrap elementor-element-populated\">\n\t\t\t\t\t\t<div class=\"elementor-element elementor-element-0ecb83b elementor-widget elementor-widget-heading\" data-id=\"0ecb83b\" data-element_type=\"widget\" data-e-type=\"widget\" data-widget_type=\"heading.default\">\n\t\t\t\t<div class=\"elementor-widget-container\">\n\t\t\t\t\t<h2 class=\"elementor-heading-title elementor-size-default\">otisak<\/h2>\t\t\t\t<\/div>\n\t\t\t\t<\/div>\n\t\t\t\t<div class=\"elementor-element elementor-element-6a310ea elementor-widget elementor-widget-text-editor\" data-id=\"6a310ea\" data-element_type=\"widget\" data-e-type=\"widget\" data-widget_type=\"text-editor.default\">\n\t\t\t\t<div class=\"elementor-widget-container\">\n\t\t\t\t\t\t\t\t\t<p>Informacije prema odjeljku 5. Zakona o telemedijima:<br \/>Ova po\u010detna stranica je ponuda od:<\/p>\n\t\t\t\t\t\t\t\t<\/div>\n\t\t\t\t<\/div>\n\t\t\t\t<div class=\"elementor-element elementor-element-e178c05 elementor-widget elementor-widget-text-editor\" data-id=\"e178c05\" data-element_type=\"widget\" data-e-type=\"widget\" data-widget_type=\"text-editor.default\">\n\t\t\t\t<div class=\"elementor-widget-container\">\n\t\t\t\t\t\t\t\t\t<p><strong>CARGOMESH GMBH Austrijska podru\u017enica<\/strong><br \/><strong>Gl\u00f6ckelstrasse 8<\/strong><br \/><strong>4663 &#8211; Laakirchen<\/strong><br \/><strong>Austrija<\/strong><\/p>\n<p>Direktor: Rudolf Pilat<\/p>\n<p>PDV ID:<\/p>\n<p>Mo\u017eete se obratiti na\u0161oj korisni\u010dkoj slu\u017ebi za pitanja, pritu\u017ebe i nedoumice putem e-po\u0161te na office@cargomesh.com.<br \/>Za upite mo\u017eete koristiti i na\u0161 kontakt obrazac.<\/p>\n\t\t\t\t\t\t\t\t<\/div>\n\t\t\t\t<\/div>\n\t\t\t\t<div class=\"elementor-element elementor-element-3d07e05 elementor-widget elementor-widget-heading\" data-id=\"3d07e05\" data-element_type=\"widget\" data-e-type=\"widget\" data-widget_type=\"heading.default\">\n\t\t\t\t<div class=\"elementor-widget-container\">\n\t\t\t\t\t<h2 class=\"elementor-heading-title elementor-size-default\">Odgovornost za linkove:<\/h2>\t\t\t\t<\/div>\n\t\t\t\t<\/div>\n\t\t\t\t<div class=\"elementor-element elementor-element-759a15c elementor-widget elementor-widget-text-editor\" data-id=\"759a15c\" data-element_type=\"widget\" data-e-type=\"widget\" data-widget_type=\"text-editor.default\">\n\t\t\t\t<div class=\"elementor-widget-container\">\n\t\t\t\t\t\t\t\t\t<p>Na\u0161a ponuda sadr\u017ei poveznice na vanjske web stranice tre\u0107ih strana na \u010diji sadr\u017eaj nemamo utjecaja. Stoga ne mo\u017eemo preuzeti nikakvu odgovornost za ovaj vanjski sadr\u017eaj. Odgovaraju\u0107i pru\u017eatelj ili operater stranica uvijek je odgovoran za sadr\u017eaj povezanih stranica. Povezane stranice su provjerene zbog mogu\u0107ih zakonskih povreda u vrijeme povezivanja. Ilegalan sadr\u017eaj nije bio vidljiv u vrijeme povezivanja. Me\u0111utim, stalna kontrola sadr\u017eaja povezanih stranica je nerazumna bez konkretnih dokaza o kr\u0161enju zakona. Ako postanemo svjesni bilo kakvog kr\u0161enja zakona, odmah \u0107emo ukloniti takve poveznice.<\/p>\n\t\t\t\t\t\t\t\t<\/div>\n\t\t\t\t<\/div>\n\t\t\t\t<div class=\"elementor-element elementor-element-e971ac7 elementor-widget elementor-widget-heading\" data-id=\"e971ac7\" data-element_type=\"widget\" data-e-type=\"widget\" data-widget_type=\"heading.default\">\n\t\t\t\t<div class=\"elementor-widget-container\">\n\t\t\t\t\t<h2 class=\"elementor-heading-title elementor-size-default\">autorsko pravo<\/h2>\t\t\t\t<\/div>\n\t\t\t\t<\/div>\n\t\t\t\t<div class=\"elementor-element elementor-element-49b8c95 elementor-widget elementor-widget-text-editor\" data-id=\"49b8c95\" data-element_type=\"widget\" data-e-type=\"widget\" data-widget_type=\"text-editor.default\">\n\t\t\t\t<div class=\"elementor-widget-container\">\n\t\t\t\t\t\t\t\t\t<p>Sav sadr\u017eaj na web stranici je cijenjen. Reproduciranje, kopiranje, pohranjivanje, prijenos, javno predstavljanje ili druga uporaba web stranice, djelomi\u010dno ili u cijelosti, nije dopu\u0161tena bez pismenog dopu\u0161tenja.<\/p>\n\t\t\t\t\t\t\t\t<\/div>\n\t\t\t\t<\/div>\n\t\t\t\t<div class=\"elementor-element elementor-element-496758c9 elementor-widget elementor-widget-shortcode\" data-id=\"496758c9\" data-element_type=\"widget\" data-e-type=\"widget\" data-widget_type=\"shortcode.default\">\n\t\t\t\t<div class=\"elementor-widget-container\">\n\t\t\t\t\t\t\t<div class=\"elementor-shortcode\">[gzd_complaints]<\/div>\n\t\t\t\t\t\t<\/div>\n\t\t\t\t<\/div>\n\t\t\t\t\t<\/div>\n\t\t<\/div>\n\t\t\t\t\t<\/div>\n\t\t<\/section>\n\t\t\t\t<\/div>\n\t\t","protected":false},"excerpt":{"rendered":"<p>otisak Informacije prema odjeljku 5. Zakona o telemedijima:Ova po\u010detna stranica je ponuda od: CARGOMESH GMBH Austrijska podru\u017enicaGl\u00f6ckelstrasse 84663 &#8211; LaakirchenAustrija Direktor: Rudolf Pilat PDV ID: Mo\u017eete se obratiti na\u0161oj korisni\u010dkoj slu\u017ebi za pitanja, pritu\u017ebe i nedoumice putem e-po\u0161te na office@cargomesh.com.Za upite mo\u017eete koristiti i na\u0161 kontakt obrazac. Odgovornost za linkove: Na\u0161a ponuda sadr\u017ei poveznice na [&hellip;]<\/p>\n","protected":false},"author":1,"featured_media":0,"parent":0,"menu_order":0,"comment_status":"closed","ping_status":"closed","template":"elementor_header_footer","meta":{"footnotes":""},"class_list":["post-7518","page","type-page","status-publish","hentry"],"yoast_head":"<!-- This site is optimized with the Yoast SEO Premium plugin v24.6 (Yoast SEO v27.4) - https:\/\/yoast.com\/product\/yoast-seo-premium-wordpress\/ -->\n<title>otisak - CARGOMESH<\/title>\n<meta name=\"robots\" content=\"index, follow, max-snippet:-1, max-image-preview:large, max-video-preview:-1\" \/>\n<link rel=\"canonical\" href=\"https:\/\/cargomesh.com\/hr\/otisak\/\" \/>\n<meta property=\"og:locale\" content=\"hr_HR\" \/>\n<meta property=\"og:type\" content=\"article\" \/>\n<meta property=\"og:title\" content=\"otisak\" \/>\n<meta property=\"og:description\" content=\"otisak Informacije prema odjeljku 5. Zakona o telemedijima:Ova po\u010detna stranica je ponuda od: CARGOMESH GMBH Austrijska podru\u017enicaGl\u00f6ckelstrasse 84663 &#8211; LaakirchenAustrija Direktor: Rudolf Pilat PDV ID: Mo\u017eete se obratiti na\u0161oj korisni\u010dkoj slu\u017ebi za pitanja, pritu\u017ebe i nedoumice putem e-po\u0161te na office@cargomesh.com.Za upite mo\u017eete koristiti i na\u0161 kontakt obrazac. Odgovornost za linkove: Na\u0161a ponuda sadr\u017ei poveznice na [&hellip;]\" \/>\n<meta property=\"og:url\" content=\"https:\/\/cargomesh.com\/hr\/otisak\/\" \/>\n<meta property=\"og:site_name\" content=\"CARGOMESH\" \/>\n<meta property=\"article:publisher\" content=\"https:\/\/www.facebook.com\/CARGOPFERD\" \/>\n<meta property=\"article:modified_time\" content=\"2024-04-07T19:04:31+00:00\" \/>\n<meta name=\"twitter:card\" content=\"summary_large_image\" \/>\n<meta name=\"twitter:label1\" content=\"Procijenjeno vrijeme \u010ditanja\" \/>\n\t<meta name=\"twitter:data1\" content=\"1 minuta\" \/>\n<script type=\"application\/ld+json\" class=\"yoast-schema-graph\">{\"@context\":\"https:\\\/\\\/schema.org\",\"@graph\":[{\"@type\":\"WebPage\",\"@id\":\"https:\\\/\\\/cargomesh.com\\\/hr\\\/otisak\\\/\",\"url\":\"https:\\\/\\\/cargomesh.com\\\/hr\\\/otisak\\\/\",\"name\":\"otisak - CARGOMESH\",\"isPartOf\":{\"@id\":\"https:\\\/\\\/cargomesh.com\\\/hr\\\/#website\"},\"datePublished\":\"2020-08-16T19:59:29+00:00\",\"dateModified\":\"2024-04-07T19:04:31+00:00\",\"breadcrumb\":{\"@id\":\"https:\\\/\\\/cargomesh.com\\\/hr\\\/otisak\\\/#breadcrumb\"},\"inLanguage\":\"hr\",\"potentialAction\":[{\"@type\":\"ReadAction\",\"target\":[\"https:\\\/\\\/cargomesh.com\\\/hr\\\/otisak\\\/\"]}]},{\"@type\":\"BreadcrumbList\",\"@id\":\"https:\\\/\\\/cargomesh.com\\\/hr\\\/otisak\\\/#breadcrumb\",\"itemListElement\":[{\"@type\":\"ListItem\",\"position\":1,\"name\":\"Startseite\",\"item\":\"https:\\\/\\\/cargomesh.com\\\/hr\\\/\"},{\"@type\":\"ListItem\",\"position\":2,\"name\":\"otisak\"}]},{\"@type\":\"WebSite\",\"@id\":\"https:\\\/\\\/cargomesh.com\\\/hr\\\/#website\",\"url\":\"https:\\\/\\\/cargomesh.com\\\/hr\\\/\",\"name\":\"CARGOMESH\",\"description\":\"Ersatzteile\",\"publisher\":{\"@id\":\"https:\\\/\\\/cargomesh.com\\\/hr\\\/#organization\"},\"potentialAction\":[{\"@type\":\"SearchAction\",\"target\":{\"@type\":\"EntryPoint\",\"urlTemplate\":\"https:\\\/\\\/cargomesh.com\\\/hr\\\/?s={search_term_string}\"},\"query-input\":{\"@type\":\"PropertyValueSpecification\",\"valueRequired\":true,\"valueName\":\"search_term_string\"}}],\"inLanguage\":\"hr\"},{\"@type\":\"Organization\",\"@id\":\"https:\\\/\\\/cargomesh.com\\\/hr\\\/#organization\",\"name\":\"CARGOMESH GMBH\",\"url\":\"https:\\\/\\\/cargomesh.com\\\/hr\\\/\",\"logo\":{\"@type\":\"ImageObject\",\"inLanguage\":\"hr\",\"@id\":\"https:\\\/\\\/cargomesh.com\\\/hr\\\/#\\\/schema\\\/logo\\\/image\\\/\",\"url\":\"https:\\\/\\\/cargomesh.com\\\/wp-content\\\/uploads\\\/2020\\\/08\\\/logo.jpg\",\"contentUrl\":\"https:\\\/\\\/cargomesh.com\\\/wp-content\\\/uploads\\\/2020\\\/08\\\/logo.jpg\",\"width\":722,\"height\":283,\"caption\":\"CARGOMESH GMBH\"},\"image\":{\"@id\":\"https:\\\/\\\/cargomesh.com\\\/hr\\\/#\\\/schema\\\/logo\\\/image\\\/\"},\"sameAs\":[\"https:\\\/\\\/www.facebook.com\\\/CARGOPFERD\",\"https:\\\/\\\/www.instagram.com\\\/cargomesh\\\/\"],\"hasMerchantReturnPolicy\":{\"@type\":\"MerchantReturnPolicy\",\"merchantReturnLink\":\"https:\\\/\\\/cargomesh.com\\\/agb\\\/\"}}]}<\/script>\n<!-- \/ Yoast SEO Premium plugin. -->","yoast_head_json":{"title":"otisak - CARGOMESH","robots":{"index":"index","follow":"follow","max-snippet":"max-snippet:-1","max-image-preview":"max-image-preview:large","max-video-preview":"max-video-preview:-1"},"canonical":"https:\/\/cargomesh.com\/hr\/otisak\/","og_locale":"hr_HR","og_type":"article","og_title":"otisak","og_description":"otisak Informacije prema odjeljku 5. Zakona o telemedijima:Ova po\u010detna stranica je ponuda od: CARGOMESH GMBH Austrijska podru\u017enicaGl\u00f6ckelstrasse 84663 &#8211; LaakirchenAustrija Direktor: Rudolf Pilat PDV ID: Mo\u017eete se obratiti na\u0161oj korisni\u010dkoj slu\u017ebi za pitanja, pritu\u017ebe i nedoumice putem e-po\u0161te na office@cargomesh.com.Za upite mo\u017eete koristiti i na\u0161 kontakt obrazac. Odgovornost za linkove: Na\u0161a ponuda sadr\u017ei poveznice na [&hellip;]","og_url":"https:\/\/cargomesh.com\/hr\/otisak\/","og_site_name":"CARGOMESH","article_publisher":"https:\/\/www.facebook.com\/CARGOPFERD","article_modified_time":"2024-04-07T19:04:31+00:00","twitter_card":"summary_large_image","twitter_misc":{"Procijenjeno vrijeme \u010ditanja":"1 minuta"},"schema":{"@context":"https:\/\/schema.org","@graph":[{"@type":"WebPage","@id":"https:\/\/cargomesh.com\/hr\/otisak\/","url":"https:\/\/cargomesh.com\/hr\/otisak\/","name":"otisak - CARGOMESH","isPartOf":{"@id":"https:\/\/cargomesh.com\/hr\/#website"},"datePublished":"2020-08-16T19:59:29+00:00","dateModified":"2024-04-07T19:04:31+00:00","breadcrumb":{"@id":"https:\/\/cargomesh.com\/hr\/otisak\/#breadcrumb"},"inLanguage":"hr","potentialAction":[{"@type":"ReadAction","target":["https:\/\/cargomesh.com\/hr\/otisak\/"]}]},{"@type":"BreadcrumbList","@id":"https:\/\/cargomesh.com\/hr\/otisak\/#breadcrumb","itemListElement":[{"@type":"ListItem","position":1,"name":"Startseite","item":"https:\/\/cargomesh.com\/hr\/"},{"@type":"ListItem","position":2,"name":"otisak"}]},{"@type":"WebSite","@id":"https:\/\/cargomesh.com\/hr\/#website","url":"https:\/\/cargomesh.com\/hr\/","name":"CARGOMESH","description":"Ersatzteile","publisher":{"@id":"https:\/\/cargomesh.com\/hr\/#organization"},"potentialAction":[{"@type":"SearchAction","target":{"@type":"EntryPoint","urlTemplate":"https:\/\/cargomesh.com\/hr\/?s={search_term_string}"},"query-input":{"@type":"PropertyValueSpecification","valueRequired":true,"valueName":"search_term_string"}}],"inLanguage":"hr"},{"@type":"Organization","@id":"https:\/\/cargomesh.com\/hr\/#organization","name":"CARGOMESH GMBH","url":"https:\/\/cargomesh.com\/hr\/","logo":{"@type":"ImageObject","inLanguage":"hr","@id":"https:\/\/cargomesh.com\/hr\/#\/schema\/logo\/image\/","url":"https:\/\/cargomesh.com\/wp-content\/uploads\/2020\/08\/logo.jpg","contentUrl":"https:\/\/cargomesh.com\/wp-content\/uploads\/2020\/08\/logo.jpg","width":722,"height":283,"caption":"CARGOMESH GMBH"},"image":{"@id":"https:\/\/cargomesh.com\/hr\/#\/schema\/logo\/image\/"},"sameAs":["https:\/\/www.facebook.com\/CARGOPFERD","https:\/\/www.instagram.com\/cargomesh\/"],"hasMerchantReturnPolicy":{"@type":"MerchantReturnPolicy","merchantReturnLink":"https:\/\/cargomesh.com\/agb\/"}}]}},"jetpack_shortlink":"https:\/\/wp.me\/PcirzO-1Xg","_links":{"self":[{"href":"https:\/\/cargomesh.com\/hr\/wp-json\/wp\/v2\/pages\/7518","targetHints":{"allow":["GET"]}}],"collection":[{"href":"https:\/\/cargomesh.com\/hr\/wp-json\/wp\/v2\/pages"}],"about":[{"href":"https:\/\/cargomesh.com\/hr\/wp-json\/wp\/v2\/types\/page"}],"author":[{"embeddable":true,"href":"https:\/\/cargomesh.com\/hr\/wp-json\/wp\/v2\/users\/1"}],"replies":[{"embeddable":true,"href":"https:\/\/cargomesh.com\/hr\/wp-json\/wp\/v2\/comments?post=7518"}],"version-history":[{"count":1,"href":"https:\/\/cargomesh.com\/hr\/wp-json\/wp\/v2\/pages\/7518\/revisions"}],"predecessor-version":[{"id":7521,"href":"https:\/\/cargomesh.com\/hr\/wp-json\/wp\/v2\/pages\/7518\/revisions\/7521"}],"wp:attachment":[{"href":"https:\/\/cargomesh.com\/hr\/wp-json\/wp\/v2\/media?parent=7518"}],"curies":[{"name":"wp","href":"https:\/\/api.w.org\/{rel}","templated":true}]}}