{"id":10586,"date":"2025-06-10T19:31:57","date_gmt":"2025-06-10T17:31:57","guid":{"rendered":"https:\/\/cargomesh.com\/?post_type=product&#038;p=10586"},"modified":"2025-06-10T20:06:44","modified_gmt":"2025-06-10T18:06:44","slug":"rp010-citroen-3-0-hdi-visokotlacni-vod-usporedni-broj-4014ln-kopie","status":"publish","type":"product","link":"https:\/\/cargomesh.com\/hr\/product\/rp010-citroen-3-0-hdi-visokotlacni-vod-usporedni-broj-4014ln-kopie\/","title":{"rendered":"RP010 Citro\u00ebn 3.0 HDI visokotla\u010dni vod usporedni broj 4014LN (Kopie)"},"content":{"rendered":"<p><strong>Visokotla\u010dni vod za Citro\u00ebn 3.0 HDI &#8211; 4014LN<\/strong><\/p>\n<p>Ovaj kabel je savr\u0161en za va\u0161 Citro\u00ebn 3.0 HDI. To je novi dio. Poma\u017ee va\u0161em automobilu da radi bolje. Mnogi kupci su njime vrlo zadovoljni. Citro\u00ebn vi\u0161e ne proizvodi ove dijelove. Ali bez brige! Na\u0161 menad\u017ement zadovoljava visoke standarde. Posebno je napravljen za to.<\/p>\n<p>Rarepar, na\u0161 partner, jam\u010di vrhunsku kvalitetu i brzu isporuku.<\/p>\n","protected":false},"excerpt":{"rendered":"<p>Visokokvalitetni visokotla\u010dni vod 4014LN,<\/p>\n<p>Prikladno za va\u0161 Citro\u00ebn 3.0 HDI.<br \/>\nNovi dio, replika<\/p>\n","protected":false},"featured_media":10621,"comment_status":"open","ping_status":"closed","template":"","meta":[],"product_brand":[],"product_cat":[776,827,456],"product_tag":[869],"class_list":{"0":"post-10586","1":"product","2":"type-product","3":"status-publish","4":"has-post-thumbnail","6":"product_cat-citroen-hr","7":"product_cat-peugeot-hr","8":"product_cat-rezervni-dijelovi-kao-original","9":"product_tag-citroen-hr","10":"product_shipping_class-svjetlo","12":"first","13":"instock","14":"taxable","15":"shipping-taxable","16":"purchasable","17":"product-type-simple"},"yoast_head":"<!-- This site is optimized with the Yoast SEO Premium plugin v24.6 (Yoast SEO v27.5) - https:\/\/yoast.com\/product\/yoast-seo-premium-wordpress\/ -->\n<title>4014LN Citro\u00ebn 3.0 visokotla\u010dni vod<\/title>\n<meta name=\"description\" content=\"Kvalitetno i novo za va\u0161 Citro\u00ebn. Kupite kod nas ovaj rezervni dio 4014LN Citro\u00ebn 3.0 visokotla\u010dna cijev proizvo\u0111a\u010da Rarepar.\" \/>\n<meta name=\"robots\" content=\"index, follow, max-snippet:-1, max-image-preview:large, max-video-preview:-1\" \/>\n<link rel=\"canonical\" href=\"https:\/\/cargomesh.com\/hr\/product\/rp010-citroen-3-0-hdi-visokotlacni-vod-usporedni-broj-4014ln-kopie\/\" \/>\n<meta property=\"og:locale\" content=\"hr_HR\" \/>\n<meta property=\"og:type\" content=\"article\" \/>\n<meta property=\"og:title\" content=\"RP010 Citro\u00ebn 3.0 HDI visokotla\u010dni vod usporedni broj 4014LN (Kopie)\" \/>\n<meta property=\"og:description\" content=\"Kvalitetno i novo za va\u0161 Citro\u00ebn. Kupite kod nas ovaj rezervni dio 4014LN Citro\u00ebn 3.0 visokotla\u010dna cijev proizvo\u0111a\u010da Rarepar.\" \/>\n<meta property=\"og:url\" content=\"https:\/\/cargomesh.com\/hr\/product\/rp010-citroen-3-0-hdi-visokotlacni-vod-usporedni-broj-4014ln-kopie\/\" \/>\n<meta property=\"og:site_name\" content=\"CARGOMESH\" \/>\n<meta property=\"article:publisher\" content=\"https:\/\/www.facebook.com\/CARGOPFERD\" \/>\n<meta property=\"article:modified_time\" content=\"2025-06-10T18:06:44+00:00\" \/>\n<meta property=\"og:image\" content=\"https:\/\/cargomesh.com\/wp-content\/uploads\/2025\/06\/RPGK1-Vergleichsnummer-1351KV-Kuehlwasserschlauch-PSA.png\" \/>\n\t<meta property=\"og:image:width\" content=\"1920\" \/>\n\t<meta property=\"og:image:height\" content=\"1440\" \/>\n\t<meta property=\"og:image:type\" content=\"image\/png\" \/>\n<meta name=\"twitter:card\" content=\"summary_large_image\" \/>\n<meta name=\"twitter:label1\" content=\"Price\" \/>\n\t<meta name=\"twitter:data1\" content=\"&euro;98,00 exkl. MwSt.\" \/>\n\t<meta name=\"twitter:label2\" content=\"Availability\" \/>\n\t<meta name=\"twitter:data2\" content=\"In stock\" \/>\n<script type=\"application\/ld+json\" class=\"yoast-schema-graph\">{\"@context\":\"https:\\\/\\\/schema.org\",\"@graph\":[{\"@type\":\"WebPage\",\"@id\":\"https:\\\/\\\/cargomesh.com\\\/hr\\\/product\\\/rp010-citroen-3-0-hdi-visokotlacni-vod-usporedni-broj-4014ln-kopie\\\/\",\"url\":\"https:\\\/\\\/cargomesh.com\\\/hr\\\/product\\\/rp010-citroen-3-0-hdi-visokotlacni-vod-usporedni-broj-4014ln-kopie\\\/\",\"name\":\"4014LN Citro\u00ebn 3.0 visokotla\u010dni vod\",\"isPartOf\":{\"@id\":\"https:\\\/\\\/cargomesh.com\\\/hr\\\/#website\"},\"primaryImageOfPage\":{\"@id\":\"https:\\\/\\\/cargomesh.com\\\/hr\\\/product\\\/rp010-citroen-3-0-hdi-visokotlacni-vod-usporedni-broj-4014ln-kopie\\\/#primaryimage\"},\"image\":{\"@id\":\"https:\\\/\\\/cargomesh.com\\\/hr\\\/product\\\/rp010-citroen-3-0-hdi-visokotlacni-vod-usporedni-broj-4014ln-kopie\\\/#primaryimage\"},\"thumbnailUrl\":\"https:\\\/\\\/cargomesh.com\\\/wp-content\\\/uploads\\\/2025\\\/06\\\/RPGK1-Vergleichsnummer-1351KV-Kuehlwasserschlauch-PSA.png\",\"datePublished\":\"2025-06-10T17:31:57+00:00\",\"dateModified\":\"2025-06-10T18:06:44+00:00\",\"description\":\"Kvalitetno i novo za va\u0161 Citro\u00ebn. Kupite kod nas ovaj rezervni dio 4014LN Citro\u00ebn 3.0 visokotla\u010dna cijev proizvo\u0111a\u010da Rarepar.\",\"breadcrumb\":{\"@id\":\"https:\\\/\\\/cargomesh.com\\\/hr\\\/product\\\/rp010-citroen-3-0-hdi-visokotlacni-vod-usporedni-broj-4014ln-kopie\\\/#breadcrumb\"},\"inLanguage\":\"hr\",\"potentialAction\":[{\"@type\":\"ReadAction\",\"target\":[\"https:\\\/\\\/cargomesh.com\\\/hr\\\/product\\\/rp010-citroen-3-0-hdi-visokotlacni-vod-usporedni-broj-4014ln-kopie\\\/\"]}]},{\"@type\":\"ImageObject\",\"inLanguage\":\"hr\",\"@id\":\"https:\\\/\\\/cargomesh.com\\\/hr\\\/product\\\/rp010-citroen-3-0-hdi-visokotlacni-vod-usporedni-broj-4014ln-kopie\\\/#primaryimage\",\"url\":\"https:\\\/\\\/cargomesh.com\\\/wp-content\\\/uploads\\\/2025\\\/06\\\/RPGK1-Vergleichsnummer-1351KV-Kuehlwasserschlauch-PSA.png\",\"contentUrl\":\"https:\\\/\\\/cargomesh.com\\\/wp-content\\\/uploads\\\/2025\\\/06\\\/RPGK1-Vergleichsnummer-1351KV-Kuehlwasserschlauch-PSA.png\",\"width\":1920,\"height\":1440,\"caption\":\"1351.KV Peugeot 407, Peugeot 607, Citroen C5, Citroen C6, Opel\"},{\"@type\":\"BreadcrumbList\",\"@id\":\"https:\\\/\\\/cargomesh.com\\\/hr\\\/product\\\/rp010-citroen-3-0-hdi-visokotlacni-vod-usporedni-broj-4014ln-kopie\\\/#breadcrumb\",\"itemListElement\":[{\"@type\":\"ListItem\",\"position\":1,\"name\":\"Startseite\",\"item\":\"https:\\\/\\\/cargomesh.com\\\/hr\\\/\"},{\"@type\":\"ListItem\",\"position\":2,\"name\":\"Proizvodi\",\"item\":\"https:\\\/\\\/cargomesh.com\\\/hr\\\/shop\\\/\"},{\"@type\":\"ListItem\",\"position\":3,\"name\":\"RP010 Citro\u00ebn 3.0 HDI visokotla\u010dni vod usporedni broj 4014LN (Kopie)\"}]},{\"@type\":\"WebSite\",\"@id\":\"https:\\\/\\\/cargomesh.com\\\/hr\\\/#website\",\"url\":\"https:\\\/\\\/cargomesh.com\\\/hr\\\/\",\"name\":\"CARGOMESH\",\"description\":\"Ersatzteile\",\"publisher\":{\"@id\":\"https:\\\/\\\/cargomesh.com\\\/hr\\\/#organization\"},\"potentialAction\":[{\"@type\":\"SearchAction\",\"target\":{\"@type\":\"EntryPoint\",\"urlTemplate\":\"https:\\\/\\\/cargomesh.com\\\/hr\\\/?s={search_term_string}\"},\"query-input\":{\"@type\":\"PropertyValueSpecification\",\"valueRequired\":true,\"valueName\":\"search_term_string\"}}],\"inLanguage\":\"hr\"},{\"@type\":\"Organization\",\"@id\":\"https:\\\/\\\/cargomesh.com\\\/hr\\\/#organization\",\"name\":\"CARGOMESH GMBH\",\"url\":\"https:\\\/\\\/cargomesh.com\\\/hr\\\/\",\"logo\":{\"@type\":\"ImageObject\",\"inLanguage\":\"hr\",\"@id\":\"https:\\\/\\\/cargomesh.com\\\/hr\\\/#\\\/schema\\\/logo\\\/image\\\/\",\"url\":\"https:\\\/\\\/cargomesh.com\\\/wp-content\\\/uploads\\\/2020\\\/08\\\/logo.jpg\",\"contentUrl\":\"https:\\\/\\\/cargomesh.com\\\/wp-content\\\/uploads\\\/2020\\\/08\\\/logo.jpg\",\"width\":722,\"height\":283,\"caption\":\"CARGOMESH GMBH\"},\"image\":{\"@id\":\"https:\\\/\\\/cargomesh.com\\\/hr\\\/#\\\/schema\\\/logo\\\/image\\\/\"},\"sameAs\":[\"https:\\\/\\\/www.facebook.com\\\/CARGOPFERD\",\"https:\\\/\\\/www.instagram.com\\\/cargomesh\\\/\"],\"hasMerchantReturnPolicy\":{\"@type\":\"MerchantReturnPolicy\",\"merchantReturnLink\":\"https:\\\/\\\/cargomesh.com\\\/agb\\\/\"}}]}<\/script>\n<meta property=\"product:price:amount\" content=\"98.00\" \/>\n<meta property=\"product:price:currency\" content=\"EUR\" \/>\n<meta property=\"og:availability\" content=\"instock\" \/>\n<meta property=\"product:availability\" content=\"instock\" \/>\n<meta property=\"product:retailer_item_id\" content=\"1351KV\" \/>\n<meta property=\"product:condition\" content=\"new\" \/>\n<!-- \/ Yoast SEO Premium plugin. -->","yoast_head_json":{"title":"4014LN Citro\u00ebn 3.0 visokotla\u010dni vod","description":"Kvalitetno i novo za va\u0161 Citro\u00ebn. Kupite kod nas ovaj rezervni dio 4014LN Citro\u00ebn 3.0 visokotla\u010dna cijev proizvo\u0111a\u010da Rarepar.","robots":{"index":"index","follow":"follow","max-snippet":"max-snippet:-1","max-image-preview":"max-image-preview:large","max-video-preview":"max-video-preview:-1"},"canonical":"https:\/\/cargomesh.com\/hr\/product\/rp010-citroen-3-0-hdi-visokotlacni-vod-usporedni-broj-4014ln-kopie\/","og_locale":"hr_HR","og_type":"article","og_title":"RP010 Citro\u00ebn 3.0 HDI visokotla\u010dni vod usporedni broj 4014LN (Kopie)","og_description":"Kvalitetno i novo za va\u0161 Citro\u00ebn. Kupite kod nas ovaj rezervni dio 4014LN Citro\u00ebn 3.0 visokotla\u010dna cijev proizvo\u0111a\u010da Rarepar.","og_url":"https:\/\/cargomesh.com\/hr\/product\/rp010-citroen-3-0-hdi-visokotlacni-vod-usporedni-broj-4014ln-kopie\/","og_site_name":"CARGOMESH","article_publisher":"https:\/\/www.facebook.com\/CARGOPFERD","article_modified_time":"2025-06-10T18:06:44+00:00","og_image":[{"width":1920,"height":1440,"url":"https:\/\/cargomesh.com\/wp-content\/uploads\/2025\/06\/RPGK1-Vergleichsnummer-1351KV-Kuehlwasserschlauch-PSA.png","type":"image\/png"}],"twitter_card":"summary_large_image","twitter_misc":{"Price":"&euro;98,00 exkl. MwSt.","Availability":"In stock"},"schema":{"@context":"https:\/\/schema.org","@graph":[{"@type":"WebPage","@id":"https:\/\/cargomesh.com\/hr\/product\/rp010-citroen-3-0-hdi-visokotlacni-vod-usporedni-broj-4014ln-kopie\/","url":"https:\/\/cargomesh.com\/hr\/product\/rp010-citroen-3-0-hdi-visokotlacni-vod-usporedni-broj-4014ln-kopie\/","name":"4014LN Citro\u00ebn 3.0 visokotla\u010dni vod","isPartOf":{"@id":"https:\/\/cargomesh.com\/hr\/#website"},"primaryImageOfPage":{"@id":"https:\/\/cargomesh.com\/hr\/product\/rp010-citroen-3-0-hdi-visokotlacni-vod-usporedni-broj-4014ln-kopie\/#primaryimage"},"image":{"@id":"https:\/\/cargomesh.com\/hr\/product\/rp010-citroen-3-0-hdi-visokotlacni-vod-usporedni-broj-4014ln-kopie\/#primaryimage"},"thumbnailUrl":"https:\/\/cargomesh.com\/wp-content\/uploads\/2025\/06\/RPGK1-Vergleichsnummer-1351KV-Kuehlwasserschlauch-PSA.png","datePublished":"2025-06-10T17:31:57+00:00","dateModified":"2025-06-10T18:06:44+00:00","description":"Kvalitetno i novo za va\u0161 Citro\u00ebn. Kupite kod nas ovaj rezervni dio 4014LN Citro\u00ebn 3.0 visokotla\u010dna cijev proizvo\u0111a\u010da Rarepar.","breadcrumb":{"@id":"https:\/\/cargomesh.com\/hr\/product\/rp010-citroen-3-0-hdi-visokotlacni-vod-usporedni-broj-4014ln-kopie\/#breadcrumb"},"inLanguage":"hr","potentialAction":[{"@type":"ReadAction","target":["https:\/\/cargomesh.com\/hr\/product\/rp010-citroen-3-0-hdi-visokotlacni-vod-usporedni-broj-4014ln-kopie\/"]}]},{"@type":"ImageObject","inLanguage":"hr","@id":"https:\/\/cargomesh.com\/hr\/product\/rp010-citroen-3-0-hdi-visokotlacni-vod-usporedni-broj-4014ln-kopie\/#primaryimage","url":"https:\/\/cargomesh.com\/wp-content\/uploads\/2025\/06\/RPGK1-Vergleichsnummer-1351KV-Kuehlwasserschlauch-PSA.png","contentUrl":"https:\/\/cargomesh.com\/wp-content\/uploads\/2025\/06\/RPGK1-Vergleichsnummer-1351KV-Kuehlwasserschlauch-PSA.png","width":1920,"height":1440,"caption":"1351.KV Peugeot 407, Peugeot 607, Citroen C5, Citroen C6, Opel"},{"@type":"BreadcrumbList","@id":"https:\/\/cargomesh.com\/hr\/product\/rp010-citroen-3-0-hdi-visokotlacni-vod-usporedni-broj-4014ln-kopie\/#breadcrumb","itemListElement":[{"@type":"ListItem","position":1,"name":"Startseite","item":"https:\/\/cargomesh.com\/hr\/"},{"@type":"ListItem","position":2,"name":"Proizvodi","item":"https:\/\/cargomesh.com\/hr\/shop\/"},{"@type":"ListItem","position":3,"name":"RP010 Citro\u00ebn 3.0 HDI visokotla\u010dni vod usporedni broj 4014LN (Kopie)"}]},{"@type":"WebSite","@id":"https:\/\/cargomesh.com\/hr\/#website","url":"https:\/\/cargomesh.com\/hr\/","name":"CARGOMESH","description":"Ersatzteile","publisher":{"@id":"https:\/\/cargomesh.com\/hr\/#organization"},"potentialAction":[{"@type":"SearchAction","target":{"@type":"EntryPoint","urlTemplate":"https:\/\/cargomesh.com\/hr\/?s={search_term_string}"},"query-input":{"@type":"PropertyValueSpecification","valueRequired":true,"valueName":"search_term_string"}}],"inLanguage":"hr"},{"@type":"Organization","@id":"https:\/\/cargomesh.com\/hr\/#organization","name":"CARGOMESH GMBH","url":"https:\/\/cargomesh.com\/hr\/","logo":{"@type":"ImageObject","inLanguage":"hr","@id":"https:\/\/cargomesh.com\/hr\/#\/schema\/logo\/image\/","url":"https:\/\/cargomesh.com\/wp-content\/uploads\/2020\/08\/logo.jpg","contentUrl":"https:\/\/cargomesh.com\/wp-content\/uploads\/2020\/08\/logo.jpg","width":722,"height":283,"caption":"CARGOMESH GMBH"},"image":{"@id":"https:\/\/cargomesh.com\/hr\/#\/schema\/logo\/image\/"},"sameAs":["https:\/\/www.facebook.com\/CARGOPFERD","https:\/\/www.instagram.com\/cargomesh\/"],"hasMerchantReturnPolicy":{"@type":"MerchantReturnPolicy","merchantReturnLink":"https:\/\/cargomesh.com\/agb\/"}}]},"product_price_amount":"98.00","product_price_currency":"EUR","og_availability":"instock","product_availability":"instock","product_retailer_item_id":"1351KV","product_condition":"new"},"_links":{"self":[{"href":"https:\/\/cargomesh.com\/hr\/wp-json\/wp\/v2\/product\/10586","targetHints":{"allow":["GET"]}}],"collection":[{"href":"https:\/\/cargomesh.com\/hr\/wp-json\/wp\/v2\/product"}],"about":[{"href":"https:\/\/cargomesh.com\/hr\/wp-json\/wp\/v2\/types\/product"}],"replies":[{"embeddable":true,"href":"https:\/\/cargomesh.com\/hr\/wp-json\/wp\/v2\/comments?post=10586"}],"version-history":[{"count":1,"href":"https:\/\/cargomesh.com\/hr\/wp-json\/wp\/v2\/product\/10586\/revisions"}],"predecessor-version":[{"id":10642,"href":"https:\/\/cargomesh.com\/hr\/wp-json\/wp\/v2\/product\/10586\/revisions\/10642"}],"wp:featuredmedia":[{"embeddable":true,"href":"https:\/\/cargomesh.com\/hr\/wp-json\/wp\/v2\/media\/10621"}],"wp:attachment":[{"href":"https:\/\/cargomesh.com\/hr\/wp-json\/wp\/v2\/media?parent=10586"}],"wp:term":[{"taxonomy":"product_brand","embeddable":true,"href":"https:\/\/cargomesh.com\/hr\/wp-json\/wp\/v2\/product_brand?post=10586"},{"taxonomy":"product_cat","embeddable":true,"href":"https:\/\/cargomesh.com\/hr\/wp-json\/wp\/v2\/product_cat?post=10586"},{"taxonomy":"product_tag","embeddable":true,"href":"https:\/\/cargomesh.com\/hr\/wp-json\/wp\/v2\/product_tag?post=10586"}],"curies":[{"name":"wp","href":"https:\/\/api.w.org\/{rel}","templated":true}]}}