{"id":6512,"date":"2024-03-06T09:57:07","date_gmt":"2024-03-06T08:57:07","guid":{"rendered":"https:\/\/cargomesh.com\/product\/rp001set2-broj-za-usporedbu-7700822908-7700822906-7700803635\/"},"modified":"2025-12-08T23:41:02","modified_gmt":"2025-12-08T22:41:02","slug":"rp001set2-broj-za-usporedbu-7700822908-7700822906-7700803635","status":"publish","type":"product","link":"https:\/\/cargomesh.com\/hr\/product\/rp001set2-broj-za-usporedbu-7700822908-7700822906-7700803635\/","title":{"rendered":"RP001SET2 Vergleichsnummer 7700822908 + 7700822906 + 7700803635"},"content":{"rendered":"<div class=\"col-lg-6 s_col_no_bgcolor pb0\">\n<div class=\"row\">\n<div class=\"col-lg-12 o_colored_level pb0 pt0\" data-name=\"Box\">\n<div class=\"s_features_grid_content\"><\/div>\n<\/div>\n<div class=\"col-lg-12 o_colored_level pt0 pb0\" data-name=\"Box\">\n<p>&nbsp;<\/p>\n<div class=\"s_features_grid_content\">\n<h4>Hohe Qualit\u00e4t und Neuware<\/h4>\n<\/div>\n<\/div>\n<\/div>\n<\/div>\n<div class=\"col-lg-6 s_col_no_bgcolor pb0\">\n<div class=\"row\">\n<div class=\"col-lg-12 o_colored_level pt0 pb0\" data-name=\"Box\">\n<div class=\"s_features_grid_content\">\n<h4>Alle Artikel werden gem\u00e4ss Vorlage des Original-Ersazteils gefertigt.<\/h4>\n<\/div>\n<\/div>\n<div class=\"col-lg-12 o_colored_level pt0 pb0\" data-name=\"Box\">\n<p>&nbsp;<\/p>\n<div class=\"s_features_grid_content\">\n<h4>Lieferpauschale f\u00fcr Europa<br \/>\nFester Preis f\u00fcr die Lieferung per Express-Kurier mit DSV<\/h4>\n<\/div>\n<\/div>\n<\/div>\n<\/div>\n","protected":false},"excerpt":{"rendered":"<p>&nbsp; Hohe Qualit\u00e4t und Neuware Alle Artikel werden gem\u00e4ss Vorlage des Original-Ersazteils gefertigt. &nbsp; Lieferpauschale f\u00fcr Europa Fester Preis f\u00fcr die Lieferung per Express-Kurier mit DSV<\/p>\n","protected":false},"featured_media":5439,"comment_status":"open","ping_status":"closed","template":"","meta":[],"product_brand":[],"product_cat":[463,456],"product_tag":[692,699,697,693,696,526],"class_list":{"0":"post-6512","1":"product","2":"type-product","3":"status-publish","4":"has-post-thumbnail","6":"product_cat-renault-hr","7":"product_cat-rezervni-dijelovi-kao-original","8":"product_tag-7700822908-hr","9":"product_tag-avantime-hr","10":"product_tag-laguna-i-hr","11":"product_tag-opruzna-ploca-desno-lijevo-hr","12":"product_tag-prostor-iii-je","13":"product_tag-renault-hr","14":"product_shipping_class-svjetlo","16":"first","17":"instock","18":"taxable","19":"shipping-taxable","20":"purchasable","21":"product-type-simple"},"yoast_head":"<!-- This site is optimized with the Yoast SEO Premium plugin v24.6 (Yoast SEO v27.5) - https:\/\/yoast.com\/product\/yoast-seo-premium-wordpress\/ -->\n<title>RP001SET2 Vergleichsnummer 7700822908 + 7700822906 + 7700803635 - CARGOMESH<\/title>\n<meta name=\"robots\" content=\"index, follow, max-snippet:-1, max-image-preview:large, max-video-preview:-1\" \/>\n<link rel=\"canonical\" href=\"https:\/\/cargomesh.com\/hr\/product\/rp001set2-broj-za-usporedbu-7700822908-7700822906-7700803635\/\" \/>\n<meta property=\"og:locale\" content=\"hr_HR\" \/>\n<meta property=\"og:type\" content=\"article\" \/>\n<meta property=\"og:title\" content=\"RP001SET2 Vergleichsnummer 7700822908 + 7700822906 + 7700803635\" \/>\n<meta property=\"og:description\" content=\"&nbsp; Hohe Qualit\u00e4t und Neuware Alle Artikel werden gem\u00e4ss Vorlage des Original-Ersazteils gefertigt. &nbsp; Lieferpauschale f\u00fcr Europa Fester Preis f\u00fcr die Lieferung per Express-Kurier mit DSV\" \/>\n<meta property=\"og:url\" content=\"https:\/\/cargomesh.com\/hr\/product\/rp001set2-broj-za-usporedbu-7700822908-7700822906-7700803635\/\" \/>\n<meta property=\"og:site_name\" content=\"CARGOMESH\" \/>\n<meta property=\"article:publisher\" content=\"https:\/\/www.facebook.com\/CARGOPFERD\" \/>\n<meta property=\"article:modified_time\" content=\"2025-12-08T22:41:02+00:00\" \/>\n<meta property=\"og:image\" content=\"https:\/\/cargomesh.com\/wp-content\/uploads\/2024\/03\/RP001SET2-RP001SET2-Vergleichsnummer-7700822908-7700822906-7700803635.png\" \/>\n\t<meta property=\"og:image:width\" content=\"1200\" \/>\n\t<meta property=\"og:image:height\" content=\"1200\" \/>\n\t<meta property=\"og:image:type\" content=\"image\/png\" \/>\n<meta name=\"twitter:card\" content=\"summary_large_image\" \/>\n<meta name=\"twitter:label1\" content=\"Price\" \/>\n\t<meta name=\"twitter:data1\" content=\"&euro;219,00 exkl. MwSt.\" \/>\n\t<meta name=\"twitter:label2\" content=\"Availability\" \/>\n\t<meta name=\"twitter:data2\" content=\"In stock\" \/>\n<script type=\"application\/ld+json\" class=\"yoast-schema-graph\">{\"@context\":\"https:\\\/\\\/schema.org\",\"@graph\":[{\"@type\":\"WebPage\",\"@id\":\"https:\\\/\\\/cargomesh.com\\\/hr\\\/product\\\/rp001set2-broj-za-usporedbu-7700822908-7700822906-7700803635\\\/\",\"url\":\"https:\\\/\\\/cargomesh.com\\\/hr\\\/product\\\/rp001set2-broj-za-usporedbu-7700822908-7700822906-7700803635\\\/\",\"name\":\"RP001SET2 Vergleichsnummer 7700822908 + 7700822906 + 7700803635 - CARGOMESH\",\"isPartOf\":{\"@id\":\"https:\\\/\\\/cargomesh.com\\\/hr\\\/#website\"},\"primaryImageOfPage\":{\"@id\":\"https:\\\/\\\/cargomesh.com\\\/hr\\\/product\\\/rp001set2-broj-za-usporedbu-7700822908-7700822906-7700803635\\\/#primaryimage\"},\"image\":{\"@id\":\"https:\\\/\\\/cargomesh.com\\\/hr\\\/product\\\/rp001set2-broj-za-usporedbu-7700822908-7700822906-7700803635\\\/#primaryimage\"},\"thumbnailUrl\":\"https:\\\/\\\/cargomesh.com\\\/wp-content\\\/uploads\\\/2024\\\/03\\\/RP001SET2-RP001SET2-Vergleichsnummer-7700822908-7700822906-7700803635.png\",\"datePublished\":\"2024-03-06T08:57:07+00:00\",\"dateModified\":\"2025-12-08T22:41:02+00:00\",\"breadcrumb\":{\"@id\":\"https:\\\/\\\/cargomesh.com\\\/hr\\\/product\\\/rp001set2-broj-za-usporedbu-7700822908-7700822906-7700803635\\\/#breadcrumb\"},\"inLanguage\":\"hr\",\"potentialAction\":[{\"@type\":\"ReadAction\",\"target\":[\"https:\\\/\\\/cargomesh.com\\\/hr\\\/product\\\/rp001set2-broj-za-usporedbu-7700822908-7700822906-7700803635\\\/\"]}]},{\"@type\":\"ImageObject\",\"inLanguage\":\"hr\",\"@id\":\"https:\\\/\\\/cargomesh.com\\\/hr\\\/product\\\/rp001set2-broj-za-usporedbu-7700822908-7700822906-7700803635\\\/#primaryimage\",\"url\":\"https:\\\/\\\/cargomesh.com\\\/wp-content\\\/uploads\\\/2024\\\/03\\\/RP001SET2-RP001SET2-Vergleichsnummer-7700822908-7700822906-7700803635.png\",\"contentUrl\":\"https:\\\/\\\/cargomesh.com\\\/wp-content\\\/uploads\\\/2024\\\/03\\\/RP001SET2-RP001SET2-Vergleichsnummer-7700822908-7700822906-7700803635.png\",\"width\":1200,\"height\":1200,\"caption\":\"Spring Seat Kit RP001SET2 7700822908 7700822906 7700803635 for Renault Espace III Laguna I Avantime\"},{\"@type\":\"BreadcrumbList\",\"@id\":\"https:\\\/\\\/cargomesh.com\\\/hr\\\/product\\\/rp001set2-broj-za-usporedbu-7700822908-7700822906-7700803635\\\/#breadcrumb\",\"itemListElement\":[{\"@type\":\"ListItem\",\"position\":1,\"name\":\"Startseite\",\"item\":\"https:\\\/\\\/cargomesh.com\\\/hr\\\/\"},{\"@type\":\"ListItem\",\"position\":2,\"name\":\"Proizvodi\",\"item\":\"https:\\\/\\\/cargomesh.com\\\/hr\\\/shop\\\/\"},{\"@type\":\"ListItem\",\"position\":3,\"name\":\"RP001SET2 Vergleichsnummer 7700822908 + 7700822906 + 7700803635\"}]},{\"@type\":\"WebSite\",\"@id\":\"https:\\\/\\\/cargomesh.com\\\/hr\\\/#website\",\"url\":\"https:\\\/\\\/cargomesh.com\\\/hr\\\/\",\"name\":\"CARGOMESH\",\"description\":\"Ersatzteile\",\"publisher\":{\"@id\":\"https:\\\/\\\/cargomesh.com\\\/hr\\\/#organization\"},\"potentialAction\":[{\"@type\":\"SearchAction\",\"target\":{\"@type\":\"EntryPoint\",\"urlTemplate\":\"https:\\\/\\\/cargomesh.com\\\/hr\\\/?s={search_term_string}\"},\"query-input\":{\"@type\":\"PropertyValueSpecification\",\"valueRequired\":true,\"valueName\":\"search_term_string\"}}],\"inLanguage\":\"hr\"},{\"@type\":\"Organization\",\"@id\":\"https:\\\/\\\/cargomesh.com\\\/hr\\\/#organization\",\"name\":\"CARGOMESH GMBH\",\"url\":\"https:\\\/\\\/cargomesh.com\\\/hr\\\/\",\"logo\":{\"@type\":\"ImageObject\",\"inLanguage\":\"hr\",\"@id\":\"https:\\\/\\\/cargomesh.com\\\/hr\\\/#\\\/schema\\\/logo\\\/image\\\/\",\"url\":\"https:\\\/\\\/cargomesh.com\\\/wp-content\\\/uploads\\\/2020\\\/08\\\/logo.jpg\",\"contentUrl\":\"https:\\\/\\\/cargomesh.com\\\/wp-content\\\/uploads\\\/2020\\\/08\\\/logo.jpg\",\"width\":722,\"height\":283,\"caption\":\"CARGOMESH GMBH\"},\"image\":{\"@id\":\"https:\\\/\\\/cargomesh.com\\\/hr\\\/#\\\/schema\\\/logo\\\/image\\\/\"},\"sameAs\":[\"https:\\\/\\\/www.facebook.com\\\/CARGOPFERD\",\"https:\\\/\\\/www.instagram.com\\\/cargomesh\\\/\"],\"hasMerchantReturnPolicy\":{\"@type\":\"MerchantReturnPolicy\",\"merchantReturnLink\":\"https:\\\/\\\/cargomesh.com\\\/agb\\\/\"}}]}<\/script>\n<meta property=\"product:price:amount\" content=\"219.00\" \/>\n<meta property=\"product:price:currency\" content=\"EUR\" \/>\n<meta property=\"og:availability\" content=\"instock\" \/>\n<meta property=\"product:availability\" content=\"instock\" \/>\n<meta property=\"product:retailer_item_id\" content=\"7700822908-1-1\" \/>\n<meta property=\"product:condition\" content=\"new\" \/>\n<!-- \/ Yoast SEO Premium plugin. -->","yoast_head_json":{"title":"RP001SET2 Vergleichsnummer 7700822908 + 7700822906 + 7700803635 - CARGOMESH","robots":{"index":"index","follow":"follow","max-snippet":"max-snippet:-1","max-image-preview":"max-image-preview:large","max-video-preview":"max-video-preview:-1"},"canonical":"https:\/\/cargomesh.com\/hr\/product\/rp001set2-broj-za-usporedbu-7700822908-7700822906-7700803635\/","og_locale":"hr_HR","og_type":"article","og_title":"RP001SET2 Vergleichsnummer 7700822908 + 7700822906 + 7700803635","og_description":"&nbsp; Hohe Qualit\u00e4t und Neuware Alle Artikel werden gem\u00e4ss Vorlage des Original-Ersazteils gefertigt. &nbsp; Lieferpauschale f\u00fcr Europa Fester Preis f\u00fcr die Lieferung per Express-Kurier mit DSV","og_url":"https:\/\/cargomesh.com\/hr\/product\/rp001set2-broj-za-usporedbu-7700822908-7700822906-7700803635\/","og_site_name":"CARGOMESH","article_publisher":"https:\/\/www.facebook.com\/CARGOPFERD","article_modified_time":"2025-12-08T22:41:02+00:00","og_image":[{"width":1200,"height":1200,"url":"https:\/\/cargomesh.com\/wp-content\/uploads\/2024\/03\/RP001SET2-RP001SET2-Vergleichsnummer-7700822908-7700822906-7700803635.png","type":"image\/png"}],"twitter_card":"summary_large_image","twitter_misc":{"Price":"&euro;219,00 exkl. MwSt.","Availability":"In stock"},"schema":{"@context":"https:\/\/schema.org","@graph":[{"@type":"WebPage","@id":"https:\/\/cargomesh.com\/hr\/product\/rp001set2-broj-za-usporedbu-7700822908-7700822906-7700803635\/","url":"https:\/\/cargomesh.com\/hr\/product\/rp001set2-broj-za-usporedbu-7700822908-7700822906-7700803635\/","name":"RP001SET2 Vergleichsnummer 7700822908 + 7700822906 + 7700803635 - CARGOMESH","isPartOf":{"@id":"https:\/\/cargomesh.com\/hr\/#website"},"primaryImageOfPage":{"@id":"https:\/\/cargomesh.com\/hr\/product\/rp001set2-broj-za-usporedbu-7700822908-7700822906-7700803635\/#primaryimage"},"image":{"@id":"https:\/\/cargomesh.com\/hr\/product\/rp001set2-broj-za-usporedbu-7700822908-7700822906-7700803635\/#primaryimage"},"thumbnailUrl":"https:\/\/cargomesh.com\/wp-content\/uploads\/2024\/03\/RP001SET2-RP001SET2-Vergleichsnummer-7700822908-7700822906-7700803635.png","datePublished":"2024-03-06T08:57:07+00:00","dateModified":"2025-12-08T22:41:02+00:00","breadcrumb":{"@id":"https:\/\/cargomesh.com\/hr\/product\/rp001set2-broj-za-usporedbu-7700822908-7700822906-7700803635\/#breadcrumb"},"inLanguage":"hr","potentialAction":[{"@type":"ReadAction","target":["https:\/\/cargomesh.com\/hr\/product\/rp001set2-broj-za-usporedbu-7700822908-7700822906-7700803635\/"]}]},{"@type":"ImageObject","inLanguage":"hr","@id":"https:\/\/cargomesh.com\/hr\/product\/rp001set2-broj-za-usporedbu-7700822908-7700822906-7700803635\/#primaryimage","url":"https:\/\/cargomesh.com\/wp-content\/uploads\/2024\/03\/RP001SET2-RP001SET2-Vergleichsnummer-7700822908-7700822906-7700803635.png","contentUrl":"https:\/\/cargomesh.com\/wp-content\/uploads\/2024\/03\/RP001SET2-RP001SET2-Vergleichsnummer-7700822908-7700822906-7700803635.png","width":1200,"height":1200,"caption":"Spring Seat Kit RP001SET2 7700822908 7700822906 7700803635 for Renault Espace III Laguna I Avantime"},{"@type":"BreadcrumbList","@id":"https:\/\/cargomesh.com\/hr\/product\/rp001set2-broj-za-usporedbu-7700822908-7700822906-7700803635\/#breadcrumb","itemListElement":[{"@type":"ListItem","position":1,"name":"Startseite","item":"https:\/\/cargomesh.com\/hr\/"},{"@type":"ListItem","position":2,"name":"Proizvodi","item":"https:\/\/cargomesh.com\/hr\/shop\/"},{"@type":"ListItem","position":3,"name":"RP001SET2 Vergleichsnummer 7700822908 + 7700822906 + 7700803635"}]},{"@type":"WebSite","@id":"https:\/\/cargomesh.com\/hr\/#website","url":"https:\/\/cargomesh.com\/hr\/","name":"CARGOMESH","description":"Ersatzteile","publisher":{"@id":"https:\/\/cargomesh.com\/hr\/#organization"},"potentialAction":[{"@type":"SearchAction","target":{"@type":"EntryPoint","urlTemplate":"https:\/\/cargomesh.com\/hr\/?s={search_term_string}"},"query-input":{"@type":"PropertyValueSpecification","valueRequired":true,"valueName":"search_term_string"}}],"inLanguage":"hr"},{"@type":"Organization","@id":"https:\/\/cargomesh.com\/hr\/#organization","name":"CARGOMESH GMBH","url":"https:\/\/cargomesh.com\/hr\/","logo":{"@type":"ImageObject","inLanguage":"hr","@id":"https:\/\/cargomesh.com\/hr\/#\/schema\/logo\/image\/","url":"https:\/\/cargomesh.com\/wp-content\/uploads\/2020\/08\/logo.jpg","contentUrl":"https:\/\/cargomesh.com\/wp-content\/uploads\/2020\/08\/logo.jpg","width":722,"height":283,"caption":"CARGOMESH GMBH"},"image":{"@id":"https:\/\/cargomesh.com\/hr\/#\/schema\/logo\/image\/"},"sameAs":["https:\/\/www.facebook.com\/CARGOPFERD","https:\/\/www.instagram.com\/cargomesh\/"],"hasMerchantReturnPolicy":{"@type":"MerchantReturnPolicy","merchantReturnLink":"https:\/\/cargomesh.com\/agb\/"}}]},"product_price_amount":"219.00","product_price_currency":"EUR","og_availability":"instock","product_availability":"instock","product_retailer_item_id":"7700822908-1-1","product_condition":"new"},"_links":{"self":[{"href":"https:\/\/cargomesh.com\/hr\/wp-json\/wp\/v2\/product\/6512","targetHints":{"allow":["GET"]}}],"collection":[{"href":"https:\/\/cargomesh.com\/hr\/wp-json\/wp\/v2\/product"}],"about":[{"href":"https:\/\/cargomesh.com\/hr\/wp-json\/wp\/v2\/types\/product"}],"replies":[{"embeddable":true,"href":"https:\/\/cargomesh.com\/hr\/wp-json\/wp\/v2\/comments?post=6512"}],"version-history":[{"count":2,"href":"https:\/\/cargomesh.com\/hr\/wp-json\/wp\/v2\/product\/6512\/revisions"}],"predecessor-version":[{"id":13019,"href":"https:\/\/cargomesh.com\/hr\/wp-json\/wp\/v2\/product\/6512\/revisions\/13019"}],"wp:featuredmedia":[{"embeddable":true,"href":"https:\/\/cargomesh.com\/hr\/wp-json\/wp\/v2\/media\/5439"}],"wp:attachment":[{"href":"https:\/\/cargomesh.com\/hr\/wp-json\/wp\/v2\/media?parent=6512"}],"wp:term":[{"taxonomy":"product_brand","embeddable":true,"href":"https:\/\/cargomesh.com\/hr\/wp-json\/wp\/v2\/product_brand?post=6512"},{"taxonomy":"product_cat","embeddable":true,"href":"https:\/\/cargomesh.com\/hr\/wp-json\/wp\/v2\/product_cat?post=6512"},{"taxonomy":"product_tag","embeddable":true,"href":"https:\/\/cargomesh.com\/hr\/wp-json\/wp\/v2\/product_tag?post=6512"}],"curies":[{"name":"wp","href":"https:\/\/api.w.org\/{rel}","templated":true}]}}