{"id":7203,"date":"2024-02-28T18:39:39","date_gmt":"2024-02-28T17:39:39","guid":{"rendered":"https:\/\/cargomesh.com\/product\/rp010-citroen-3-0-hdi-visokotlacni-vod-usporedni-broj-4014ln\/"},"modified":"2025-12-08T23:40:36","modified_gmt":"2025-12-08T22:40:36","slug":"rp010-citroen-3-0-hdi-visokotlacni-vod-usporedni-broj-4014ln","status":"publish","type":"product","link":"https:\/\/cargomesh.com\/hr\/product\/rp010-citroen-3-0-hdi-visokotlacni-vod-usporedni-broj-4014ln\/","title":{"rendered":"RP010 Citro\u00ebn 3.0 HDI Hochdruck-Leitung Vergleichsnummer 4014LN"},"content":{"rendered":"<p><strong>Hochdruck-Leitung f\u00fcr Citro\u00ebn 3.0 HDI &#8211; 4014LN<\/strong><\/p>\n<p>Diese Leitung ist perfekt f\u00fcr Ihren Citro\u00ebn 3.0 HDI. Es ist ein neues Teil. Es hilft Ihrem Auto, besser zu laufen. Viele Kunden sind damit sehr zufrieden. Citro\u00ebn macht diese Teile nicht mehr. Aber keine Sorge! Unsere Leitung entspricht hohen Standards. Sie ist extra daf\u00fcr gemacht.<\/p>\n<p>Rarepar, unser Partner, garantiert Top-Qualit\u00e4t und schnelle Lieferung.<\/p>\n","protected":false},"excerpt":{"rendered":"<p>Hochwertige Hochdruck-Leitung 4014LN,<\/p>\n<p>Geeignet f\u00fcr Ihren Citro\u00ebn 3.0 HDI.<br \/>\nNeuteil, Nachbau<\/p>\n","protected":false},"featured_media":5448,"comment_status":"open","ping_status":"closed","template":"","meta":[],"product_brand":[],"product_cat":[776,456],"product_tag":[867,869,871,472],"class_list":{"0":"post-7203","1":"product","2":"type-product","3":"status-publish","4":"has-post-thumbnail","6":"product_cat-citroen-hr","7":"product_cat-rezervni-dijelovi-kao-original","8":"product_tag-4014ln-hr","9":"product_tag-citroen-hr","10":"product_tag-citroen-c5-3-0-hdi-hr","11":"product_tag-visokotlacni-vod","13":"first","14":"instock","15":"taxable","16":"shipping-taxable","17":"purchasable","18":"product-type-simple"},"yoast_head":"<!-- This site is optimized with the Yoast SEO Premium plugin v24.6 (Yoast SEO v27.5) - https:\/\/yoast.com\/product\/yoast-seo-premium-wordpress\/ -->\n<title>4014LN Citro\u00ebn 3.0 Hochdruckleitung<\/title>\n<meta name=\"description\" content=\"F\u00fcr Ihren Citro\u00ebn hochwertig und neu. Kaufen Sie bei uns dieses Ersatzteil 4014LN Citro\u00ebn 3.0 Hochdruckleitung produziert von Rarepar.\" \/>\n<meta name=\"robots\" content=\"index, follow, max-snippet:-1, max-image-preview:large, max-video-preview:-1\" \/>\n<link rel=\"canonical\" href=\"https:\/\/cargomesh.com\/hr\/product\/rp010-citroen-3-0-hdi-visokotlacni-vod-usporedni-broj-4014ln\/\" \/>\n<meta property=\"og:locale\" content=\"hr_HR\" \/>\n<meta property=\"og:type\" content=\"article\" \/>\n<meta property=\"og:title\" content=\"RP010 Citro\u00ebn 3.0 HDI Hochdruck-Leitung Vergleichsnummer 4014LN\" \/>\n<meta property=\"og:description\" content=\"F\u00fcr Ihren Citro\u00ebn hochwertig und neu. Kaufen Sie bei uns dieses Ersatzteil 4014LN Citro\u00ebn 3.0 Hochdruckleitung produziert von Rarepar.\" \/>\n<meta property=\"og:url\" content=\"https:\/\/cargomesh.com\/hr\/product\/rp010-citroen-3-0-hdi-visokotlacni-vod-usporedni-broj-4014ln\/\" \/>\n<meta property=\"og:site_name\" content=\"CARGOMESH\" \/>\n<meta property=\"article:publisher\" content=\"https:\/\/www.facebook.com\/CARGOPFERD\" \/>\n<meta property=\"article:modified_time\" content=\"2025-12-08T22:40:36+00:00\" \/>\n<meta property=\"og:image\" content=\"https:\/\/cargomesh.com\/wp-content\/uploads\/2024\/03\/RP010-RP010-Citroen-Hochdruck-Leitung-Vergleichsnummer-4014LN.jpeg\" \/>\n\t<meta property=\"og:image:width\" content=\"1920\" \/>\n\t<meta property=\"og:image:height\" content=\"1052\" \/>\n\t<meta property=\"og:image:type\" content=\"image\/jpeg\" \/>\n<meta name=\"twitter:card\" content=\"summary_large_image\" \/>\n<meta name=\"twitter:label1\" content=\"Price\" \/>\n\t<meta name=\"twitter:data1\" content=\"&euro;448,00 exkl. MwSt.\" \/>\n\t<meta name=\"twitter:label2\" content=\"Availability\" \/>\n\t<meta name=\"twitter:data2\" content=\"In stock\" \/>\n<script type=\"application\/ld+json\" class=\"yoast-schema-graph\">{\"@context\":\"https:\\\/\\\/schema.org\",\"@graph\":[{\"@type\":\"WebPage\",\"@id\":\"https:\\\/\\\/cargomesh.com\\\/hr\\\/product\\\/rp010-citroen-3-0-hdi-visokotlacni-vod-usporedni-broj-4014ln\\\/\",\"url\":\"https:\\\/\\\/cargomesh.com\\\/hr\\\/product\\\/rp010-citroen-3-0-hdi-visokotlacni-vod-usporedni-broj-4014ln\\\/\",\"name\":\"4014LN Citro\u00ebn 3.0 Hochdruckleitung\",\"isPartOf\":{\"@id\":\"https:\\\/\\\/cargomesh.com\\\/hr\\\/#website\"},\"primaryImageOfPage\":{\"@id\":\"https:\\\/\\\/cargomesh.com\\\/hr\\\/product\\\/rp010-citroen-3-0-hdi-visokotlacni-vod-usporedni-broj-4014ln\\\/#primaryimage\"},\"image\":{\"@id\":\"https:\\\/\\\/cargomesh.com\\\/hr\\\/product\\\/rp010-citroen-3-0-hdi-visokotlacni-vod-usporedni-broj-4014ln\\\/#primaryimage\"},\"thumbnailUrl\":\"https:\\\/\\\/cargomesh.com\\\/wp-content\\\/uploads\\\/2024\\\/03\\\/RP010-RP010-Citroen-Hochdruck-Leitung-Vergleichsnummer-4014LN.jpeg\",\"datePublished\":\"2024-02-28T17:39:39+00:00\",\"dateModified\":\"2025-12-08T22:40:36+00:00\",\"description\":\"F\u00fcr Ihren Citro\u00ebn hochwertig und neu. Kaufen Sie bei uns dieses Ersatzteil 4014LN Citro\u00ebn 3.0 Hochdruckleitung produziert von Rarepar.\",\"breadcrumb\":{\"@id\":\"https:\\\/\\\/cargomesh.com\\\/hr\\\/product\\\/rp010-citroen-3-0-hdi-visokotlacni-vod-usporedni-broj-4014ln\\\/#breadcrumb\"},\"inLanguage\":\"hr\",\"potentialAction\":[{\"@type\":\"ReadAction\",\"target\":[\"https:\\\/\\\/cargomesh.com\\\/hr\\\/product\\\/rp010-citroen-3-0-hdi-visokotlacni-vod-usporedni-broj-4014ln\\\/\"]}]},{\"@type\":\"ImageObject\",\"inLanguage\":\"hr\",\"@id\":\"https:\\\/\\\/cargomesh.com\\\/hr\\\/product\\\/rp010-citroen-3-0-hdi-visokotlacni-vod-usporedni-broj-4014ln\\\/#primaryimage\",\"url\":\"https:\\\/\\\/cargomesh.com\\\/wp-content\\\/uploads\\\/2024\\\/03\\\/RP010-RP010-Citroen-Hochdruck-Leitung-Vergleichsnummer-4014LN.jpeg\",\"contentUrl\":\"https:\\\/\\\/cargomesh.com\\\/wp-content\\\/uploads\\\/2024\\\/03\\\/RP010-RP010-Citroen-Hochdruck-Leitung-Vergleichsnummer-4014LN.jpeg\",\"width\":1920,\"height\":1052,\"caption\":\"4014LN Citroen 3.0 Hochdruckleitung\"},{\"@type\":\"BreadcrumbList\",\"@id\":\"https:\\\/\\\/cargomesh.com\\\/hr\\\/product\\\/rp010-citroen-3-0-hdi-visokotlacni-vod-usporedni-broj-4014ln\\\/#breadcrumb\",\"itemListElement\":[{\"@type\":\"ListItem\",\"position\":1,\"name\":\"Startseite\",\"item\":\"https:\\\/\\\/cargomesh.com\\\/hr\\\/\"},{\"@type\":\"ListItem\",\"position\":2,\"name\":\"Proizvodi\",\"item\":\"https:\\\/\\\/cargomesh.com\\\/hr\\\/shop\\\/\"},{\"@type\":\"ListItem\",\"position\":3,\"name\":\"RP010 Citro\u00ebn 3.0 HDI Hochdruck-Leitung Vergleichsnummer 4014LN\"}]},{\"@type\":\"WebSite\",\"@id\":\"https:\\\/\\\/cargomesh.com\\\/hr\\\/#website\",\"url\":\"https:\\\/\\\/cargomesh.com\\\/hr\\\/\",\"name\":\"CARGOMESH\",\"description\":\"Ersatzteile\",\"publisher\":{\"@id\":\"https:\\\/\\\/cargomesh.com\\\/hr\\\/#organization\"},\"potentialAction\":[{\"@type\":\"SearchAction\",\"target\":{\"@type\":\"EntryPoint\",\"urlTemplate\":\"https:\\\/\\\/cargomesh.com\\\/hr\\\/?s={search_term_string}\"},\"query-input\":{\"@type\":\"PropertyValueSpecification\",\"valueRequired\":true,\"valueName\":\"search_term_string\"}}],\"inLanguage\":\"hr\"},{\"@type\":\"Organization\",\"@id\":\"https:\\\/\\\/cargomesh.com\\\/hr\\\/#organization\",\"name\":\"CARGOMESH GMBH\",\"url\":\"https:\\\/\\\/cargomesh.com\\\/hr\\\/\",\"logo\":{\"@type\":\"ImageObject\",\"inLanguage\":\"hr\",\"@id\":\"https:\\\/\\\/cargomesh.com\\\/hr\\\/#\\\/schema\\\/logo\\\/image\\\/\",\"url\":\"https:\\\/\\\/cargomesh.com\\\/wp-content\\\/uploads\\\/2020\\\/08\\\/logo.jpg\",\"contentUrl\":\"https:\\\/\\\/cargomesh.com\\\/wp-content\\\/uploads\\\/2020\\\/08\\\/logo.jpg\",\"width\":722,\"height\":283,\"caption\":\"CARGOMESH GMBH\"},\"image\":{\"@id\":\"https:\\\/\\\/cargomesh.com\\\/hr\\\/#\\\/schema\\\/logo\\\/image\\\/\"},\"sameAs\":[\"https:\\\/\\\/www.facebook.com\\\/CARGOPFERD\",\"https:\\\/\\\/www.instagram.com\\\/cargomesh\\\/\"],\"hasMerchantReturnPolicy\":{\"@type\":\"MerchantReturnPolicy\",\"merchantReturnLink\":\"https:\\\/\\\/cargomesh.com\\\/agb\\\/\"}}]}<\/script>\n<meta property=\"product:price:amount\" content=\"448.00\" \/>\n<meta property=\"product:price:currency\" content=\"EUR\" \/>\n<meta property=\"og:availability\" content=\"instock\" \/>\n<meta property=\"product:availability\" content=\"instock\" \/>\n<meta property=\"product:retailer_item_id\" content=\"4014LN\" \/>\n<meta property=\"product:condition\" content=\"new\" \/>\n<!-- \/ Yoast SEO Premium plugin. -->","yoast_head_json":{"title":"4014LN Citro\u00ebn 3.0 Hochdruckleitung","description":"F\u00fcr Ihren Citro\u00ebn hochwertig und neu. Kaufen Sie bei uns dieses Ersatzteil 4014LN Citro\u00ebn 3.0 Hochdruckleitung produziert von Rarepar.","robots":{"index":"index","follow":"follow","max-snippet":"max-snippet:-1","max-image-preview":"max-image-preview:large","max-video-preview":"max-video-preview:-1"},"canonical":"https:\/\/cargomesh.com\/hr\/product\/rp010-citroen-3-0-hdi-visokotlacni-vod-usporedni-broj-4014ln\/","og_locale":"hr_HR","og_type":"article","og_title":"RP010 Citro\u00ebn 3.0 HDI Hochdruck-Leitung Vergleichsnummer 4014LN","og_description":"F\u00fcr Ihren Citro\u00ebn hochwertig und neu. Kaufen Sie bei uns dieses Ersatzteil 4014LN Citro\u00ebn 3.0 Hochdruckleitung produziert von Rarepar.","og_url":"https:\/\/cargomesh.com\/hr\/product\/rp010-citroen-3-0-hdi-visokotlacni-vod-usporedni-broj-4014ln\/","og_site_name":"CARGOMESH","article_publisher":"https:\/\/www.facebook.com\/CARGOPFERD","article_modified_time":"2025-12-08T22:40:36+00:00","og_image":[{"width":1920,"height":1052,"url":"https:\/\/cargomesh.com\/wp-content\/uploads\/2024\/03\/RP010-RP010-Citroen-Hochdruck-Leitung-Vergleichsnummer-4014LN.jpeg","type":"image\/jpeg"}],"twitter_card":"summary_large_image","twitter_misc":{"Price":"&euro;448,00 exkl. MwSt.","Availability":"In stock"},"schema":{"@context":"https:\/\/schema.org","@graph":[{"@type":"WebPage","@id":"https:\/\/cargomesh.com\/hr\/product\/rp010-citroen-3-0-hdi-visokotlacni-vod-usporedni-broj-4014ln\/","url":"https:\/\/cargomesh.com\/hr\/product\/rp010-citroen-3-0-hdi-visokotlacni-vod-usporedni-broj-4014ln\/","name":"4014LN Citro\u00ebn 3.0 Hochdruckleitung","isPartOf":{"@id":"https:\/\/cargomesh.com\/hr\/#website"},"primaryImageOfPage":{"@id":"https:\/\/cargomesh.com\/hr\/product\/rp010-citroen-3-0-hdi-visokotlacni-vod-usporedni-broj-4014ln\/#primaryimage"},"image":{"@id":"https:\/\/cargomesh.com\/hr\/product\/rp010-citroen-3-0-hdi-visokotlacni-vod-usporedni-broj-4014ln\/#primaryimage"},"thumbnailUrl":"https:\/\/cargomesh.com\/wp-content\/uploads\/2024\/03\/RP010-RP010-Citroen-Hochdruck-Leitung-Vergleichsnummer-4014LN.jpeg","datePublished":"2024-02-28T17:39:39+00:00","dateModified":"2025-12-08T22:40:36+00:00","description":"F\u00fcr Ihren Citro\u00ebn hochwertig und neu. Kaufen Sie bei uns dieses Ersatzteil 4014LN Citro\u00ebn 3.0 Hochdruckleitung produziert von Rarepar.","breadcrumb":{"@id":"https:\/\/cargomesh.com\/hr\/product\/rp010-citroen-3-0-hdi-visokotlacni-vod-usporedni-broj-4014ln\/#breadcrumb"},"inLanguage":"hr","potentialAction":[{"@type":"ReadAction","target":["https:\/\/cargomesh.com\/hr\/product\/rp010-citroen-3-0-hdi-visokotlacni-vod-usporedni-broj-4014ln\/"]}]},{"@type":"ImageObject","inLanguage":"hr","@id":"https:\/\/cargomesh.com\/hr\/product\/rp010-citroen-3-0-hdi-visokotlacni-vod-usporedni-broj-4014ln\/#primaryimage","url":"https:\/\/cargomesh.com\/wp-content\/uploads\/2024\/03\/RP010-RP010-Citroen-Hochdruck-Leitung-Vergleichsnummer-4014LN.jpeg","contentUrl":"https:\/\/cargomesh.com\/wp-content\/uploads\/2024\/03\/RP010-RP010-Citroen-Hochdruck-Leitung-Vergleichsnummer-4014LN.jpeg","width":1920,"height":1052,"caption":"4014LN Citroen 3.0 Hochdruckleitung"},{"@type":"BreadcrumbList","@id":"https:\/\/cargomesh.com\/hr\/product\/rp010-citroen-3-0-hdi-visokotlacni-vod-usporedni-broj-4014ln\/#breadcrumb","itemListElement":[{"@type":"ListItem","position":1,"name":"Startseite","item":"https:\/\/cargomesh.com\/hr\/"},{"@type":"ListItem","position":2,"name":"Proizvodi","item":"https:\/\/cargomesh.com\/hr\/shop\/"},{"@type":"ListItem","position":3,"name":"RP010 Citro\u00ebn 3.0 HDI Hochdruck-Leitung Vergleichsnummer 4014LN"}]},{"@type":"WebSite","@id":"https:\/\/cargomesh.com\/hr\/#website","url":"https:\/\/cargomesh.com\/hr\/","name":"CARGOMESH","description":"Ersatzteile","publisher":{"@id":"https:\/\/cargomesh.com\/hr\/#organization"},"potentialAction":[{"@type":"SearchAction","target":{"@type":"EntryPoint","urlTemplate":"https:\/\/cargomesh.com\/hr\/?s={search_term_string}"},"query-input":{"@type":"PropertyValueSpecification","valueRequired":true,"valueName":"search_term_string"}}],"inLanguage":"hr"},{"@type":"Organization","@id":"https:\/\/cargomesh.com\/hr\/#organization","name":"CARGOMESH GMBH","url":"https:\/\/cargomesh.com\/hr\/","logo":{"@type":"ImageObject","inLanguage":"hr","@id":"https:\/\/cargomesh.com\/hr\/#\/schema\/logo\/image\/","url":"https:\/\/cargomesh.com\/wp-content\/uploads\/2020\/08\/logo.jpg","contentUrl":"https:\/\/cargomesh.com\/wp-content\/uploads\/2020\/08\/logo.jpg","width":722,"height":283,"caption":"CARGOMESH GMBH"},"image":{"@id":"https:\/\/cargomesh.com\/hr\/#\/schema\/logo\/image\/"},"sameAs":["https:\/\/www.facebook.com\/CARGOPFERD","https:\/\/www.instagram.com\/cargomesh\/"],"hasMerchantReturnPolicy":{"@type":"MerchantReturnPolicy","merchantReturnLink":"https:\/\/cargomesh.com\/agb\/"}}]},"product_price_amount":"448.00","product_price_currency":"EUR","og_availability":"instock","product_availability":"instock","product_retailer_item_id":"4014LN","product_condition":"new"},"_links":{"self":[{"href":"https:\/\/cargomesh.com\/hr\/wp-json\/wp\/v2\/product\/7203","targetHints":{"allow":["GET"]}}],"collection":[{"href":"https:\/\/cargomesh.com\/hr\/wp-json\/wp\/v2\/product"}],"about":[{"href":"https:\/\/cargomesh.com\/hr\/wp-json\/wp\/v2\/types\/product"}],"replies":[{"embeddable":true,"href":"https:\/\/cargomesh.com\/hr\/wp-json\/wp\/v2\/comments?post=7203"}],"version-history":[{"count":1,"href":"https:\/\/cargomesh.com\/hr\/wp-json\/wp\/v2\/product\/7203\/revisions"}],"predecessor-version":[{"id":12966,"href":"https:\/\/cargomesh.com\/hr\/wp-json\/wp\/v2\/product\/7203\/revisions\/12966"}],"wp:featuredmedia":[{"embeddable":true,"href":"https:\/\/cargomesh.com\/hr\/wp-json\/wp\/v2\/media\/5448"}],"wp:attachment":[{"href":"https:\/\/cargomesh.com\/hr\/wp-json\/wp\/v2\/media?parent=7203"}],"wp:term":[{"taxonomy":"product_brand","embeddable":true,"href":"https:\/\/cargomesh.com\/hr\/wp-json\/wp\/v2\/product_brand?post=7203"},{"taxonomy":"product_cat","embeddable":true,"href":"https:\/\/cargomesh.com\/hr\/wp-json\/wp\/v2\/product_cat?post=7203"},{"taxonomy":"product_tag","embeddable":true,"href":"https:\/\/cargomesh.com\/hr\/wp-json\/wp\/v2\/product_tag?post=7203"}],"curies":[{"name":"wp","href":"https:\/\/api.w.org\/{rel}","templated":true}]}}