{"id":8400,"date":"2020-08-16T21:59:29","date_gmt":"2020-08-16T19:59:29","guid":{"rendered":"https:\/\/cargomesh.com\/impronta\/"},"modified":"2024-04-07T21:06:16","modified_gmt":"2024-04-07T19:06:16","slug":"impronta","status":"publish","type":"page","link":"https:\/\/cargomesh.com\/it\/impronta\/","title":{"rendered":"Impronta"},"content":{"rendered":"\t\t<div data-elementor-type=\"wp-page\" data-elementor-id=\"8400\" class=\"elementor elementor-8400 elementor-10\" data-elementor-post-type=\"page\">\n\t\t\t\t\t\t<section class=\"elementor-section elementor-top-section elementor-element elementor-element-1d7015af elementor-section-boxed elementor-section-height-default elementor-section-height-default\" data-id=\"1d7015af\" data-element_type=\"section\" data-e-type=\"section\">\n\t\t\t\t\t\t<div class=\"elementor-container elementor-column-gap-default\">\n\t\t\t\t\t<div class=\"elementor-column elementor-col-100 elementor-top-column elementor-element elementor-element-4a6a7f66\" data-id=\"4a6a7f66\" data-element_type=\"column\" data-e-type=\"column\">\n\t\t\t<div class=\"elementor-widget-wrap elementor-element-populated\">\n\t\t\t\t\t\t<div class=\"elementor-element elementor-element-0ecb83b elementor-widget elementor-widget-heading\" data-id=\"0ecb83b\" data-element_type=\"widget\" data-e-type=\"widget\" data-widget_type=\"heading.default\">\n\t\t\t\t<div class=\"elementor-widget-container\">\n\t\t\t\t\t<h2 class=\"elementor-heading-title elementor-size-default\">Impronta<\/h2>\t\t\t\t<\/div>\n\t\t\t\t<\/div>\n\t\t\t\t<div class=\"elementor-element elementor-element-6a310ea elementor-widget elementor-widget-text-editor\" data-id=\"6a310ea\" data-element_type=\"widget\" data-e-type=\"widget\" data-widget_type=\"text-editor.default\">\n\t\t\t\t<div class=\"elementor-widget-container\">\n\t\t\t\t\t\t\t\t\t<p>Informazioni ai sensi del \u00a7 5 della legge sui media telematici:<br \/>Questa homepage \u00e8 un&#8217;offerta di:<\/p>\n\t\t\t\t\t\t\t\t<\/div>\n\t\t\t\t<\/div>\n\t\t\t\t<div class=\"elementor-element elementor-element-e178c05 elementor-widget elementor-widget-text-editor\" data-id=\"e178c05\" data-element_type=\"widget\" data-e-type=\"widget\" data-widget_type=\"text-editor.default\">\n\t\t\t\t<div class=\"elementor-widget-container\">\n\t\t\t\t\t\t\t\t\t<p><strong>CARGOMESH GMBH Filiale Austria<\/strong><br \/><strong>Gl\u00f6ckelstrasse 8<\/strong><br \/><strong>4663 &#8211; Laakirchen<\/strong><br \/><strong>Austria<\/strong><\/p>\n<p>Direttore generale: Rudolf Pilat<\/p>\n<p>ID IVA:<\/p>\n<p>\u00c8 possibile contattare il nostro servizio clienti per domande, reclami e obiezioni via e-mail all&#8217;indirizzo office@cargomesh.com.<br \/>Per le richieste di informazioni, potete anche utilizzare il nostro modulo di contatto.<\/p>\n\t\t\t\t\t\t\t\t<\/div>\n\t\t\t\t<\/div>\n\t\t\t\t<div class=\"elementor-element elementor-element-3d07e05 elementor-widget elementor-widget-heading\" data-id=\"3d07e05\" data-element_type=\"widget\" data-e-type=\"widget\" data-widget_type=\"heading.default\">\n\t\t\t\t<div class=\"elementor-widget-container\">\n\t\t\t\t\t<h2 class=\"elementor-heading-title elementor-size-default\">Responsabilit\u00e0 per i link:<\/h2>\t\t\t\t<\/div>\n\t\t\t\t<\/div>\n\t\t\t\t<div class=\"elementor-element elementor-element-759a15c elementor-widget elementor-widget-text-editor\" data-id=\"759a15c\" data-element_type=\"widget\" data-e-type=\"widget\" data-widget_type=\"text-editor.default\">\n\t\t\t\t<div class=\"elementor-widget-container\">\n\t\t\t\t\t\t\t\t\t<p>Il nostro sito web contiene link a siti web esterni di terzi sui cui contenuti non abbiamo alcuna influenza. Pertanto, non possiamo accettare alcuna responsabilit\u00e0 per questi contenuti di terzi. Il rispettivo fornitore o gestore delle pagine \u00e8 sempre responsabile del contenuto delle pagine collegate. Le pagine collegate sono state controllate per verificare eventuali violazioni legali al momento del collegamento. I contenuti illegali non erano riconoscibili al momento del collegamento. Tuttavia, il monitoraggio permanente del contenuto delle pagine collegate non \u00e8 ragionevole senza prove concrete di una violazione. Se veniamo a conoscenza di eventuali violazioni legali, rimuoveremo immediatamente tali link.<\/p>\n\t\t\t\t\t\t\t\t<\/div>\n\t\t\t\t<\/div>\n\t\t\t\t<div class=\"elementor-element elementor-element-e971ac7 elementor-widget elementor-widget-heading\" data-id=\"e971ac7\" data-element_type=\"widget\" data-e-type=\"widget\" data-widget_type=\"heading.default\">\n\t\t\t\t<div class=\"elementor-widget-container\">\n\t\t\t\t\t<h2 class=\"elementor-heading-title elementor-size-default\">Copyright<\/h2>\t\t\t\t<\/div>\n\t\t\t\t<\/div>\n\t\t\t\t<div class=\"elementor-element elementor-element-49b8c95 elementor-widget elementor-widget-text-editor\" data-id=\"49b8c95\" data-element_type=\"widget\" data-e-type=\"widget\" data-widget_type=\"text-editor.default\">\n\t\t\t\t<div class=\"elementor-widget-container\">\n\t\t\t\t\t\t\t\t\t<p>Tutti i contenuti del sito sono apprezzati. La riproduzione, la duplicazione, la memorizzazione, la trasmissione, la presentazione al pubblico o altri usi del sito web, in tutto o in parte, non sono consentiti senza autorizzazione scritta.<\/p>\n\t\t\t\t\t\t\t\t<\/div>\n\t\t\t\t<\/div>\n\t\t\t\t<div class=\"elementor-element elementor-element-496758c9 elementor-widget elementor-widget-shortcode\" data-id=\"496758c9\" data-element_type=\"widget\" data-e-type=\"widget\" data-widget_type=\"shortcode.default\">\n\t\t\t\t<div class=\"elementor-widget-container\">\n\t\t\t\t\t\t\t<div class=\"elementor-shortcode\">[gzd_complaints]<\/div>\n\t\t\t\t\t\t<\/div>\n\t\t\t\t<\/div>\n\t\t\t\t\t<\/div>\n\t\t<\/div>\n\t\t\t\t\t<\/div>\n\t\t<\/section>\n\t\t\t\t<\/div>\n\t\t","protected":false},"excerpt":{"rendered":"<p>Impronta Informazioni ai sensi del \u00a7 5 della legge sui media telematici:Questa homepage \u00e8 un&#8217;offerta di: CARGOMESH GMBH Filiale AustriaGl\u00f6ckelstrasse 84663 &#8211; LaakirchenAustria Direttore generale: Rudolf Pilat ID IVA: \u00c8 possibile contattare il nostro servizio clienti per domande, reclami e obiezioni via e-mail all&#8217;indirizzo office@cargomesh.com.Per le richieste di informazioni, potete anche utilizzare il nostro modulo [&hellip;]<\/p>\n","protected":false},"author":1,"featured_media":0,"parent":0,"menu_order":0,"comment_status":"closed","ping_status":"closed","template":"elementor_header_footer","meta":{"footnotes":""},"class_list":["post-8400","page","type-page","status-publish","hentry"],"yoast_head":"<!-- This site is optimized with the Yoast SEO Premium plugin v24.6 (Yoast SEO v27.5) - https:\/\/yoast.com\/product\/yoast-seo-premium-wordpress\/ -->\n<title>Impronta - CARGOMESH<\/title>\n<meta name=\"robots\" content=\"index, follow, max-snippet:-1, max-image-preview:large, max-video-preview:-1\" \/>\n<link rel=\"canonical\" href=\"https:\/\/cargomesh.com\/it\/impronta\/\" \/>\n<meta property=\"og:locale\" content=\"it_IT\" \/>\n<meta property=\"og:type\" content=\"article\" \/>\n<meta property=\"og:title\" content=\"Impronta\" \/>\n<meta property=\"og:description\" content=\"Impronta Informazioni ai sensi del \u00a7 5 della legge sui media telematici:Questa homepage \u00e8 un&#8217;offerta di: CARGOMESH GMBH Filiale AustriaGl\u00f6ckelstrasse 84663 &#8211; LaakirchenAustria Direttore generale: Rudolf Pilat ID IVA: \u00c8 possibile contattare il nostro servizio clienti per domande, reclami e obiezioni via e-mail all&#8217;indirizzo office@cargomesh.com.Per le richieste di informazioni, potete anche utilizzare il nostro modulo [&hellip;]\" \/>\n<meta property=\"og:url\" content=\"https:\/\/cargomesh.com\/it\/impronta\/\" \/>\n<meta property=\"og:site_name\" content=\"CARGOMESH\" \/>\n<meta property=\"article:publisher\" content=\"https:\/\/www.facebook.com\/CARGOPFERD\" \/>\n<meta property=\"article:modified_time\" content=\"2024-04-07T19:06:16+00:00\" \/>\n<meta name=\"twitter:card\" content=\"summary_large_image\" \/>\n<meta name=\"twitter:label1\" content=\"Tempo di lettura stimato\" \/>\n\t<meta name=\"twitter:data1\" content=\"1 minuto\" \/>\n<script type=\"application\/ld+json\" class=\"yoast-schema-graph\">{\"@context\":\"https:\\\/\\\/schema.org\",\"@graph\":[{\"@type\":\"WebPage\",\"@id\":\"https:\\\/\\\/cargomesh.com\\\/it\\\/impronta\\\/\",\"url\":\"https:\\\/\\\/cargomesh.com\\\/it\\\/impronta\\\/\",\"name\":\"Impronta - CARGOMESH\",\"isPartOf\":{\"@id\":\"https:\\\/\\\/cargomesh.com\\\/it\\\/#website\"},\"datePublished\":\"2020-08-16T19:59:29+00:00\",\"dateModified\":\"2024-04-07T19:06:16+00:00\",\"breadcrumb\":{\"@id\":\"https:\\\/\\\/cargomesh.com\\\/it\\\/impronta\\\/#breadcrumb\"},\"inLanguage\":\"it-IT\",\"potentialAction\":[{\"@type\":\"ReadAction\",\"target\":[\"https:\\\/\\\/cargomesh.com\\\/it\\\/impronta\\\/\"]}]},{\"@type\":\"BreadcrumbList\",\"@id\":\"https:\\\/\\\/cargomesh.com\\\/it\\\/impronta\\\/#breadcrumb\",\"itemListElement\":[{\"@type\":\"ListItem\",\"position\":1,\"name\":\"Startseite\",\"item\":\"https:\\\/\\\/cargomesh.com\\\/it\\\/\"},{\"@type\":\"ListItem\",\"position\":2,\"name\":\"Impronta\"}]},{\"@type\":\"WebSite\",\"@id\":\"https:\\\/\\\/cargomesh.com\\\/it\\\/#website\",\"url\":\"https:\\\/\\\/cargomesh.com\\\/it\\\/\",\"name\":\"CARGOMESH\",\"description\":\"Ersatzteile\",\"publisher\":{\"@id\":\"https:\\\/\\\/cargomesh.com\\\/it\\\/#organization\"},\"potentialAction\":[{\"@type\":\"SearchAction\",\"target\":{\"@type\":\"EntryPoint\",\"urlTemplate\":\"https:\\\/\\\/cargomesh.com\\\/it\\\/?s={search_term_string}\"},\"query-input\":{\"@type\":\"PropertyValueSpecification\",\"valueRequired\":true,\"valueName\":\"search_term_string\"}}],\"inLanguage\":\"it-IT\"},{\"@type\":\"Organization\",\"@id\":\"https:\\\/\\\/cargomesh.com\\\/it\\\/#organization\",\"name\":\"CARGOMESH GMBH\",\"url\":\"https:\\\/\\\/cargomesh.com\\\/it\\\/\",\"logo\":{\"@type\":\"ImageObject\",\"inLanguage\":\"it-IT\",\"@id\":\"https:\\\/\\\/cargomesh.com\\\/it\\\/#\\\/schema\\\/logo\\\/image\\\/\",\"url\":\"https:\\\/\\\/cargomesh.com\\\/wp-content\\\/uploads\\\/2020\\\/08\\\/logo.jpg\",\"contentUrl\":\"https:\\\/\\\/cargomesh.com\\\/wp-content\\\/uploads\\\/2020\\\/08\\\/logo.jpg\",\"width\":722,\"height\":283,\"caption\":\"CARGOMESH GMBH\"},\"image\":{\"@id\":\"https:\\\/\\\/cargomesh.com\\\/it\\\/#\\\/schema\\\/logo\\\/image\\\/\"},\"sameAs\":[\"https:\\\/\\\/www.facebook.com\\\/CARGOPFERD\",\"https:\\\/\\\/www.instagram.com\\\/cargomesh\\\/\"],\"hasMerchantReturnPolicy\":{\"@type\":\"MerchantReturnPolicy\",\"merchantReturnLink\":\"https:\\\/\\\/cargomesh.com\\\/agb\\\/\"}}]}<\/script>\n<!-- \/ Yoast SEO Premium plugin. -->","yoast_head_json":{"title":"Impronta - CARGOMESH","robots":{"index":"index","follow":"follow","max-snippet":"max-snippet:-1","max-image-preview":"max-image-preview:large","max-video-preview":"max-video-preview:-1"},"canonical":"https:\/\/cargomesh.com\/it\/impronta\/","og_locale":"it_IT","og_type":"article","og_title":"Impronta","og_description":"Impronta Informazioni ai sensi del \u00a7 5 della legge sui media telematici:Questa homepage \u00e8 un&#8217;offerta di: CARGOMESH GMBH Filiale AustriaGl\u00f6ckelstrasse 84663 &#8211; LaakirchenAustria Direttore generale: Rudolf Pilat ID IVA: \u00c8 possibile contattare il nostro servizio clienti per domande, reclami e obiezioni via e-mail all&#8217;indirizzo office@cargomesh.com.Per le richieste di informazioni, potete anche utilizzare il nostro modulo [&hellip;]","og_url":"https:\/\/cargomesh.com\/it\/impronta\/","og_site_name":"CARGOMESH","article_publisher":"https:\/\/www.facebook.com\/CARGOPFERD","article_modified_time":"2024-04-07T19:06:16+00:00","twitter_card":"summary_large_image","twitter_misc":{"Tempo di lettura stimato":"1 minuto"},"schema":{"@context":"https:\/\/schema.org","@graph":[{"@type":"WebPage","@id":"https:\/\/cargomesh.com\/it\/impronta\/","url":"https:\/\/cargomesh.com\/it\/impronta\/","name":"Impronta - CARGOMESH","isPartOf":{"@id":"https:\/\/cargomesh.com\/it\/#website"},"datePublished":"2020-08-16T19:59:29+00:00","dateModified":"2024-04-07T19:06:16+00:00","breadcrumb":{"@id":"https:\/\/cargomesh.com\/it\/impronta\/#breadcrumb"},"inLanguage":"it-IT","potentialAction":[{"@type":"ReadAction","target":["https:\/\/cargomesh.com\/it\/impronta\/"]}]},{"@type":"BreadcrumbList","@id":"https:\/\/cargomesh.com\/it\/impronta\/#breadcrumb","itemListElement":[{"@type":"ListItem","position":1,"name":"Startseite","item":"https:\/\/cargomesh.com\/it\/"},{"@type":"ListItem","position":2,"name":"Impronta"}]},{"@type":"WebSite","@id":"https:\/\/cargomesh.com\/it\/#website","url":"https:\/\/cargomesh.com\/it\/","name":"CARGOMESH","description":"Ersatzteile","publisher":{"@id":"https:\/\/cargomesh.com\/it\/#organization"},"potentialAction":[{"@type":"SearchAction","target":{"@type":"EntryPoint","urlTemplate":"https:\/\/cargomesh.com\/it\/?s={search_term_string}"},"query-input":{"@type":"PropertyValueSpecification","valueRequired":true,"valueName":"search_term_string"}}],"inLanguage":"it-IT"},{"@type":"Organization","@id":"https:\/\/cargomesh.com\/it\/#organization","name":"CARGOMESH GMBH","url":"https:\/\/cargomesh.com\/it\/","logo":{"@type":"ImageObject","inLanguage":"it-IT","@id":"https:\/\/cargomesh.com\/it\/#\/schema\/logo\/image\/","url":"https:\/\/cargomesh.com\/wp-content\/uploads\/2020\/08\/logo.jpg","contentUrl":"https:\/\/cargomesh.com\/wp-content\/uploads\/2020\/08\/logo.jpg","width":722,"height":283,"caption":"CARGOMESH GMBH"},"image":{"@id":"https:\/\/cargomesh.com\/it\/#\/schema\/logo\/image\/"},"sameAs":["https:\/\/www.facebook.com\/CARGOPFERD","https:\/\/www.instagram.com\/cargomesh\/"],"hasMerchantReturnPolicy":{"@type":"MerchantReturnPolicy","merchantReturnLink":"https:\/\/cargomesh.com\/agb\/"}}]}},"jetpack_shortlink":"https:\/\/wp.me\/PcirzO-2bu","_links":{"self":[{"href":"https:\/\/cargomesh.com\/it\/wp-json\/wp\/v2\/pages\/8400","targetHints":{"allow":["GET"]}}],"collection":[{"href":"https:\/\/cargomesh.com\/it\/wp-json\/wp\/v2\/pages"}],"about":[{"href":"https:\/\/cargomesh.com\/it\/wp-json\/wp\/v2\/types\/page"}],"author":[{"embeddable":true,"href":"https:\/\/cargomesh.com\/it\/wp-json\/wp\/v2\/users\/1"}],"replies":[{"embeddable":true,"href":"https:\/\/cargomesh.com\/it\/wp-json\/wp\/v2\/comments?post=8400"}],"version-history":[{"count":1,"href":"https:\/\/cargomesh.com\/it\/wp-json\/wp\/v2\/pages\/8400\/revisions"}],"predecessor-version":[{"id":8413,"href":"https:\/\/cargomesh.com\/it\/wp-json\/wp\/v2\/pages\/8400\/revisions\/8413"}],"wp:attachment":[{"href":"https:\/\/cargomesh.com\/it\/wp-json\/wp\/v2\/media?parent=8400"}],"curies":[{"name":"wp","href":"https:\/\/api.w.org\/{rel}","templated":true}]}}