{"id":10593,"date":"2025-06-10T19:31:57","date_gmt":"2025-06-10T17:31:57","guid":{"rendered":"https:\/\/cargomesh.com\/?post_type=product&#038;p=10593"},"modified":"2025-06-10T20:06:51","modified_gmt":"2025-06-10T18:06:51","slug":"rp010-citroen-3-0-hdi-linea-alta-pressione-numero-di-riferimento-4014ln-kopie","status":"publish","type":"product","link":"https:\/\/cargomesh.com\/it\/product\/rp010-citroen-3-0-hdi-linea-alta-pressione-numero-di-riferimento-4014ln-kopie\/","title":{"rendered":"RP010 Citro\u00ebn 3.0 HDI linea alta pressione numero di riferimento 4014LN (Kopie)"},"content":{"rendered":"<p><strong>Linea alta pressione per Citro\u00ebn 3.0 HDI &#8211; 4014LN<\/strong><\/p>\n<p>Questa linea \u00e8 perfetta per la vostra Citro\u00ebn 3.0 HDI. \u00c8 una parte nuova. Aiuta l&#8217;auto a funzionare meglio. Molti clienti sono molto soddisfatti. Citro\u00ebn non produce pi\u00f9 questi componenti. Ma non preoccupatevi! La nostra gestione soddisfa standard elevati. \u00c8 stato creato appositamente per questo.<\/p>\n<p>Rarepar, il nostro partner, garantisce la massima qualit\u00e0 e una consegna rapida.<\/p>\n","protected":false},"excerpt":{"rendered":"<p>Linea ad alta pressione di alta qualit\u00e0 4014LN,<\/p>\n<p>Adatto alla vostra Citro\u00ebn 3.0 HDI.<br \/>\nPezzo nuovo, riproduzione<\/p>\n","protected":false},"featured_media":10624,"comment_status":"open","ping_status":"closed","template":"","meta":[],"product_brand":[],"product_cat":[444,848,443],"product_tag":[895],"class_list":{"0":"post-10593","1":"product","2":"type-product","3":"status-publish","4":"has-post-thumbnail","6":"product_cat-citroen-it","7":"product_cat-peugeot-it","8":"product_cat-ricambi-come-originali","9":"product_tag-citroen-it","10":"product_shipping_class-luce","12":"first","13":"instock","14":"taxable","15":"shipping-taxable","16":"purchasable","17":"product-type-simple"},"yoast_head":"<!-- This site is optimized with the Yoast SEO Premium plugin v24.6 (Yoast SEO v27.5) - https:\/\/yoast.com\/product\/yoast-seo-premium-wordpress\/ -->\n<title>4014LN Tubo alta pressione Citro\u00ebn 3.0<\/title>\n<meta name=\"description\" content=\"Di alta qualit\u00e0 e nuovi per la vostra Citro\u00ebn. Acquistate da noi questo ricambio 4014LN Citro\u00ebn 3.0 tubo alta pressione prodotto da Rarepar.\" \/>\n<meta name=\"robots\" content=\"index, follow, max-snippet:-1, max-image-preview:large, max-video-preview:-1\" \/>\n<link rel=\"canonical\" href=\"https:\/\/cargomesh.com\/it\/product\/rp010-citroen-3-0-hdi-linea-alta-pressione-numero-di-riferimento-4014ln-kopie\/\" \/>\n<meta property=\"og:locale\" content=\"it_IT\" \/>\n<meta property=\"og:type\" content=\"article\" \/>\n<meta property=\"og:title\" content=\"RP010 Citro\u00ebn 3.0 HDI linea alta pressione numero di riferimento 4014LN (Kopie)\" \/>\n<meta property=\"og:description\" content=\"Di alta qualit\u00e0 e nuovi per la vostra Citro\u00ebn. Acquistate da noi questo ricambio 4014LN Citro\u00ebn 3.0 tubo alta pressione prodotto da Rarepar.\" \/>\n<meta property=\"og:url\" content=\"https:\/\/cargomesh.com\/it\/product\/rp010-citroen-3-0-hdi-linea-alta-pressione-numero-di-riferimento-4014ln-kopie\/\" \/>\n<meta property=\"og:site_name\" content=\"CARGOMESH\" \/>\n<meta property=\"article:publisher\" content=\"https:\/\/www.facebook.com\/CARGOPFERD\" \/>\n<meta property=\"article:modified_time\" content=\"2025-06-10T18:06:51+00:00\" \/>\n<meta property=\"og:image\" content=\"https:\/\/cargomesh.com\/wp-content\/uploads\/2025\/06\/RPGK1-Vergleichsnummer-1351KV-Kuehlwasserschlauch-PSA.png\" \/>\n\t<meta property=\"og:image:width\" content=\"1920\" \/>\n\t<meta property=\"og:image:height\" content=\"1440\" \/>\n\t<meta property=\"og:image:type\" content=\"image\/png\" \/>\n<meta name=\"twitter:card\" content=\"summary_large_image\" \/>\n<meta name=\"twitter:label1\" content=\"Prezzo\" \/>\n\t<meta name=\"twitter:data1\" content=\"&euro;98,00 exkl. MwSt.\" \/>\n\t<meta name=\"twitter:label2\" content=\"Disponibilit\u00e0\" \/>\n\t<meta name=\"twitter:data2\" content=\"In stock\" \/>\n<script type=\"application\/ld+json\" class=\"yoast-schema-graph\">{\"@context\":\"https:\\\/\\\/schema.org\",\"@graph\":[{\"@type\":\"WebPage\",\"@id\":\"https:\\\/\\\/cargomesh.com\\\/it\\\/product\\\/rp010-citroen-3-0-hdi-linea-alta-pressione-numero-di-riferimento-4014ln-kopie\\\/\",\"url\":\"https:\\\/\\\/cargomesh.com\\\/it\\\/product\\\/rp010-citroen-3-0-hdi-linea-alta-pressione-numero-di-riferimento-4014ln-kopie\\\/\",\"name\":\"4014LN Tubo alta pressione Citro\u00ebn 3.0\",\"isPartOf\":{\"@id\":\"https:\\\/\\\/cargomesh.com\\\/it\\\/#website\"},\"primaryImageOfPage\":{\"@id\":\"https:\\\/\\\/cargomesh.com\\\/it\\\/product\\\/rp010-citroen-3-0-hdi-linea-alta-pressione-numero-di-riferimento-4014ln-kopie\\\/#primaryimage\"},\"image\":{\"@id\":\"https:\\\/\\\/cargomesh.com\\\/it\\\/product\\\/rp010-citroen-3-0-hdi-linea-alta-pressione-numero-di-riferimento-4014ln-kopie\\\/#primaryimage\"},\"thumbnailUrl\":\"https:\\\/\\\/cargomesh.com\\\/wp-content\\\/uploads\\\/2025\\\/06\\\/RPGK1-Vergleichsnummer-1351KV-Kuehlwasserschlauch-PSA.png\",\"datePublished\":\"2025-06-10T17:31:57+00:00\",\"dateModified\":\"2025-06-10T18:06:51+00:00\",\"description\":\"Di alta qualit\u00e0 e nuovi per la vostra Citro\u00ebn. Acquistate da noi questo ricambio 4014LN Citro\u00ebn 3.0 tubo alta pressione prodotto da Rarepar.\",\"breadcrumb\":{\"@id\":\"https:\\\/\\\/cargomesh.com\\\/it\\\/product\\\/rp010-citroen-3-0-hdi-linea-alta-pressione-numero-di-riferimento-4014ln-kopie\\\/#breadcrumb\"},\"inLanguage\":\"it-IT\",\"potentialAction\":[{\"@type\":\"ReadAction\",\"target\":[\"https:\\\/\\\/cargomesh.com\\\/it\\\/product\\\/rp010-citroen-3-0-hdi-linea-alta-pressione-numero-di-riferimento-4014ln-kopie\\\/\"]}]},{\"@type\":\"ImageObject\",\"inLanguage\":\"it-IT\",\"@id\":\"https:\\\/\\\/cargomesh.com\\\/it\\\/product\\\/rp010-citroen-3-0-hdi-linea-alta-pressione-numero-di-riferimento-4014ln-kopie\\\/#primaryimage\",\"url\":\"https:\\\/\\\/cargomesh.com\\\/wp-content\\\/uploads\\\/2025\\\/06\\\/RPGK1-Vergleichsnummer-1351KV-Kuehlwasserschlauch-PSA.png\",\"contentUrl\":\"https:\\\/\\\/cargomesh.com\\\/wp-content\\\/uploads\\\/2025\\\/06\\\/RPGK1-Vergleichsnummer-1351KV-Kuehlwasserschlauch-PSA.png\",\"width\":1920,\"height\":1440,\"caption\":\"1351.KV Peugeot 407, Peugeot 607, Citroen C5, Citroen C6, Opel\"},{\"@type\":\"BreadcrumbList\",\"@id\":\"https:\\\/\\\/cargomesh.com\\\/it\\\/product\\\/rp010-citroen-3-0-hdi-linea-alta-pressione-numero-di-riferimento-4014ln-kopie\\\/#breadcrumb\",\"itemListElement\":[{\"@type\":\"ListItem\",\"position\":1,\"name\":\"Startseite\",\"item\":\"https:\\\/\\\/cargomesh.com\\\/it\\\/\"},{\"@type\":\"ListItem\",\"position\":2,\"name\":\"Prodotti\",\"item\":\"https:\\\/\\\/cargomesh.com\\\/it\\\/shop\\\/\"},{\"@type\":\"ListItem\",\"position\":3,\"name\":\"RP010 Citro\u00ebn 3.0 HDI linea alta pressione numero di riferimento 4014LN (Kopie)\"}]},{\"@type\":\"WebSite\",\"@id\":\"https:\\\/\\\/cargomesh.com\\\/it\\\/#website\",\"url\":\"https:\\\/\\\/cargomesh.com\\\/it\\\/\",\"name\":\"CARGOMESH\",\"description\":\"Ersatzteile\",\"publisher\":{\"@id\":\"https:\\\/\\\/cargomesh.com\\\/it\\\/#organization\"},\"potentialAction\":[{\"@type\":\"SearchAction\",\"target\":{\"@type\":\"EntryPoint\",\"urlTemplate\":\"https:\\\/\\\/cargomesh.com\\\/it\\\/?s={search_term_string}\"},\"query-input\":{\"@type\":\"PropertyValueSpecification\",\"valueRequired\":true,\"valueName\":\"search_term_string\"}}],\"inLanguage\":\"it-IT\"},{\"@type\":\"Organization\",\"@id\":\"https:\\\/\\\/cargomesh.com\\\/it\\\/#organization\",\"name\":\"CARGOMESH GMBH\",\"url\":\"https:\\\/\\\/cargomesh.com\\\/it\\\/\",\"logo\":{\"@type\":\"ImageObject\",\"inLanguage\":\"it-IT\",\"@id\":\"https:\\\/\\\/cargomesh.com\\\/it\\\/#\\\/schema\\\/logo\\\/image\\\/\",\"url\":\"https:\\\/\\\/cargomesh.com\\\/wp-content\\\/uploads\\\/2020\\\/08\\\/logo.jpg\",\"contentUrl\":\"https:\\\/\\\/cargomesh.com\\\/wp-content\\\/uploads\\\/2020\\\/08\\\/logo.jpg\",\"width\":722,\"height\":283,\"caption\":\"CARGOMESH GMBH\"},\"image\":{\"@id\":\"https:\\\/\\\/cargomesh.com\\\/it\\\/#\\\/schema\\\/logo\\\/image\\\/\"},\"sameAs\":[\"https:\\\/\\\/www.facebook.com\\\/CARGOPFERD\",\"https:\\\/\\\/www.instagram.com\\\/cargomesh\\\/\"],\"hasMerchantReturnPolicy\":{\"@type\":\"MerchantReturnPolicy\",\"merchantReturnLink\":\"https:\\\/\\\/cargomesh.com\\\/agb\\\/\"}}]}<\/script>\n<meta property=\"product:price:amount\" content=\"98.00\" \/>\n<meta property=\"product:price:currency\" content=\"EUR\" \/>\n<meta property=\"og:availability\" content=\"instock\" \/>\n<meta property=\"product:availability\" content=\"instock\" \/>\n<meta property=\"product:retailer_item_id\" content=\"1351KV\" \/>\n<meta property=\"product:condition\" content=\"new\" \/>\n<!-- \/ Yoast SEO Premium plugin. -->","yoast_head_json":{"title":"4014LN Tubo alta pressione Citro\u00ebn 3.0","description":"Di alta qualit\u00e0 e nuovi per la vostra Citro\u00ebn. Acquistate da noi questo ricambio 4014LN Citro\u00ebn 3.0 tubo alta pressione prodotto da Rarepar.","robots":{"index":"index","follow":"follow","max-snippet":"max-snippet:-1","max-image-preview":"max-image-preview:large","max-video-preview":"max-video-preview:-1"},"canonical":"https:\/\/cargomesh.com\/it\/product\/rp010-citroen-3-0-hdi-linea-alta-pressione-numero-di-riferimento-4014ln-kopie\/","og_locale":"it_IT","og_type":"article","og_title":"RP010 Citro\u00ebn 3.0 HDI linea alta pressione numero di riferimento 4014LN (Kopie)","og_description":"Di alta qualit\u00e0 e nuovi per la vostra Citro\u00ebn. Acquistate da noi questo ricambio 4014LN Citro\u00ebn 3.0 tubo alta pressione prodotto da Rarepar.","og_url":"https:\/\/cargomesh.com\/it\/product\/rp010-citroen-3-0-hdi-linea-alta-pressione-numero-di-riferimento-4014ln-kopie\/","og_site_name":"CARGOMESH","article_publisher":"https:\/\/www.facebook.com\/CARGOPFERD","article_modified_time":"2025-06-10T18:06:51+00:00","og_image":[{"width":1920,"height":1440,"url":"https:\/\/cargomesh.com\/wp-content\/uploads\/2025\/06\/RPGK1-Vergleichsnummer-1351KV-Kuehlwasserschlauch-PSA.png","type":"image\/png"}],"twitter_card":"summary_large_image","twitter_misc":{"Prezzo":"&euro;98,00 exkl. MwSt.","Disponibilit\u00e0":"In stock"},"schema":{"@context":"https:\/\/schema.org","@graph":[{"@type":"WebPage","@id":"https:\/\/cargomesh.com\/it\/product\/rp010-citroen-3-0-hdi-linea-alta-pressione-numero-di-riferimento-4014ln-kopie\/","url":"https:\/\/cargomesh.com\/it\/product\/rp010-citroen-3-0-hdi-linea-alta-pressione-numero-di-riferimento-4014ln-kopie\/","name":"4014LN Tubo alta pressione Citro\u00ebn 3.0","isPartOf":{"@id":"https:\/\/cargomesh.com\/it\/#website"},"primaryImageOfPage":{"@id":"https:\/\/cargomesh.com\/it\/product\/rp010-citroen-3-0-hdi-linea-alta-pressione-numero-di-riferimento-4014ln-kopie\/#primaryimage"},"image":{"@id":"https:\/\/cargomesh.com\/it\/product\/rp010-citroen-3-0-hdi-linea-alta-pressione-numero-di-riferimento-4014ln-kopie\/#primaryimage"},"thumbnailUrl":"https:\/\/cargomesh.com\/wp-content\/uploads\/2025\/06\/RPGK1-Vergleichsnummer-1351KV-Kuehlwasserschlauch-PSA.png","datePublished":"2025-06-10T17:31:57+00:00","dateModified":"2025-06-10T18:06:51+00:00","description":"Di alta qualit\u00e0 e nuovi per la vostra Citro\u00ebn. Acquistate da noi questo ricambio 4014LN Citro\u00ebn 3.0 tubo alta pressione prodotto da Rarepar.","breadcrumb":{"@id":"https:\/\/cargomesh.com\/it\/product\/rp010-citroen-3-0-hdi-linea-alta-pressione-numero-di-riferimento-4014ln-kopie\/#breadcrumb"},"inLanguage":"it-IT","potentialAction":[{"@type":"ReadAction","target":["https:\/\/cargomesh.com\/it\/product\/rp010-citroen-3-0-hdi-linea-alta-pressione-numero-di-riferimento-4014ln-kopie\/"]}]},{"@type":"ImageObject","inLanguage":"it-IT","@id":"https:\/\/cargomesh.com\/it\/product\/rp010-citroen-3-0-hdi-linea-alta-pressione-numero-di-riferimento-4014ln-kopie\/#primaryimage","url":"https:\/\/cargomesh.com\/wp-content\/uploads\/2025\/06\/RPGK1-Vergleichsnummer-1351KV-Kuehlwasserschlauch-PSA.png","contentUrl":"https:\/\/cargomesh.com\/wp-content\/uploads\/2025\/06\/RPGK1-Vergleichsnummer-1351KV-Kuehlwasserschlauch-PSA.png","width":1920,"height":1440,"caption":"1351.KV Peugeot 407, Peugeot 607, Citroen C5, Citroen C6, Opel"},{"@type":"BreadcrumbList","@id":"https:\/\/cargomesh.com\/it\/product\/rp010-citroen-3-0-hdi-linea-alta-pressione-numero-di-riferimento-4014ln-kopie\/#breadcrumb","itemListElement":[{"@type":"ListItem","position":1,"name":"Startseite","item":"https:\/\/cargomesh.com\/it\/"},{"@type":"ListItem","position":2,"name":"Prodotti","item":"https:\/\/cargomesh.com\/it\/shop\/"},{"@type":"ListItem","position":3,"name":"RP010 Citro\u00ebn 3.0 HDI linea alta pressione numero di riferimento 4014LN (Kopie)"}]},{"@type":"WebSite","@id":"https:\/\/cargomesh.com\/it\/#website","url":"https:\/\/cargomesh.com\/it\/","name":"CARGOMESH","description":"Ersatzteile","publisher":{"@id":"https:\/\/cargomesh.com\/it\/#organization"},"potentialAction":[{"@type":"SearchAction","target":{"@type":"EntryPoint","urlTemplate":"https:\/\/cargomesh.com\/it\/?s={search_term_string}"},"query-input":{"@type":"PropertyValueSpecification","valueRequired":true,"valueName":"search_term_string"}}],"inLanguage":"it-IT"},{"@type":"Organization","@id":"https:\/\/cargomesh.com\/it\/#organization","name":"CARGOMESH GMBH","url":"https:\/\/cargomesh.com\/it\/","logo":{"@type":"ImageObject","inLanguage":"it-IT","@id":"https:\/\/cargomesh.com\/it\/#\/schema\/logo\/image\/","url":"https:\/\/cargomesh.com\/wp-content\/uploads\/2020\/08\/logo.jpg","contentUrl":"https:\/\/cargomesh.com\/wp-content\/uploads\/2020\/08\/logo.jpg","width":722,"height":283,"caption":"CARGOMESH GMBH"},"image":{"@id":"https:\/\/cargomesh.com\/it\/#\/schema\/logo\/image\/"},"sameAs":["https:\/\/www.facebook.com\/CARGOPFERD","https:\/\/www.instagram.com\/cargomesh\/"],"hasMerchantReturnPolicy":{"@type":"MerchantReturnPolicy","merchantReturnLink":"https:\/\/cargomesh.com\/agb\/"}}]},"product_price_amount":"98.00","product_price_currency":"EUR","og_availability":"instock","product_availability":"instock","product_retailer_item_id":"1351KV","product_condition":"new"},"_links":{"self":[{"href":"https:\/\/cargomesh.com\/it\/wp-json\/wp\/v2\/product\/10593","targetHints":{"allow":["GET"]}}],"collection":[{"href":"https:\/\/cargomesh.com\/it\/wp-json\/wp\/v2\/product"}],"about":[{"href":"https:\/\/cargomesh.com\/it\/wp-json\/wp\/v2\/types\/product"}],"replies":[{"embeddable":true,"href":"https:\/\/cargomesh.com\/it\/wp-json\/wp\/v2\/comments?post=10593"}],"version-history":[{"count":1,"href":"https:\/\/cargomesh.com\/it\/wp-json\/wp\/v2\/product\/10593\/revisions"}],"predecessor-version":[{"id":10649,"href":"https:\/\/cargomesh.com\/it\/wp-json\/wp\/v2\/product\/10593\/revisions\/10649"}],"wp:featuredmedia":[{"embeddable":true,"href":"https:\/\/cargomesh.com\/it\/wp-json\/wp\/v2\/media\/10624"}],"wp:attachment":[{"href":"https:\/\/cargomesh.com\/it\/wp-json\/wp\/v2\/media?parent=10593"}],"wp:term":[{"taxonomy":"product_brand","embeddable":true,"href":"https:\/\/cargomesh.com\/it\/wp-json\/wp\/v2\/product_brand?post=10593"},{"taxonomy":"product_cat","embeddable":true,"href":"https:\/\/cargomesh.com\/it\/wp-json\/wp\/v2\/product_cat?post=10593"},{"taxonomy":"product_tag","embeddable":true,"href":"https:\/\/cargomesh.com\/it\/wp-json\/wp\/v2\/product_tag?post=10593"}],"curies":[{"name":"wp","href":"https:\/\/api.w.org\/{rel}","templated":true}]}}